{"id":528,"date":"2021-10-02T16:17:18","date_gmt":"2021-10-02T14:17:18","guid":{"rendered":"https:\/\/www.limko.be\/climatisation\/warmtepompen\/"},"modified":"2021-10-06T16:18:05","modified_gmt":"2021-10-06T14:18:05","slug":"pompes-a-chaleur","status":"publish","type":"page","link":"https:\/\/www.limko.be\/fr\/climatisation\/pompes-a-chaleur\/","title":{"rendered":"Pompes \u00e0 chaleur: \u00e9conomes, saines et \u00e9cologiques"},"content":{"rendered":"<p><img loading=\"lazy\" decoding=\"async\" class=\"wp-image-417 size-medium alignright\" src=\"https:\/\/www.limko.be\/wp-content\/uploads\/2021\/10\/warmtepompen-300x199.jpg\" alt=\"\" width=\"300\" height=\"199\" srcset=\"https:\/\/www.limko.be\/wp-content\/uploads\/2021\/10\/warmtepompen-300x199.jpg 300w, https:\/\/www.limko.be\/wp-content\/uploads\/2021\/10\/warmtepompen.jpg 425w\" sizes=\"auto, (max-width: 300px) 100vw, 300px\" \/><\/p>\n<p>Une pompe \u00e0 chaleur fonctionne comme une installation frigorifique mais dans le sens inverse. Vous ne produisez plus de chaleur par la combustion de combustibles fossiles mais vous l\u2019extrayez du sol, de l\u2019air ou de l\u2019eau.<\/p>\n<h2>Service, offre et marques<\/h2>\n<p>Ensemble, nous parcourons toutes les possibilit\u00e9s et faisons le choix qui convient le mieux \u00e0 votre projet. Les combinaisons possibles sont air-air \/ air-eau \/ sol-eau. Nous travaillons entre autre avec des marques de pompes \u00e0 chaleur reconnues telles que General, Panasonic et Dimplex.<\/p>\n<p class=\"cta\">Conseil gratuit ou offre sur mesure au 02\/395 85 00 ou via\u00a0<span id=\"cloakf475210227456a9027cabfa0fe425ce2\"><a href=\"mailto:info@limko.be\">info@limko.be<\/a><\/span><\/p>\n<h2>Avantages<\/h2>\n<h3>ECONOMIQUE<\/h3>\n<p>La consommation \u00e9nerg\u00e9tique d\u2019une pompe \u00e0 chaleur est consid\u00e9rablement plus basse que celle d\u2019une chaudi\u00e8re \u00e0 gaz ou \u00e0 mazout. Votre pompe \u00e0 chaleur fonctionne \u00e0 l\u2019\u00e9lectricit\u00e9, ce qui rend les combustibles fossiles superflus.<\/p>\n<h3>RECHAUFFER ET REFROIDIR<\/h3>\n<p>Vous pouvez opter pour un syst\u00e8me avec lequel vous pouvez r\u00e9chauffer ou refroidir par une seule pression sur le bouton. Ainsi, vous b\u00e9n\u00e9ficierez \u00e0 tout moment d\u2019une agr\u00e9able temp\u00e9rature int\u00e9rieure. Ce syst\u00e8me convient, par exemple, \u00e0 la v\u00e9randa o\u00f9 il fait souvent trop froid en hiver &amp; trop chaud en \u00e9t\u00e9.<\/p>\n<h3>CONFORT<\/h3>\n<p>Une pompe \u00e0 chaleur procure une dispersion de chaleur rapide et optimale. En combinaison avec du chauffage par le sol, vous aurez un niveau de confort tr\u00e8s \u00e9lev\u00e9.<\/p>\n<h3>ECOLOGIQUE &amp; SAIN<\/h3>\n<p>Une pompe \u00e0 chaleur expulse beaucoup moins de CO2 que les syst\u00e8mes de chauffage traditionnels. Le CO2 engendre du gaz contribuant \u00e0 l\u2019effet de serre et est l\u2019une des causes des changements climatiques. En plus, lors de la combustion de mazout et de gaz, des compos\u00e9s de suie, de souffre et d\u2019azote sont aussi propuls\u00e9s dans l\u2019air.<\/p>\n<p>Les pompes \u00e0 chaleur sont \u00e9cologiques sur tous les plans et donc plus saines pour cette g\u00e9n\u00e9ration et celles \u00e0 venir.<\/p>\n<h3>REGLAGE DE TEMP\u00c9RATURE SEPARE PAR PIECE<\/h3>\n<p><img loading=\"lazy\" decoding=\"async\" class=\"size-medium wp-image-401 alignright\" src=\"https:\/\/www.limko.be\/wp-content\/uploads\/2021\/10\/stock-photo-7330106-bedroom-300x199.jpg\" alt=\"\" width=\"300\" height=\"199\" srcset=\"https:\/\/www.limko.be\/wp-content\/uploads\/2021\/10\/stock-photo-7330106-bedroom-300x199.jpg 300w, https:\/\/www.limko.be\/wp-content\/uploads\/2021\/10\/stock-photo-7330106-bedroom.jpg 380w\" sizes=\"auto, (max-width: 300px) 100vw, 300px\" \/>Vous pouvez opter pour un syst\u00e8me avec un r\u00e9gulateur de la temp\u00e9rature extr\u00eamement pr\u00e9cis qui garde la temp\u00e9rature constante. Avec des syst\u00e8mes multi-split, vous commandez, \u00e0 partir d\u2019un point central et par le biais d\u2019une commande \u00e0 distance ou une commande murale, plusieurs appareils d\u2019int\u00e9rieur, par chambre ou par groupe. Nos syst\u00e8mes sont \u00e9galement adapt\u00e9s \u00e0 la domotique.<\/p>\n<h3>FONCTIONNEMENT SILENCIEUX<\/h3>\n<p>Tant les appareils int\u00e9rieurs qu\u2019ext\u00e9rieurs sont quasi insonores. Des compresseurs ne tournent jamais plus vite que n\u00e9cessaire et des ventilateurs innovateurs procurent une \u00e9mission d\u2019air presque silencieuse.<\/p>\n<h3>ESTHETIQUE SANS INTERVENTIONS DRASTIQUES<\/h3>\n<p>Nous vous proposons une large gamme de produits de design contemporains. L\u2019installation n\u2019exige que peu de travaux de d\u00e9coupe et de d\u00e9molition et est donc id\u00e9ale pour des travaux de transformations et de r\u00e9novations.<\/p>\n<p>Les unit\u00e9s ext\u00e9rieures sont compactes. Une chaufferie ou une chemin\u00e9e \u00e0 part n\u2019est pas n\u00e9cessaire. L\u2019installation est donc discr\u00e8te.<\/p>\n<h2>Possibilit\u00e9s de combinaison<\/h2>\n<p>Il est possible de combiner les syst\u00e8mes de pompes \u00e0 chaleur avec de l\u2019eau chaude sanitaire, du chauffage par le sol, des chauffe-eau solaires, des convecteurs et des radiateurs basse temp\u00e9rature.<\/p>\n<p class=\"cta\">Conseil gratuit ou offre sur mesure au 02\/395 85 00 ou via\u00a0<a href=\"mailto:info@limko.be\">info@limko.be<\/a><\/p>\n","protected":false},"excerpt":{"rendered":"<p>Une pompe \u00e0 chaleur fonctionne comme une installation frigorifique mais dans le sens inverse. Vous ne produisez plus de chaleur par la combustion&#8230;<\/p>\n","protected":false},"author":1,"featured_media":0,"parent":512,"menu_order":0,"comment_status":"closed","ping_status":"closed","template":"","meta":{"_acf_changed":false,"inline_featured_image":false,"footnotes":""},"class_list":["post-528","page","type-page","status-publish","hentry"],"acf":[],"yoast_head":"<!-- This site is optimized with the Yoast SEO plugin v27.0 - https:\/\/yoast.com\/product\/yoast-seo-wordpress\/ -->\n<title>Warmtepompen<\/title>\n<meta name=\"robots\" content=\"index, follow, max-snippet:-1, max-image-preview:large, max-video-preview:-1\" \/>\n<link rel=\"canonical\" href=\"https:\/\/www.limko.be\/fr\/climatisation\/pompes-a-chaleur\/\" \/>\n<meta property=\"og:locale\" content=\"fr_FR\" \/>\n<meta property=\"og:type\" content=\"article\" \/>\n<meta property=\"og:title\" content=\"Warmtepompen\" \/>\n<meta property=\"og:description\" content=\"Une pompe \u00e0 chaleur fonctionne comme une installation frigorifique mais dans le sens inverse. Vous ne produisez plus de chaleur par la combustion...\" \/>\n<meta property=\"og:url\" content=\"https:\/\/www.limko.be\/fr\/climatisation\/pompes-a-chaleur\/\" \/>\n<meta property=\"og:site_name\" content=\"Limko.be\" \/>\n<meta property=\"article:publisher\" content=\"https:\/\/www.facebook.com\/limkoNV\" \/>\n<meta property=\"article:modified_time\" content=\"2021-10-06T14:18:05+00:00\" \/>\n<meta property=\"og:image\" content=\"https:\/\/www.limko.be\/wp-content\/uploads\/2021\/10\/warmtepompen-300x199.jpg\" \/>\n<meta name=\"twitter:card\" content=\"summary_large_image\" \/>\n<meta name=\"twitter:label1\" content=\"Dur\u00e9e de lecture estim\u00e9e\" \/>\n\t<meta name=\"twitter:data1\" content=\"3 minutes\" \/>\n<script type=\"application\/ld+json\" class=\"yoast-schema-graph\">{\"@context\":\"https:\/\/schema.org\",\"@graph\":[{\"@type\":\"WebPage\",\"@id\":\"https:\/\/www.limko.be\/fr\/climatisation\/pompes-a-chaleur\/\",\"url\":\"https:\/\/www.limko.be\/fr\/climatisation\/pompes-a-chaleur\/\",\"name\":\"Warmtepompen\",\"isPartOf\":{\"@id\":\"https:\/\/www.limko.be\/fr\/#website\"},\"primaryImageOfPage\":{\"@id\":\"https:\/\/www.limko.be\/fr\/climatisation\/pompes-a-chaleur\/#primaryimage\"},\"image\":{\"@id\":\"https:\/\/www.limko.be\/fr\/climatisation\/pompes-a-chaleur\/#primaryimage\"},\"thumbnailUrl\":\"https:\/\/www.limko.be\/wp-content\/uploads\/2021\/10\/warmtepompen-300x199.jpg\",\"datePublished\":\"2021-10-02T14:17:18+00:00\",\"dateModified\":\"2021-10-06T14:18:05+00:00\",\"breadcrumb\":{\"@id\":\"https:\/\/www.limko.be\/fr\/climatisation\/pompes-a-chaleur\/#breadcrumb\"},\"inLanguage\":\"fr-FR\",\"potentialAction\":[{\"@type\":\"ReadAction\",\"target\":[\"https:\/\/www.limko.be\/fr\/climatisation\/pompes-a-chaleur\/\"]}]},{\"@type\":\"ImageObject\",\"inLanguage\":\"fr-FR\",\"@id\":\"https:\/\/www.limko.be\/fr\/climatisation\/pompes-a-chaleur\/#primaryimage\",\"url\":\"https:\/\/www.limko.be\/wp-content\/uploads\/2021\/10\/warmtepompen-300x199.jpg\",\"contentUrl\":\"https:\/\/www.limko.be\/wp-content\/uploads\/2021\/10\/warmtepompen-300x199.jpg\"},{\"@type\":\"BreadcrumbList\",\"@id\":\"https:\/\/www.limko.be\/fr\/climatisation\/pompes-a-chaleur\/#breadcrumb\",\"itemListElement\":[{\"@type\":\"ListItem\",\"position\":1,\"name\":\"Home\",\"item\":\"https:\/\/www.limko.be\/fr\/\"},{\"@type\":\"ListItem\",\"position\":2,\"name\":\"Climatisation\",\"item\":\"https:\/\/www.limko.be\/fr\/climatisation\/\"},{\"@type\":\"ListItem\",\"position\":3,\"name\":\"Pompes \u00e0 chaleur: \u00e9conomes, saines et \u00e9cologiques\"}]},{\"@type\":\"WebSite\",\"@id\":\"https:\/\/www.limko.be\/fr\/#website\",\"url\":\"https:\/\/www.limko.be\/fr\/\",\"name\":\"Limko.be\",\"description\":\"Limko.be: klimatisatie, koeling en zuivelmachines\",\"publisher\":{\"@id\":\"https:\/\/www.limko.be\/fr\/#organization\"},\"potentialAction\":[{\"@type\":\"SearchAction\",\"target\":{\"@type\":\"EntryPoint\",\"urlTemplate\":\"https:\/\/www.limko.be\/fr\/?s={search_term_string}\"},\"query-input\":{\"@type\":\"PropertyValueSpecification\",\"valueRequired\":true,\"valueName\":\"search_term_string\"}}],\"inLanguage\":\"fr-FR\"},{\"@type\":\"Organization\",\"@id\":\"https:\/\/www.limko.be\/fr\/#organization\",\"name\":\"Limko NV\",\"url\":\"https:\/\/www.limko.be\/fr\/\",\"logo\":{\"@type\":\"ImageObject\",\"inLanguage\":\"fr-FR\",\"@id\":\"https:\/\/www.limko.be\/fr\/#\/schema\/logo\/image\/\",\"url\":\"https:\/\/www.limko.be\/wp-content\/uploads\/2021\/10\/limko.png\",\"contentUrl\":\"https:\/\/www.limko.be\/wp-content\/uploads\/2021\/10\/limko.png\",\"width\":200,\"height\":200,\"caption\":\"Limko NV\"},\"image\":{\"@id\":\"https:\/\/www.limko.be\/fr\/#\/schema\/logo\/image\/\"},\"sameAs\":[\"https:\/\/www.facebook.com\/limkoNV\"]}]}<\/script>\n<!-- \/ Yoast SEO plugin. -->","yoast_head_json":{"title":"Warmtepompen","robots":{"index":"index","follow":"follow","max-snippet":"max-snippet:-1","max-image-preview":"max-image-preview:large","max-video-preview":"max-video-preview:-1"},"canonical":"https:\/\/www.limko.be\/fr\/climatisation\/pompes-a-chaleur\/","og_locale":"fr_FR","og_type":"article","og_title":"Warmtepompen","og_description":"Une pompe \u00e0 chaleur fonctionne comme une installation frigorifique mais dans le sens inverse. Vous ne produisez plus de chaleur par la combustion...","og_url":"https:\/\/www.limko.be\/fr\/climatisation\/pompes-a-chaleur\/","og_site_name":"Limko.be","article_publisher":"https:\/\/www.facebook.com\/limkoNV","article_modified_time":"2021-10-06T14:18:05+00:00","og_image":[{"url":"https:\/\/www.limko.be\/wp-content\/uploads\/2021\/10\/warmtepompen-300x199.jpg","type":"","width":"","height":""}],"twitter_card":"summary_large_image","twitter_misc":{"Dur\u00e9e de lecture estim\u00e9e":"3 minutes"},"schema":{"@context":"https:\/\/schema.org","@graph":[{"@type":"WebPage","@id":"https:\/\/www.limko.be\/fr\/climatisation\/pompes-a-chaleur\/","url":"https:\/\/www.limko.be\/fr\/climatisation\/pompes-a-chaleur\/","name":"Warmtepompen","isPartOf":{"@id":"https:\/\/www.limko.be\/fr\/#website"},"primaryImageOfPage":{"@id":"https:\/\/www.limko.be\/fr\/climatisation\/pompes-a-chaleur\/#primaryimage"},"image":{"@id":"https:\/\/www.limko.be\/fr\/climatisation\/pompes-a-chaleur\/#primaryimage"},"thumbnailUrl":"https:\/\/www.limko.be\/wp-content\/uploads\/2021\/10\/warmtepompen-300x199.jpg","datePublished":"2021-10-02T14:17:18+00:00","dateModified":"2021-10-06T14:18:05+00:00","breadcrumb":{"@id":"https:\/\/www.limko.be\/fr\/climatisation\/pompes-a-chaleur\/#breadcrumb"},"inLanguage":"fr-FR","potentialAction":[{"@type":"ReadAction","target":["https:\/\/www.limko.be\/fr\/climatisation\/pompes-a-chaleur\/"]}]},{"@type":"ImageObject","inLanguage":"fr-FR","@id":"https:\/\/www.limko.be\/fr\/climatisation\/pompes-a-chaleur\/#primaryimage","url":"https:\/\/www.limko.be\/wp-content\/uploads\/2021\/10\/warmtepompen-300x199.jpg","contentUrl":"https:\/\/www.limko.be\/wp-content\/uploads\/2021\/10\/warmtepompen-300x199.jpg"},{"@type":"BreadcrumbList","@id":"https:\/\/www.limko.be\/fr\/climatisation\/pompes-a-chaleur\/#breadcrumb","itemListElement":[{"@type":"ListItem","position":1,"name":"Home","item":"https:\/\/www.limko.be\/fr\/"},{"@type":"ListItem","position":2,"name":"Climatisation","item":"https:\/\/www.limko.be\/fr\/climatisation\/"},{"@type":"ListItem","position":3,"name":"Pompes \u00e0 chaleur: \u00e9conomes, saines et \u00e9cologiques"}]},{"@type":"WebSite","@id":"https:\/\/www.limko.be\/fr\/#website","url":"https:\/\/www.limko.be\/fr\/","name":"Limko.be","description":"Limko.be: klimatisatie, koeling en zuivelmachines","publisher":{"@id":"https:\/\/www.limko.be\/fr\/#organization"},"potentialAction":[{"@type":"SearchAction","target":{"@type":"EntryPoint","urlTemplate":"https:\/\/www.limko.be\/fr\/?s={search_term_string}"},"query-input":{"@type":"PropertyValueSpecification","valueRequired":true,"valueName":"search_term_string"}}],"inLanguage":"fr-FR"},{"@type":"Organization","@id":"https:\/\/www.limko.be\/fr\/#organization","name":"Limko NV","url":"https:\/\/www.limko.be\/fr\/","logo":{"@type":"ImageObject","inLanguage":"fr-FR","@id":"https:\/\/www.limko.be\/fr\/#\/schema\/logo\/image\/","url":"https:\/\/www.limko.be\/wp-content\/uploads\/2021\/10\/limko.png","contentUrl":"https:\/\/www.limko.be\/wp-content\/uploads\/2021\/10\/limko.png","width":200,"height":200,"caption":"Limko NV"},"image":{"@id":"https:\/\/www.limko.be\/fr\/#\/schema\/logo\/image\/"},"sameAs":["https:\/\/www.facebook.com\/limkoNV"]}]}},"_links":{"self":[{"href":"https:\/\/www.limko.be\/fr\/wp-json\/wp\/v2\/pages\/528","targetHints":{"allow":["GET"]}}],"collection":[{"href":"https:\/\/www.limko.be\/fr\/wp-json\/wp\/v2\/pages"}],"about":[{"href":"https:\/\/www.limko.be\/fr\/wp-json\/wp\/v2\/types\/page"}],"author":[{"embeddable":true,"href":"https:\/\/www.limko.be\/fr\/wp-json\/wp\/v2\/users\/1"}],"replies":[{"embeddable":true,"href":"https:\/\/www.limko.be\/fr\/wp-json\/wp\/v2\/comments?post=528"}],"version-history":[{"count":0,"href":"https:\/\/www.limko.be\/fr\/wp-json\/wp\/v2\/pages\/528\/revisions"}],"up":[{"embeddable":true,"href":"https:\/\/www.limko.be\/fr\/wp-json\/wp\/v2\/pages\/512"}],"wp:attachment":[{"href":"https:\/\/www.limko.be\/fr\/wp-json\/wp\/v2\/media?parent=528"}],"curies":[{"name":"wp","href":"https:\/\/api.w.org\/{rel}","templated":true}]}}