{"id":539,"date":"2021-10-02T16:18:42","date_gmt":"2021-10-02T14:18:42","guid":{"rendered":"https:\/\/www.limko.be\/refroidissement\/koelwatercentrales\/"},"modified":"2021-10-06T11:38:47","modified_gmt":"2021-10-06T09:38:47","slug":"centrales-a-eau-froide","status":"publish","type":"page","link":"https:\/\/www.limko.be\/fr\/refroidissement\/centrales-a-eau-froide\/","title":{"rendered":"Centrales \u00e0 eau froide de Hyfra-Pedia"},"content":{"rendered":"<p><img loading=\"lazy\" decoding=\"async\" class=\"alignnone size-full wp-image-371\" src=\"https:\/\/www.limko.be\/wp-content\/uploads\/2021\/10\/HYFRA_Teaser_Produkt_Portfolio.jpg\" alt=\"\" width=\"1920\" height=\"610\" srcset=\"https:\/\/www.limko.be\/wp-content\/uploads\/2021\/10\/HYFRA_Teaser_Produkt_Portfolio.jpg 1920w, https:\/\/www.limko.be\/wp-content\/uploads\/2021\/10\/HYFRA_Teaser_Produkt_Portfolio-300x95.jpg 300w, https:\/\/www.limko.be\/wp-content\/uploads\/2021\/10\/HYFRA_Teaser_Produkt_Portfolio-1024x325.jpg 1024w, https:\/\/www.limko.be\/wp-content\/uploads\/2021\/10\/HYFRA_Teaser_Produkt_Portfolio-768x244.jpg 768w, https:\/\/www.limko.be\/wp-content\/uploads\/2021\/10\/HYFRA_Teaser_Produkt_Portfolio-1536x488.jpg 1536w\" sizes=\"auto, (max-width: 1920px) 100vw, 1920px\" \/><\/p>\n<p>Les unit\u00e9s de refroidissement de Hyfra-Pedia du type eChilly, Sigma, Gamma et Alpha ont un r\u00e9servoir d\u2019eau isol\u00e9 et une pompe de circulation.<\/p>\n<p>Les types eChilly et Sigma sont les plus ad\u00e9quats pour refroidir des soudeuses, des appareils pour labo ou des lasers par exemple.<\/p>\n<p>Quant au type Sigma-C il est utilis\u00e9 pour refroidir des lasers, des batteurs, des p\u00e9trisseuses, des \u00e9tuveurs, des syst\u00e8mes de d\u00e9coupage au jet d\u2019eau, des bains pour le traitement de surface, \u2026<\/p>\n<p class=\"cta\">Conseil gratuit ou offre sur mesure au 02\/395 85 00 ou via\u00a0<span id=\"cloak0daec6239c39fc67db2e2edc1b31b599\"><a href=\"mailto:info@limko.be\">info@limko.be<\/a><\/span><\/p>\n","protected":false},"excerpt":{"rendered":"<p>Les unit\u00e9s de refroidissement de Hyfra-Pedia du type eChilly, Sigma, Gamma et Alpha ont un r\u00e9servoir d\u2019eau isol\u00e9 et une pompe de circulation&#8230;.<\/p>\n","protected":false},"author":1,"featured_media":0,"parent":534,"menu_order":0,"comment_status":"closed","ping_status":"closed","template":"","meta":{"_acf_changed":false,"inline_featured_image":false,"footnotes":""},"class_list":["post-539","page","type-page","status-publish","hentry"],"acf":[],"yoast_head":"<!-- This site is optimized with the Yoast SEO plugin v27.0 - https:\/\/yoast.com\/product\/yoast-seo-wordpress\/ -->\n<title>Koelwatercentrales<\/title>\n<meta name=\"robots\" content=\"index, follow, max-snippet:-1, max-image-preview:large, max-video-preview:-1\" \/>\n<link rel=\"canonical\" href=\"https:\/\/www.limko.be\/fr\/refroidissement\/centrales-a-eau-froide\/\" \/>\n<meta property=\"og:locale\" content=\"fr_FR\" \/>\n<meta property=\"og:type\" content=\"article\" \/>\n<meta property=\"og:title\" content=\"Koelwatercentrales\" \/>\n<meta property=\"og:description\" content=\"Les unit\u00e9s de refroidissement de Hyfra-Pedia du type eChilly, Sigma, Gamma et Alpha ont un r\u00e9servoir d\u2019eau isol\u00e9 et une pompe de circulation....\" \/>\n<meta property=\"og:url\" content=\"https:\/\/www.limko.be\/fr\/refroidissement\/centrales-a-eau-froide\/\" \/>\n<meta property=\"og:site_name\" content=\"Limko.be\" \/>\n<meta property=\"article:publisher\" content=\"https:\/\/www.facebook.com\/limkoNV\" \/>\n<meta property=\"article:modified_time\" content=\"2021-10-06T09:38:47+00:00\" \/>\n<meta property=\"og:image\" content=\"https:\/\/www.limko.be\/wp-content\/uploads\/2021\/10\/HYFRA_Teaser_Produkt_Portfolio.jpg\" \/>\n<meta name=\"twitter:card\" content=\"summary_large_image\" \/>\n<script type=\"application\/ld+json\" class=\"yoast-schema-graph\">{\"@context\":\"https:\/\/schema.org\",\"@graph\":[{\"@type\":\"WebPage\",\"@id\":\"https:\/\/www.limko.be\/fr\/refroidissement\/centrales-a-eau-froide\/\",\"url\":\"https:\/\/www.limko.be\/fr\/refroidissement\/centrales-a-eau-froide\/\",\"name\":\"Koelwatercentrales\",\"isPartOf\":{\"@id\":\"https:\/\/www.limko.be\/fr\/#website\"},\"primaryImageOfPage\":{\"@id\":\"https:\/\/www.limko.be\/fr\/refroidissement\/centrales-a-eau-froide\/#primaryimage\"},\"image\":{\"@id\":\"https:\/\/www.limko.be\/fr\/refroidissement\/centrales-a-eau-froide\/#primaryimage\"},\"thumbnailUrl\":\"https:\/\/www.limko.be\/wp-content\/uploads\/2021\/10\/HYFRA_Teaser_Produkt_Portfolio.jpg\",\"datePublished\":\"2021-10-02T14:18:42+00:00\",\"dateModified\":\"2021-10-06T09:38:47+00:00\",\"breadcrumb\":{\"@id\":\"https:\/\/www.limko.be\/fr\/refroidissement\/centrales-a-eau-froide\/#breadcrumb\"},\"inLanguage\":\"fr-FR\",\"potentialAction\":[{\"@type\":\"ReadAction\",\"target\":[\"https:\/\/www.limko.be\/fr\/refroidissement\/centrales-a-eau-froide\/\"]}]},{\"@type\":\"ImageObject\",\"inLanguage\":\"fr-FR\",\"@id\":\"https:\/\/www.limko.be\/fr\/refroidissement\/centrales-a-eau-froide\/#primaryimage\",\"url\":\"https:\/\/www.limko.be\/wp-content\/uploads\/2021\/10\/HYFRA_Teaser_Produkt_Portfolio.jpg\",\"contentUrl\":\"https:\/\/www.limko.be\/wp-content\/uploads\/2021\/10\/HYFRA_Teaser_Produkt_Portfolio.jpg\"},{\"@type\":\"BreadcrumbList\",\"@id\":\"https:\/\/www.limko.be\/fr\/refroidissement\/centrales-a-eau-froide\/#breadcrumb\",\"itemListElement\":[{\"@type\":\"ListItem\",\"position\":1,\"name\":\"Home\",\"item\":\"https:\/\/www.limko.be\/fr\/\"},{\"@type\":\"ListItem\",\"position\":2,\"name\":\"Refroidissement\",\"item\":\"https:\/\/www.limko.be\/fr\/refroidissement\/\"},{\"@type\":\"ListItem\",\"position\":3,\"name\":\"Centrales \u00e0 eau froide de Hyfra-Pedia\"}]},{\"@type\":\"WebSite\",\"@id\":\"https:\/\/www.limko.be\/fr\/#website\",\"url\":\"https:\/\/www.limko.be\/fr\/\",\"name\":\"Limko.be\",\"description\":\"Limko.be: klimatisatie, koeling en zuivelmachines\",\"publisher\":{\"@id\":\"https:\/\/www.limko.be\/fr\/#organization\"},\"potentialAction\":[{\"@type\":\"SearchAction\",\"target\":{\"@type\":\"EntryPoint\",\"urlTemplate\":\"https:\/\/www.limko.be\/fr\/?s={search_term_string}\"},\"query-input\":{\"@type\":\"PropertyValueSpecification\",\"valueRequired\":true,\"valueName\":\"search_term_string\"}}],\"inLanguage\":\"fr-FR\"},{\"@type\":\"Organization\",\"@id\":\"https:\/\/www.limko.be\/fr\/#organization\",\"name\":\"Limko NV\",\"url\":\"https:\/\/www.limko.be\/fr\/\",\"logo\":{\"@type\":\"ImageObject\",\"inLanguage\":\"fr-FR\",\"@id\":\"https:\/\/www.limko.be\/fr\/#\/schema\/logo\/image\/\",\"url\":\"https:\/\/www.limko.be\/wp-content\/uploads\/2021\/10\/limko.png\",\"contentUrl\":\"https:\/\/www.limko.be\/wp-content\/uploads\/2021\/10\/limko.png\",\"width\":200,\"height\":200,\"caption\":\"Limko NV\"},\"image\":{\"@id\":\"https:\/\/www.limko.be\/fr\/#\/schema\/logo\/image\/\"},\"sameAs\":[\"https:\/\/www.facebook.com\/limkoNV\"]}]}<\/script>\n<!-- \/ Yoast SEO plugin. -->","yoast_head_json":{"title":"Koelwatercentrales","robots":{"index":"index","follow":"follow","max-snippet":"max-snippet:-1","max-image-preview":"max-image-preview:large","max-video-preview":"max-video-preview:-1"},"canonical":"https:\/\/www.limko.be\/fr\/refroidissement\/centrales-a-eau-froide\/","og_locale":"fr_FR","og_type":"article","og_title":"Koelwatercentrales","og_description":"Les unit\u00e9s de refroidissement de Hyfra-Pedia du type eChilly, Sigma, Gamma et Alpha ont un r\u00e9servoir d\u2019eau isol\u00e9 et une pompe de circulation....","og_url":"https:\/\/www.limko.be\/fr\/refroidissement\/centrales-a-eau-froide\/","og_site_name":"Limko.be","article_publisher":"https:\/\/www.facebook.com\/limkoNV","article_modified_time":"2021-10-06T09:38:47+00:00","og_image":[{"url":"https:\/\/www.limko.be\/wp-content\/uploads\/2021\/10\/HYFRA_Teaser_Produkt_Portfolio.jpg","type":"","width":"","height":""}],"twitter_card":"summary_large_image","schema":{"@context":"https:\/\/schema.org","@graph":[{"@type":"WebPage","@id":"https:\/\/www.limko.be\/fr\/refroidissement\/centrales-a-eau-froide\/","url":"https:\/\/www.limko.be\/fr\/refroidissement\/centrales-a-eau-froide\/","name":"Koelwatercentrales","isPartOf":{"@id":"https:\/\/www.limko.be\/fr\/#website"},"primaryImageOfPage":{"@id":"https:\/\/www.limko.be\/fr\/refroidissement\/centrales-a-eau-froide\/#primaryimage"},"image":{"@id":"https:\/\/www.limko.be\/fr\/refroidissement\/centrales-a-eau-froide\/#primaryimage"},"thumbnailUrl":"https:\/\/www.limko.be\/wp-content\/uploads\/2021\/10\/HYFRA_Teaser_Produkt_Portfolio.jpg","datePublished":"2021-10-02T14:18:42+00:00","dateModified":"2021-10-06T09:38:47+00:00","breadcrumb":{"@id":"https:\/\/www.limko.be\/fr\/refroidissement\/centrales-a-eau-froide\/#breadcrumb"},"inLanguage":"fr-FR","potentialAction":[{"@type":"ReadAction","target":["https:\/\/www.limko.be\/fr\/refroidissement\/centrales-a-eau-froide\/"]}]},{"@type":"ImageObject","inLanguage":"fr-FR","@id":"https:\/\/www.limko.be\/fr\/refroidissement\/centrales-a-eau-froide\/#primaryimage","url":"https:\/\/www.limko.be\/wp-content\/uploads\/2021\/10\/HYFRA_Teaser_Produkt_Portfolio.jpg","contentUrl":"https:\/\/www.limko.be\/wp-content\/uploads\/2021\/10\/HYFRA_Teaser_Produkt_Portfolio.jpg"},{"@type":"BreadcrumbList","@id":"https:\/\/www.limko.be\/fr\/refroidissement\/centrales-a-eau-froide\/#breadcrumb","itemListElement":[{"@type":"ListItem","position":1,"name":"Home","item":"https:\/\/www.limko.be\/fr\/"},{"@type":"ListItem","position":2,"name":"Refroidissement","item":"https:\/\/www.limko.be\/fr\/refroidissement\/"},{"@type":"ListItem","position":3,"name":"Centrales \u00e0 eau froide de Hyfra-Pedia"}]},{"@type":"WebSite","@id":"https:\/\/www.limko.be\/fr\/#website","url":"https:\/\/www.limko.be\/fr\/","name":"Limko.be","description":"Limko.be: klimatisatie, koeling en zuivelmachines","publisher":{"@id":"https:\/\/www.limko.be\/fr\/#organization"},"potentialAction":[{"@type":"SearchAction","target":{"@type":"EntryPoint","urlTemplate":"https:\/\/www.limko.be\/fr\/?s={search_term_string}"},"query-input":{"@type":"PropertyValueSpecification","valueRequired":true,"valueName":"search_term_string"}}],"inLanguage":"fr-FR"},{"@type":"Organization","@id":"https:\/\/www.limko.be\/fr\/#organization","name":"Limko NV","url":"https:\/\/www.limko.be\/fr\/","logo":{"@type":"ImageObject","inLanguage":"fr-FR","@id":"https:\/\/www.limko.be\/fr\/#\/schema\/logo\/image\/","url":"https:\/\/www.limko.be\/wp-content\/uploads\/2021\/10\/limko.png","contentUrl":"https:\/\/www.limko.be\/wp-content\/uploads\/2021\/10\/limko.png","width":200,"height":200,"caption":"Limko NV"},"image":{"@id":"https:\/\/www.limko.be\/fr\/#\/schema\/logo\/image\/"},"sameAs":["https:\/\/www.facebook.com\/limkoNV"]}]}},"_links":{"self":[{"href":"https:\/\/www.limko.be\/fr\/wp-json\/wp\/v2\/pages\/539","targetHints":{"allow":["GET"]}}],"collection":[{"href":"https:\/\/www.limko.be\/fr\/wp-json\/wp\/v2\/pages"}],"about":[{"href":"https:\/\/www.limko.be\/fr\/wp-json\/wp\/v2\/types\/page"}],"author":[{"embeddable":true,"href":"https:\/\/www.limko.be\/fr\/wp-json\/wp\/v2\/users\/1"}],"replies":[{"embeddable":true,"href":"https:\/\/www.limko.be\/fr\/wp-json\/wp\/v2\/comments?post=539"}],"version-history":[{"count":0,"href":"https:\/\/www.limko.be\/fr\/wp-json\/wp\/v2\/pages\/539\/revisions"}],"up":[{"embeddable":true,"href":"https:\/\/www.limko.be\/fr\/wp-json\/wp\/v2\/pages\/534"}],"wp:attachment":[{"href":"https:\/\/www.limko.be\/fr\/wp-json\/wp\/v2\/media?parent=539"}],"curies":[{"name":"wp","href":"https:\/\/api.w.org\/{rel}","templated":true}]}}