{"id":544,"date":"2021-10-02T16:18:56","date_gmt":"2021-10-02T14:18:56","guid":{"rendered":"https:\/\/www.limko.be\/refroidissement\/ijswaterkoelers\/"},"modified":"2021-10-06T14:06:43","modified_gmt":"2021-10-06T12:06:43","slug":"refroidisseurs-deau-glacee","status":"publish","type":"page","link":"https:\/\/www.limko.be\/fr\/refroidissement\/refroidisseurs-deau-glacee\/","title":{"rendered":"Les refroidisseurs d\u2019eau glac\u00e9e de Sorema pour boulangeries et pour l\u2019industrie alimentaire"},"content":{"rendered":"<p><img loading=\"lazy\" decoding=\"async\" class=\"size-full wp-image-373 alignright\" src=\"https:\/\/www.limko.be\/wp-content\/uploads\/2021\/10\/ijswaterkoelers.jpg\" alt=\"\" width=\"310\" height=\"210\" srcset=\"https:\/\/www.limko.be\/wp-content\/uploads\/2021\/10\/ijswaterkoelers.jpg 310w, https:\/\/www.limko.be\/wp-content\/uploads\/2021\/10\/ijswaterkoelers-300x203.jpg 300w\" sizes=\"auto, (max-width: 310px) 100vw, 310px\" \/><\/p>\n<p>Ces refroidisseurs d\u2019eau glac\u00e9e de Sorema sont principalement utilis\u00e9s dans des boulangeries pour les p\u00e9trissages. Sorema con\u00e7oit aussi une gamme de bacs d\u2019ea glac\u00e9e avec accumulation de glace pour des refroidissements de marmites de cuisson, de m\u00e9langeurs double enveloppe, d\u2019autoclaves ou pour d\u2019autres process.<\/p>\n<p class=\"cta\">Conseil gratuit ou offre sur mesure au 02\/395 85 00 ou via\u00a0<a href=\"mailto:info@limko.be\">info@limko.be<\/a><\/p>\n<p class=\"cta\">\n","protected":false},"excerpt":{"rendered":"<p>Ces refroidisseurs d\u2019eau glac\u00e9e de Sorema sont principalement utilis\u00e9s dans des boulangeries pour les p\u00e9trissages. Sorema con\u00e7oit aussi une gamme de bacs d\u2019ea&#8230;<\/p>\n","protected":false},"author":1,"featured_media":0,"parent":534,"menu_order":0,"comment_status":"closed","ping_status":"closed","template":"","meta":{"_acf_changed":false,"inline_featured_image":false,"footnotes":""},"class_list":["post-544","page","type-page","status-publish","hentry"],"acf":[],"yoast_head":"<!-- This site is optimized with the Yoast SEO plugin v27.0 - https:\/\/yoast.com\/product\/yoast-seo-wordpress\/ -->\n<title>Ijswaterkoelers<\/title>\n<meta name=\"robots\" content=\"index, follow, max-snippet:-1, max-image-preview:large, max-video-preview:-1\" \/>\n<link rel=\"canonical\" href=\"https:\/\/www.limko.be\/fr\/refroidissement\/refroidisseurs-deau-glacee\/\" \/>\n<meta property=\"og:locale\" content=\"fr_FR\" \/>\n<meta property=\"og:type\" content=\"article\" \/>\n<meta property=\"og:title\" content=\"Ijswaterkoelers\" \/>\n<meta property=\"og:description\" content=\"Ces refroidisseurs d\u2019eau glac\u00e9e de Sorema sont principalement utilis\u00e9s dans des boulangeries pour les p\u00e9trissages. Sorema con\u00e7oit aussi une gamme de bacs d\u2019ea...\" \/>\n<meta property=\"og:url\" content=\"https:\/\/www.limko.be\/fr\/refroidissement\/refroidisseurs-deau-glacee\/\" \/>\n<meta property=\"og:site_name\" content=\"Limko.be\" \/>\n<meta property=\"article:publisher\" content=\"https:\/\/www.facebook.com\/limkoNV\" \/>\n<meta property=\"article:modified_time\" content=\"2021-10-06T12:06:43+00:00\" \/>\n<meta property=\"og:image\" content=\"https:\/\/www.limko.be\/wp-content\/uploads\/2021\/10\/ijswaterkoelers.jpg\" \/>\n<meta name=\"twitter:card\" content=\"summary_large_image\" \/>\n<meta name=\"twitter:label1\" content=\"Dur\u00e9e de lecture estim\u00e9e\" \/>\n\t<meta name=\"twitter:data1\" content=\"1 minute\" \/>\n<script type=\"application\/ld+json\" class=\"yoast-schema-graph\">{\"@context\":\"https:\/\/schema.org\",\"@graph\":[{\"@type\":\"WebPage\",\"@id\":\"https:\/\/www.limko.be\/fr\/refroidissement\/refroidisseurs-deau-glacee\/\",\"url\":\"https:\/\/www.limko.be\/fr\/refroidissement\/refroidisseurs-deau-glacee\/\",\"name\":\"Ijswaterkoelers\",\"isPartOf\":{\"@id\":\"https:\/\/www.limko.be\/fr\/#website\"},\"primaryImageOfPage\":{\"@id\":\"https:\/\/www.limko.be\/fr\/refroidissement\/refroidisseurs-deau-glacee\/#primaryimage\"},\"image\":{\"@id\":\"https:\/\/www.limko.be\/fr\/refroidissement\/refroidisseurs-deau-glacee\/#primaryimage\"},\"thumbnailUrl\":\"https:\/\/www.limko.be\/wp-content\/uploads\/2021\/10\/ijswaterkoelers.jpg\",\"datePublished\":\"2021-10-02T14:18:56+00:00\",\"dateModified\":\"2021-10-06T12:06:43+00:00\",\"breadcrumb\":{\"@id\":\"https:\/\/www.limko.be\/fr\/refroidissement\/refroidisseurs-deau-glacee\/#breadcrumb\"},\"inLanguage\":\"fr-FR\",\"potentialAction\":[{\"@type\":\"ReadAction\",\"target\":[\"https:\/\/www.limko.be\/fr\/refroidissement\/refroidisseurs-deau-glacee\/\"]}]},{\"@type\":\"ImageObject\",\"inLanguage\":\"fr-FR\",\"@id\":\"https:\/\/www.limko.be\/fr\/refroidissement\/refroidisseurs-deau-glacee\/#primaryimage\",\"url\":\"https:\/\/www.limko.be\/wp-content\/uploads\/2021\/10\/ijswaterkoelers.jpg\",\"contentUrl\":\"https:\/\/www.limko.be\/wp-content\/uploads\/2021\/10\/ijswaterkoelers.jpg\"},{\"@type\":\"BreadcrumbList\",\"@id\":\"https:\/\/www.limko.be\/fr\/refroidissement\/refroidisseurs-deau-glacee\/#breadcrumb\",\"itemListElement\":[{\"@type\":\"ListItem\",\"position\":1,\"name\":\"Home\",\"item\":\"https:\/\/www.limko.be\/fr\/\"},{\"@type\":\"ListItem\",\"position\":2,\"name\":\"Refroidissement\",\"item\":\"https:\/\/www.limko.be\/fr\/refroidissement\/\"},{\"@type\":\"ListItem\",\"position\":3,\"name\":\"Les refroidisseurs d\u2019eau glac\u00e9e de Sorema pour boulangeries et pour l\u2019industrie alimentaire\"}]},{\"@type\":\"WebSite\",\"@id\":\"https:\/\/www.limko.be\/fr\/#website\",\"url\":\"https:\/\/www.limko.be\/fr\/\",\"name\":\"Limko.be\",\"description\":\"Limko.be: klimatisatie, koeling en zuivelmachines\",\"publisher\":{\"@id\":\"https:\/\/www.limko.be\/fr\/#organization\"},\"potentialAction\":[{\"@type\":\"SearchAction\",\"target\":{\"@type\":\"EntryPoint\",\"urlTemplate\":\"https:\/\/www.limko.be\/fr\/?s={search_term_string}\"},\"query-input\":{\"@type\":\"PropertyValueSpecification\",\"valueRequired\":true,\"valueName\":\"search_term_string\"}}],\"inLanguage\":\"fr-FR\"},{\"@type\":\"Organization\",\"@id\":\"https:\/\/www.limko.be\/fr\/#organization\",\"name\":\"Limko NV\",\"url\":\"https:\/\/www.limko.be\/fr\/\",\"logo\":{\"@type\":\"ImageObject\",\"inLanguage\":\"fr-FR\",\"@id\":\"https:\/\/www.limko.be\/fr\/#\/schema\/logo\/image\/\",\"url\":\"https:\/\/www.limko.be\/wp-content\/uploads\/2021\/10\/limko.png\",\"contentUrl\":\"https:\/\/www.limko.be\/wp-content\/uploads\/2021\/10\/limko.png\",\"width\":200,\"height\":200,\"caption\":\"Limko NV\"},\"image\":{\"@id\":\"https:\/\/www.limko.be\/fr\/#\/schema\/logo\/image\/\"},\"sameAs\":[\"https:\/\/www.facebook.com\/limkoNV\"]}]}<\/script>\n<!-- \/ Yoast SEO plugin. -->","yoast_head_json":{"title":"Ijswaterkoelers","robots":{"index":"index","follow":"follow","max-snippet":"max-snippet:-1","max-image-preview":"max-image-preview:large","max-video-preview":"max-video-preview:-1"},"canonical":"https:\/\/www.limko.be\/fr\/refroidissement\/refroidisseurs-deau-glacee\/","og_locale":"fr_FR","og_type":"article","og_title":"Ijswaterkoelers","og_description":"Ces refroidisseurs d\u2019eau glac\u00e9e de Sorema sont principalement utilis\u00e9s dans des boulangeries pour les p\u00e9trissages. Sorema con\u00e7oit aussi une gamme de bacs d\u2019ea...","og_url":"https:\/\/www.limko.be\/fr\/refroidissement\/refroidisseurs-deau-glacee\/","og_site_name":"Limko.be","article_publisher":"https:\/\/www.facebook.com\/limkoNV","article_modified_time":"2021-10-06T12:06:43+00:00","og_image":[{"url":"https:\/\/www.limko.be\/wp-content\/uploads\/2021\/10\/ijswaterkoelers.jpg","type":"","width":"","height":""}],"twitter_card":"summary_large_image","twitter_misc":{"Dur\u00e9e de lecture estim\u00e9e":"1 minute"},"schema":{"@context":"https:\/\/schema.org","@graph":[{"@type":"WebPage","@id":"https:\/\/www.limko.be\/fr\/refroidissement\/refroidisseurs-deau-glacee\/","url":"https:\/\/www.limko.be\/fr\/refroidissement\/refroidisseurs-deau-glacee\/","name":"Ijswaterkoelers","isPartOf":{"@id":"https:\/\/www.limko.be\/fr\/#website"},"primaryImageOfPage":{"@id":"https:\/\/www.limko.be\/fr\/refroidissement\/refroidisseurs-deau-glacee\/#primaryimage"},"image":{"@id":"https:\/\/www.limko.be\/fr\/refroidissement\/refroidisseurs-deau-glacee\/#primaryimage"},"thumbnailUrl":"https:\/\/www.limko.be\/wp-content\/uploads\/2021\/10\/ijswaterkoelers.jpg","datePublished":"2021-10-02T14:18:56+00:00","dateModified":"2021-10-06T12:06:43+00:00","breadcrumb":{"@id":"https:\/\/www.limko.be\/fr\/refroidissement\/refroidisseurs-deau-glacee\/#breadcrumb"},"inLanguage":"fr-FR","potentialAction":[{"@type":"ReadAction","target":["https:\/\/www.limko.be\/fr\/refroidissement\/refroidisseurs-deau-glacee\/"]}]},{"@type":"ImageObject","inLanguage":"fr-FR","@id":"https:\/\/www.limko.be\/fr\/refroidissement\/refroidisseurs-deau-glacee\/#primaryimage","url":"https:\/\/www.limko.be\/wp-content\/uploads\/2021\/10\/ijswaterkoelers.jpg","contentUrl":"https:\/\/www.limko.be\/wp-content\/uploads\/2021\/10\/ijswaterkoelers.jpg"},{"@type":"BreadcrumbList","@id":"https:\/\/www.limko.be\/fr\/refroidissement\/refroidisseurs-deau-glacee\/#breadcrumb","itemListElement":[{"@type":"ListItem","position":1,"name":"Home","item":"https:\/\/www.limko.be\/fr\/"},{"@type":"ListItem","position":2,"name":"Refroidissement","item":"https:\/\/www.limko.be\/fr\/refroidissement\/"},{"@type":"ListItem","position":3,"name":"Les refroidisseurs d\u2019eau glac\u00e9e de Sorema pour boulangeries et pour l\u2019industrie alimentaire"}]},{"@type":"WebSite","@id":"https:\/\/www.limko.be\/fr\/#website","url":"https:\/\/www.limko.be\/fr\/","name":"Limko.be","description":"Limko.be: klimatisatie, koeling en zuivelmachines","publisher":{"@id":"https:\/\/www.limko.be\/fr\/#organization"},"potentialAction":[{"@type":"SearchAction","target":{"@type":"EntryPoint","urlTemplate":"https:\/\/www.limko.be\/fr\/?s={search_term_string}"},"query-input":{"@type":"PropertyValueSpecification","valueRequired":true,"valueName":"search_term_string"}}],"inLanguage":"fr-FR"},{"@type":"Organization","@id":"https:\/\/www.limko.be\/fr\/#organization","name":"Limko NV","url":"https:\/\/www.limko.be\/fr\/","logo":{"@type":"ImageObject","inLanguage":"fr-FR","@id":"https:\/\/www.limko.be\/fr\/#\/schema\/logo\/image\/","url":"https:\/\/www.limko.be\/wp-content\/uploads\/2021\/10\/limko.png","contentUrl":"https:\/\/www.limko.be\/wp-content\/uploads\/2021\/10\/limko.png","width":200,"height":200,"caption":"Limko NV"},"image":{"@id":"https:\/\/www.limko.be\/fr\/#\/schema\/logo\/image\/"},"sameAs":["https:\/\/www.facebook.com\/limkoNV"]}]}},"_links":{"self":[{"href":"https:\/\/www.limko.be\/fr\/wp-json\/wp\/v2\/pages\/544","targetHints":{"allow":["GET"]}}],"collection":[{"href":"https:\/\/www.limko.be\/fr\/wp-json\/wp\/v2\/pages"}],"about":[{"href":"https:\/\/www.limko.be\/fr\/wp-json\/wp\/v2\/types\/page"}],"author":[{"embeddable":true,"href":"https:\/\/www.limko.be\/fr\/wp-json\/wp\/v2\/users\/1"}],"replies":[{"embeddable":true,"href":"https:\/\/www.limko.be\/fr\/wp-json\/wp\/v2\/comments?post=544"}],"version-history":[{"count":0,"href":"https:\/\/www.limko.be\/fr\/wp-json\/wp\/v2\/pages\/544\/revisions"}],"up":[{"embeddable":true,"href":"https:\/\/www.limko.be\/fr\/wp-json\/wp\/v2\/pages\/534"}],"wp:attachment":[{"href":"https:\/\/www.limko.be\/fr\/wp-json\/wp\/v2\/media?parent=544"}],"curies":[{"name":"wp","href":"https:\/\/api.w.org\/{rel}","templated":true}]}}