{"id":549,"date":"2021-10-02T16:19:15","date_gmt":"2021-10-02T14:19:15","guid":{"rendered":"https:\/\/www.limko.be\/refroidissement\/koel-en-vriescellen\/"},"modified":"2021-10-06T14:06:12","modified_gmt":"2021-10-06T12:06:12","slug":"chambres-froides","status":"publish","type":"page","link":"https:\/\/www.limko.be\/fr\/refroidissement\/chambres-froides\/","title":{"rendered":"Chambres froides"},"content":{"rendered":"<p><img loading=\"lazy\" decoding=\"async\" class=\"size-full wp-image-415 alignright\" src=\"https:\/\/www.limko.be\/wp-content\/uploads\/2021\/10\/vriescellen.png\" alt=\"\" width=\"300\" height=\"255\" \/><\/p>\n<p>Nos chambres froides sont appropri\u00e9es pour conserver vos aliments.<\/p>\n<p>Gr\u00e2ce au syst\u00e8me modulaire, vous pouvez agrandir les chambres en hauteur, en profondeur et en longueur. De ce fait, diff\u00e9rentes combinaisons de volume sont possibles.<\/p>\n<p>Nous livrons et pla\u00e7ons les panneaux et nous nous occupons de l\u2019\u00e9quipement de la technique de r\u00e9frig\u00e9ration.<\/p>\n<p class=\"cta\">Conseil gratuit ou offre sur mesure au 02\/395 85 00 ou via\u00a0<a href=\"mailto:info@limko.be\">info@limko.be<\/a><\/p>\n","protected":false},"excerpt":{"rendered":"<p>Nos chambres froides sont appropri\u00e9es pour conserver vos aliments. Gr\u00e2ce au syst\u00e8me modulaire, vous pouvez agrandir les chambres en hauteur, en profondeur et&#8230;<\/p>\n","protected":false},"author":1,"featured_media":0,"parent":534,"menu_order":0,"comment_status":"closed","ping_status":"closed","template":"","meta":{"_acf_changed":false,"inline_featured_image":false,"footnotes":""},"class_list":["post-549","page","type-page","status-publish","hentry"],"acf":[],"yoast_head":"<!-- This site is optimized with the Yoast SEO plugin v27.0 - https:\/\/yoast.com\/product\/yoast-seo-wordpress\/ -->\n<title>Chambres froides<\/title>\n<meta name=\"robots\" content=\"index, follow, max-snippet:-1, max-image-preview:large, max-video-preview:-1\" \/>\n<link rel=\"canonical\" href=\"https:\/\/www.limko.be\/fr\/refroidissement\/chambres-froides\/\" \/>\n<meta property=\"og:locale\" content=\"fr_FR\" \/>\n<meta property=\"og:type\" content=\"article\" \/>\n<meta property=\"og:title\" content=\"Chambres froides\" \/>\n<meta property=\"og:description\" content=\"Nos chambres froides sont appropri\u00e9es pour conserver vos aliments. Gr\u00e2ce au syst\u00e8me modulaire, vous pouvez agrandir les chambres en hauteur, en profondeur et...\" \/>\n<meta property=\"og:url\" content=\"https:\/\/www.limko.be\/fr\/refroidissement\/chambres-froides\/\" \/>\n<meta property=\"og:site_name\" content=\"Limko.be\" \/>\n<meta property=\"article:publisher\" content=\"https:\/\/www.facebook.com\/limkoNV\" \/>\n<meta property=\"article:modified_time\" content=\"2021-10-06T12:06:12+00:00\" \/>\n<meta property=\"og:image\" content=\"https:\/\/www.limko.be\/wp-content\/uploads\/2021\/10\/vriescellen.png\" \/>\n<meta name=\"twitter:card\" content=\"summary_large_image\" \/>\n<script type=\"application\/ld+json\" class=\"yoast-schema-graph\">{\"@context\":\"https:\/\/schema.org\",\"@graph\":[{\"@type\":\"WebPage\",\"@id\":\"https:\/\/www.limko.be\/fr\/refroidissement\/chambres-froides\/\",\"url\":\"https:\/\/www.limko.be\/fr\/refroidissement\/chambres-froides\/\",\"name\":\"Chambres froides\",\"isPartOf\":{\"@id\":\"https:\/\/www.limko.be\/fr\/#website\"},\"primaryImageOfPage\":{\"@id\":\"https:\/\/www.limko.be\/fr\/refroidissement\/chambres-froides\/#primaryimage\"},\"image\":{\"@id\":\"https:\/\/www.limko.be\/fr\/refroidissement\/chambres-froides\/#primaryimage\"},\"thumbnailUrl\":\"https:\/\/www.limko.be\/wp-content\/uploads\/2021\/10\/vriescellen.png\",\"datePublished\":\"2021-10-02T14:19:15+00:00\",\"dateModified\":\"2021-10-06T12:06:12+00:00\",\"breadcrumb\":{\"@id\":\"https:\/\/www.limko.be\/fr\/refroidissement\/chambres-froides\/#breadcrumb\"},\"inLanguage\":\"fr-FR\",\"potentialAction\":[{\"@type\":\"ReadAction\",\"target\":[\"https:\/\/www.limko.be\/fr\/refroidissement\/chambres-froides\/\"]}]},{\"@type\":\"ImageObject\",\"inLanguage\":\"fr-FR\",\"@id\":\"https:\/\/www.limko.be\/fr\/refroidissement\/chambres-froides\/#primaryimage\",\"url\":\"https:\/\/www.limko.be\/wp-content\/uploads\/2021\/10\/vriescellen.png\",\"contentUrl\":\"https:\/\/www.limko.be\/wp-content\/uploads\/2021\/10\/vriescellen.png\"},{\"@type\":\"BreadcrumbList\",\"@id\":\"https:\/\/www.limko.be\/fr\/refroidissement\/chambres-froides\/#breadcrumb\",\"itemListElement\":[{\"@type\":\"ListItem\",\"position\":1,\"name\":\"Home\",\"item\":\"https:\/\/www.limko.be\/fr\/\"},{\"@type\":\"ListItem\",\"position\":2,\"name\":\"Refroidissement\",\"item\":\"https:\/\/www.limko.be\/fr\/refroidissement\/\"},{\"@type\":\"ListItem\",\"position\":3,\"name\":\"Chambres froides\"}]},{\"@type\":\"WebSite\",\"@id\":\"https:\/\/www.limko.be\/fr\/#website\",\"url\":\"https:\/\/www.limko.be\/fr\/\",\"name\":\"Limko.be\",\"description\":\"Limko.be: klimatisatie, koeling en zuivelmachines\",\"publisher\":{\"@id\":\"https:\/\/www.limko.be\/fr\/#organization\"},\"potentialAction\":[{\"@type\":\"SearchAction\",\"target\":{\"@type\":\"EntryPoint\",\"urlTemplate\":\"https:\/\/www.limko.be\/fr\/?s={search_term_string}\"},\"query-input\":{\"@type\":\"PropertyValueSpecification\",\"valueRequired\":true,\"valueName\":\"search_term_string\"}}],\"inLanguage\":\"fr-FR\"},{\"@type\":\"Organization\",\"@id\":\"https:\/\/www.limko.be\/fr\/#organization\",\"name\":\"Limko NV\",\"url\":\"https:\/\/www.limko.be\/fr\/\",\"logo\":{\"@type\":\"ImageObject\",\"inLanguage\":\"fr-FR\",\"@id\":\"https:\/\/www.limko.be\/fr\/#\/schema\/logo\/image\/\",\"url\":\"https:\/\/www.limko.be\/wp-content\/uploads\/2021\/10\/limko.png\",\"contentUrl\":\"https:\/\/www.limko.be\/wp-content\/uploads\/2021\/10\/limko.png\",\"width\":200,\"height\":200,\"caption\":\"Limko NV\"},\"image\":{\"@id\":\"https:\/\/www.limko.be\/fr\/#\/schema\/logo\/image\/\"},\"sameAs\":[\"https:\/\/www.facebook.com\/limkoNV\"]}]}<\/script>\n<!-- \/ Yoast SEO plugin. -->","yoast_head_json":{"title":"Chambres froides","robots":{"index":"index","follow":"follow","max-snippet":"max-snippet:-1","max-image-preview":"max-image-preview:large","max-video-preview":"max-video-preview:-1"},"canonical":"https:\/\/www.limko.be\/fr\/refroidissement\/chambres-froides\/","og_locale":"fr_FR","og_type":"article","og_title":"Chambres froides","og_description":"Nos chambres froides sont appropri\u00e9es pour conserver vos aliments. Gr\u00e2ce au syst\u00e8me modulaire, vous pouvez agrandir les chambres en hauteur, en profondeur et...","og_url":"https:\/\/www.limko.be\/fr\/refroidissement\/chambres-froides\/","og_site_name":"Limko.be","article_publisher":"https:\/\/www.facebook.com\/limkoNV","article_modified_time":"2021-10-06T12:06:12+00:00","og_image":[{"url":"https:\/\/www.limko.be\/wp-content\/uploads\/2021\/10\/vriescellen.png","type":"","width":"","height":""}],"twitter_card":"summary_large_image","schema":{"@context":"https:\/\/schema.org","@graph":[{"@type":"WebPage","@id":"https:\/\/www.limko.be\/fr\/refroidissement\/chambres-froides\/","url":"https:\/\/www.limko.be\/fr\/refroidissement\/chambres-froides\/","name":"Chambres froides","isPartOf":{"@id":"https:\/\/www.limko.be\/fr\/#website"},"primaryImageOfPage":{"@id":"https:\/\/www.limko.be\/fr\/refroidissement\/chambres-froides\/#primaryimage"},"image":{"@id":"https:\/\/www.limko.be\/fr\/refroidissement\/chambres-froides\/#primaryimage"},"thumbnailUrl":"https:\/\/www.limko.be\/wp-content\/uploads\/2021\/10\/vriescellen.png","datePublished":"2021-10-02T14:19:15+00:00","dateModified":"2021-10-06T12:06:12+00:00","breadcrumb":{"@id":"https:\/\/www.limko.be\/fr\/refroidissement\/chambres-froides\/#breadcrumb"},"inLanguage":"fr-FR","potentialAction":[{"@type":"ReadAction","target":["https:\/\/www.limko.be\/fr\/refroidissement\/chambres-froides\/"]}]},{"@type":"ImageObject","inLanguage":"fr-FR","@id":"https:\/\/www.limko.be\/fr\/refroidissement\/chambres-froides\/#primaryimage","url":"https:\/\/www.limko.be\/wp-content\/uploads\/2021\/10\/vriescellen.png","contentUrl":"https:\/\/www.limko.be\/wp-content\/uploads\/2021\/10\/vriescellen.png"},{"@type":"BreadcrumbList","@id":"https:\/\/www.limko.be\/fr\/refroidissement\/chambres-froides\/#breadcrumb","itemListElement":[{"@type":"ListItem","position":1,"name":"Home","item":"https:\/\/www.limko.be\/fr\/"},{"@type":"ListItem","position":2,"name":"Refroidissement","item":"https:\/\/www.limko.be\/fr\/refroidissement\/"},{"@type":"ListItem","position":3,"name":"Chambres froides"}]},{"@type":"WebSite","@id":"https:\/\/www.limko.be\/fr\/#website","url":"https:\/\/www.limko.be\/fr\/","name":"Limko.be","description":"Limko.be: klimatisatie, koeling en zuivelmachines","publisher":{"@id":"https:\/\/www.limko.be\/fr\/#organization"},"potentialAction":[{"@type":"SearchAction","target":{"@type":"EntryPoint","urlTemplate":"https:\/\/www.limko.be\/fr\/?s={search_term_string}"},"query-input":{"@type":"PropertyValueSpecification","valueRequired":true,"valueName":"search_term_string"}}],"inLanguage":"fr-FR"},{"@type":"Organization","@id":"https:\/\/www.limko.be\/fr\/#organization","name":"Limko NV","url":"https:\/\/www.limko.be\/fr\/","logo":{"@type":"ImageObject","inLanguage":"fr-FR","@id":"https:\/\/www.limko.be\/fr\/#\/schema\/logo\/image\/","url":"https:\/\/www.limko.be\/wp-content\/uploads\/2021\/10\/limko.png","contentUrl":"https:\/\/www.limko.be\/wp-content\/uploads\/2021\/10\/limko.png","width":200,"height":200,"caption":"Limko NV"},"image":{"@id":"https:\/\/www.limko.be\/fr\/#\/schema\/logo\/image\/"},"sameAs":["https:\/\/www.facebook.com\/limkoNV"]}]}},"_links":{"self":[{"href":"https:\/\/www.limko.be\/fr\/wp-json\/wp\/v2\/pages\/549","targetHints":{"allow":["GET"]}}],"collection":[{"href":"https:\/\/www.limko.be\/fr\/wp-json\/wp\/v2\/pages"}],"about":[{"href":"https:\/\/www.limko.be\/fr\/wp-json\/wp\/v2\/types\/page"}],"author":[{"embeddable":true,"href":"https:\/\/www.limko.be\/fr\/wp-json\/wp\/v2\/users\/1"}],"replies":[{"embeddable":true,"href":"https:\/\/www.limko.be\/fr\/wp-json\/wp\/v2\/comments?post=549"}],"version-history":[{"count":0,"href":"https:\/\/www.limko.be\/fr\/wp-json\/wp\/v2\/pages\/549\/revisions"}],"up":[{"embeddable":true,"href":"https:\/\/www.limko.be\/fr\/wp-json\/wp\/v2\/pages\/534"}],"wp:attachment":[{"href":"https:\/\/www.limko.be\/fr\/wp-json\/wp\/v2\/media?parent=549"}],"curies":[{"name":"wp","href":"https:\/\/api.w.org\/{rel}","templated":true}]}}