{"id":555,"date":"2021-10-02T16:42:10","date_gmt":"2021-10-02T14:42:10","guid":{"rendered":"https:\/\/www.limko.be\/veehouderij\/"},"modified":"2021-10-06T16:20:18","modified_gmt":"2021-10-06T14:20:18","slug":"lelevage","status":"publish","type":"page","link":"https:\/\/www.limko.be\/fr\/lelevage\/","title":{"rendered":"L&rsquo;elevage"},"content":{"rendered":"<p><img loading=\"lazy\" decoding=\"async\" class=\"size-medium wp-image-403 alignright\" src=\"https:\/\/www.limko.be\/wp-content\/uploads\/2021\/10\/stock-photo-16338660-farmer-is-working-with-cows-300x210.jpg\" alt=\"\" width=\"300\" height=\"210\" srcset=\"https:\/\/www.limko.be\/wp-content\/uploads\/2021\/10\/stock-photo-16338660-farmer-is-working-with-cows-300x210.jpg 300w, https:\/\/www.limko.be\/wp-content\/uploads\/2021\/10\/stock-photo-16338660-farmer-is-working-with-cows.jpg 380w\" sizes=\"auto, (max-width: 300px) 100vw, 300px\" \/><\/p>\n<ul>\n<li><strong><a href=\"https:\/\/www.limko.be\/fr\/lelevage\/tanks-a-lait-de-serap\">Tanks \u00e0 lait de SERAP<\/a><\/strong><\/li>\n<li class=\"item120\"><a href=\"https:\/\/www.limko.be\/fr\/lelevage\/tanks-a-lait-doccasion\"><strong>Tanks \u00e0 lait d\u2019occasion<\/strong><\/a><\/li>\n<li class=\"item113\"><a href=\"https:\/\/www.limko.be\/fr\/lelevage\/recuperation-de-chaleur-ecolacteo\"><strong>R\u00e9cup\u00e9ration de chaleur ECOLACTEO<\/strong><\/a><\/li>\n<li class=\"parent item108\"><a href=\"https:\/\/www.limko.be\/fr\/lelevage\/systemes-de-traite-de-sac\"><strong>Syst\u00e8mes de traite de SAC.<\/strong><\/a><\/li>\n<li class=\"parent item104\"><a href=\"https:\/\/www.limko.be\/fr\/lelevage\/systemes-de-gestion-delevage-de-nedap\"><strong>VSyst\u00e8mes de gestion d\u2019\u00e9levage complets de NEDAP<\/strong><\/a><\/li>\n<li class=\"item105\"><a href=\"https:\/\/www.limko.be\/fr\/lelevage\/distributeurs-de-foerster\"><strong>Distributeurs de F\u00f6rster<\/strong><\/a><\/li>\n<li class=\"item102\"><a href=\"https:\/\/www.limko.be\/fr\/lelevage\/systemes-devacuation-de-fumier-de-joz\"><strong>Syst\u00e8mes d\u2019\u00e9vacuation de fumier de Joz<\/strong><\/a><\/li>\n<li class=\"item103\"><a href=\"https:\/\/www.limko.be\/fr\/lelevage\/amenagement-detable-de-bruland\"><strong>Am\u00e9nagement d\u2019\u00e9table de Bruland<\/strong><\/a><\/li>\n<\/ul>\n","protected":false},"excerpt":{"rendered":"<p>Tanks \u00e0 lait de SERAP Tanks \u00e0 lait d\u2019occasion R\u00e9cup\u00e9ration de chaleur ECOLACTEO Syst\u00e8mes de traite de SAC. VSyst\u00e8mes de gestion d\u2019\u00e9levage complets&#8230;<\/p>\n","protected":false},"author":1,"featured_media":0,"parent":0,"menu_order":0,"comment_status":"closed","ping_status":"closed","template":"","meta":{"_acf_changed":false,"inline_featured_image":false,"footnotes":""},"class_list":["post-555","page","type-page","status-publish","hentry"],"acf":[],"yoast_head":"<!-- This site is optimized with the Yoast SEO plugin v27.0 - https:\/\/yoast.com\/product\/yoast-seo-wordpress\/ -->\n<title>Veehouderij<\/title>\n<meta name=\"robots\" content=\"index, follow, max-snippet:-1, max-image-preview:large, max-video-preview:-1\" \/>\n<link rel=\"canonical\" href=\"https:\/\/www.limko.be\/fr\/lelevage\/\" \/>\n<meta property=\"og:locale\" content=\"fr_FR\" \/>\n<meta property=\"og:type\" content=\"article\" \/>\n<meta property=\"og:title\" content=\"Veehouderij\" \/>\n<meta property=\"og:description\" content=\"Tanks \u00e0 lait de SERAP Tanks \u00e0 lait d\u2019occasion R\u00e9cup\u00e9ration de chaleur ECOLACTEO Syst\u00e8mes de traite de SAC. VSyst\u00e8mes de gestion d\u2019\u00e9levage complets...\" \/>\n<meta property=\"og:url\" content=\"https:\/\/www.limko.be\/fr\/lelevage\/\" \/>\n<meta property=\"og:site_name\" content=\"Limko.be\" \/>\n<meta property=\"article:publisher\" content=\"https:\/\/www.facebook.com\/limkoNV\" \/>\n<meta property=\"article:modified_time\" content=\"2021-10-06T14:20:18+00:00\" \/>\n<meta property=\"og:image\" content=\"https:\/\/www.limko.be\/wp-content\/uploads\/2021\/10\/stock-photo-16338660-farmer-is-working-with-cows-300x210.jpg\" \/>\n<meta name=\"twitter:card\" content=\"summary_large_image\" \/>\n<meta name=\"twitter:label1\" content=\"Dur\u00e9e de lecture estim\u00e9e\" \/>\n\t<meta name=\"twitter:data1\" content=\"1 minute\" \/>\n<script type=\"application\/ld+json\" class=\"yoast-schema-graph\">{\"@context\":\"https:\/\/schema.org\",\"@graph\":[{\"@type\":\"WebPage\",\"@id\":\"https:\/\/www.limko.be\/fr\/lelevage\/\",\"url\":\"https:\/\/www.limko.be\/fr\/lelevage\/\",\"name\":\"Veehouderij\",\"isPartOf\":{\"@id\":\"https:\/\/www.limko.be\/fr\/#website\"},\"primaryImageOfPage\":{\"@id\":\"https:\/\/www.limko.be\/fr\/lelevage\/#primaryimage\"},\"image\":{\"@id\":\"https:\/\/www.limko.be\/fr\/lelevage\/#primaryimage\"},\"thumbnailUrl\":\"https:\/\/www.limko.be\/wp-content\/uploads\/2021\/10\/stock-photo-16338660-farmer-is-working-with-cows-300x210.jpg\",\"datePublished\":\"2021-10-02T14:42:10+00:00\",\"dateModified\":\"2021-10-06T14:20:18+00:00\",\"breadcrumb\":{\"@id\":\"https:\/\/www.limko.be\/fr\/lelevage\/#breadcrumb\"},\"inLanguage\":\"fr-FR\",\"potentialAction\":[{\"@type\":\"ReadAction\",\"target\":[\"https:\/\/www.limko.be\/fr\/lelevage\/\"]}]},{\"@type\":\"ImageObject\",\"inLanguage\":\"fr-FR\",\"@id\":\"https:\/\/www.limko.be\/fr\/lelevage\/#primaryimage\",\"url\":\"https:\/\/www.limko.be\/wp-content\/uploads\/2021\/10\/stock-photo-16338660-farmer-is-working-with-cows-300x210.jpg\",\"contentUrl\":\"https:\/\/www.limko.be\/wp-content\/uploads\/2021\/10\/stock-photo-16338660-farmer-is-working-with-cows-300x210.jpg\"},{\"@type\":\"BreadcrumbList\",\"@id\":\"https:\/\/www.limko.be\/fr\/lelevage\/#breadcrumb\",\"itemListElement\":[{\"@type\":\"ListItem\",\"position\":1,\"name\":\"Home\",\"item\":\"https:\/\/www.limko.be\/fr\/\"},{\"@type\":\"ListItem\",\"position\":2,\"name\":\"L&rsquo;elevage\"}]},{\"@type\":\"WebSite\",\"@id\":\"https:\/\/www.limko.be\/fr\/#website\",\"url\":\"https:\/\/www.limko.be\/fr\/\",\"name\":\"Limko.be\",\"description\":\"Limko.be: klimatisatie, koeling en zuivelmachines\",\"publisher\":{\"@id\":\"https:\/\/www.limko.be\/fr\/#organization\"},\"potentialAction\":[{\"@type\":\"SearchAction\",\"target\":{\"@type\":\"EntryPoint\",\"urlTemplate\":\"https:\/\/www.limko.be\/fr\/?s={search_term_string}\"},\"query-input\":{\"@type\":\"PropertyValueSpecification\",\"valueRequired\":true,\"valueName\":\"search_term_string\"}}],\"inLanguage\":\"fr-FR\"},{\"@type\":\"Organization\",\"@id\":\"https:\/\/www.limko.be\/fr\/#organization\",\"name\":\"Limko NV\",\"url\":\"https:\/\/www.limko.be\/fr\/\",\"logo\":{\"@type\":\"ImageObject\",\"inLanguage\":\"fr-FR\",\"@id\":\"https:\/\/www.limko.be\/fr\/#\/schema\/logo\/image\/\",\"url\":\"https:\/\/www.limko.be\/wp-content\/uploads\/2021\/10\/limko.png\",\"contentUrl\":\"https:\/\/www.limko.be\/wp-content\/uploads\/2021\/10\/limko.png\",\"width\":200,\"height\":200,\"caption\":\"Limko NV\"},\"image\":{\"@id\":\"https:\/\/www.limko.be\/fr\/#\/schema\/logo\/image\/\"},\"sameAs\":[\"https:\/\/www.facebook.com\/limkoNV\"]}]}<\/script>\n<!-- \/ Yoast SEO plugin. -->","yoast_head_json":{"title":"Veehouderij","robots":{"index":"index","follow":"follow","max-snippet":"max-snippet:-1","max-image-preview":"max-image-preview:large","max-video-preview":"max-video-preview:-1"},"canonical":"https:\/\/www.limko.be\/fr\/lelevage\/","og_locale":"fr_FR","og_type":"article","og_title":"Veehouderij","og_description":"Tanks \u00e0 lait de SERAP Tanks \u00e0 lait d\u2019occasion R\u00e9cup\u00e9ration de chaleur ECOLACTEO Syst\u00e8mes de traite de SAC. VSyst\u00e8mes de gestion d\u2019\u00e9levage complets...","og_url":"https:\/\/www.limko.be\/fr\/lelevage\/","og_site_name":"Limko.be","article_publisher":"https:\/\/www.facebook.com\/limkoNV","article_modified_time":"2021-10-06T14:20:18+00:00","og_image":[{"url":"https:\/\/www.limko.be\/wp-content\/uploads\/2021\/10\/stock-photo-16338660-farmer-is-working-with-cows-300x210.jpg","type":"","width":"","height":""}],"twitter_card":"summary_large_image","twitter_misc":{"Dur\u00e9e de lecture estim\u00e9e":"1 minute"},"schema":{"@context":"https:\/\/schema.org","@graph":[{"@type":"WebPage","@id":"https:\/\/www.limko.be\/fr\/lelevage\/","url":"https:\/\/www.limko.be\/fr\/lelevage\/","name":"Veehouderij","isPartOf":{"@id":"https:\/\/www.limko.be\/fr\/#website"},"primaryImageOfPage":{"@id":"https:\/\/www.limko.be\/fr\/lelevage\/#primaryimage"},"image":{"@id":"https:\/\/www.limko.be\/fr\/lelevage\/#primaryimage"},"thumbnailUrl":"https:\/\/www.limko.be\/wp-content\/uploads\/2021\/10\/stock-photo-16338660-farmer-is-working-with-cows-300x210.jpg","datePublished":"2021-10-02T14:42:10+00:00","dateModified":"2021-10-06T14:20:18+00:00","breadcrumb":{"@id":"https:\/\/www.limko.be\/fr\/lelevage\/#breadcrumb"},"inLanguage":"fr-FR","potentialAction":[{"@type":"ReadAction","target":["https:\/\/www.limko.be\/fr\/lelevage\/"]}]},{"@type":"ImageObject","inLanguage":"fr-FR","@id":"https:\/\/www.limko.be\/fr\/lelevage\/#primaryimage","url":"https:\/\/www.limko.be\/wp-content\/uploads\/2021\/10\/stock-photo-16338660-farmer-is-working-with-cows-300x210.jpg","contentUrl":"https:\/\/www.limko.be\/wp-content\/uploads\/2021\/10\/stock-photo-16338660-farmer-is-working-with-cows-300x210.jpg"},{"@type":"BreadcrumbList","@id":"https:\/\/www.limko.be\/fr\/lelevage\/#breadcrumb","itemListElement":[{"@type":"ListItem","position":1,"name":"Home","item":"https:\/\/www.limko.be\/fr\/"},{"@type":"ListItem","position":2,"name":"L&rsquo;elevage"}]},{"@type":"WebSite","@id":"https:\/\/www.limko.be\/fr\/#website","url":"https:\/\/www.limko.be\/fr\/","name":"Limko.be","description":"Limko.be: klimatisatie, koeling en zuivelmachines","publisher":{"@id":"https:\/\/www.limko.be\/fr\/#organization"},"potentialAction":[{"@type":"SearchAction","target":{"@type":"EntryPoint","urlTemplate":"https:\/\/www.limko.be\/fr\/?s={search_term_string}"},"query-input":{"@type":"PropertyValueSpecification","valueRequired":true,"valueName":"search_term_string"}}],"inLanguage":"fr-FR"},{"@type":"Organization","@id":"https:\/\/www.limko.be\/fr\/#organization","name":"Limko NV","url":"https:\/\/www.limko.be\/fr\/","logo":{"@type":"ImageObject","inLanguage":"fr-FR","@id":"https:\/\/www.limko.be\/fr\/#\/schema\/logo\/image\/","url":"https:\/\/www.limko.be\/wp-content\/uploads\/2021\/10\/limko.png","contentUrl":"https:\/\/www.limko.be\/wp-content\/uploads\/2021\/10\/limko.png","width":200,"height":200,"caption":"Limko NV"},"image":{"@id":"https:\/\/www.limko.be\/fr\/#\/schema\/logo\/image\/"},"sameAs":["https:\/\/www.facebook.com\/limkoNV"]}]}},"_links":{"self":[{"href":"https:\/\/www.limko.be\/fr\/wp-json\/wp\/v2\/pages\/555","targetHints":{"allow":["GET"]}}],"collection":[{"href":"https:\/\/www.limko.be\/fr\/wp-json\/wp\/v2\/pages"}],"about":[{"href":"https:\/\/www.limko.be\/fr\/wp-json\/wp\/v2\/types\/page"}],"author":[{"embeddable":true,"href":"https:\/\/www.limko.be\/fr\/wp-json\/wp\/v2\/users\/1"}],"replies":[{"embeddable":true,"href":"https:\/\/www.limko.be\/fr\/wp-json\/wp\/v2\/comments?post=555"}],"version-history":[{"count":0,"href":"https:\/\/www.limko.be\/fr\/wp-json\/wp\/v2\/pages\/555\/revisions"}],"wp:attachment":[{"href":"https:\/\/www.limko.be\/fr\/wp-json\/wp\/v2\/media?parent=555"}],"curies":[{"name":"wp","href":"https:\/\/api.w.org\/{rel}","templated":true}]}}