{"id":561,"date":"2021-10-02T16:44:51","date_gmt":"2021-10-02T14:44:51","guid":{"rendered":"https:\/\/www.limko.be\/lelevage\/melkkoeltanks-serap\/"},"modified":"2021-10-06T11:50:28","modified_gmt":"2021-10-06T09:50:28","slug":"tanks-a-lait-de-serap","status":"publish","type":"page","link":"https:\/\/www.limko.be\/fr\/lelevage\/tanks-a-lait-de-serap\/","title":{"rendered":"Tanks \u00e0 lait de SERAP"},"content":{"rendered":"<p><img loading=\"lazy\" decoding=\"async\" class=\"size-medium wp-image-397 alignright\" src=\"https:\/\/www.limko.be\/wp-content\/uploads\/2021\/10\/Serap_Rainbow_horizontaal-300x196.jpg\" alt=\"\" width=\"300\" height=\"196\" srcset=\"https:\/\/www.limko.be\/wp-content\/uploads\/2021\/10\/Serap_Rainbow_horizontaal-300x196.jpg 300w, https:\/\/www.limko.be\/wp-content\/uploads\/2021\/10\/Serap_Rainbow_horizontaal-1024x670.jpg 1024w, https:\/\/www.limko.be\/wp-content\/uploads\/2021\/10\/Serap_Rainbow_horizontaal-768x503.jpg 768w, https:\/\/www.limko.be\/wp-content\/uploads\/2021\/10\/Serap_Rainbow_horizontaal-1536x1005.jpg 1536w, https:\/\/www.limko.be\/wp-content\/uploads\/2021\/10\/Serap_Rainbow_horizontaal-2048x1340.jpg 2048w\" sizes=\"auto, (max-width: 300px) 100vw, 300px\" \/>L\u2019entreprise familiale fran\u00e7aise SERAP fabrique depuis 1963 des tanks \u00e0 lait de la plus haute qualit\u00e9. En fonction de l\u2019espace disponible, vous choisissez entre des tanks \u00e0 lait horizontaux ou verticaux.<\/p>\n<h2>Tank \u00e0 lait horizontal<\/h2>\n<h3>CARACTERISTIQUES<\/h3>\n<ul>\n<li>volume de lait: 900 \u00e0 30.000 litres<\/li>\n<li>combinable avec tout type de robot de traite<\/li>\n<li>excellente vitesse de refroidissement pour une conservation optimale de votre lait<\/li>\n<li>groupe frigorifique s\u00e9par\u00e9 ou compact avec condenseur(s) s\u00e9par\u00e9(s)<\/li>\n<li>extr\u00eamement hygi\u00e9nique gr\u00e2ce au syst\u00e8me de nettoyage automatique int\u00e9gr\u00e9<\/li>\n<\/ul>\n<p>&nbsp;<\/p>\n<h2>Tank \u00e0 lait vertical<\/h2>\n<p><img loading=\"lazy\" decoding=\"async\" class=\"size-medium wp-image-399 alignright\" src=\"https:\/\/www.limko.be\/wp-content\/uploads\/2021\/10\/Serap_Rainbow_verticaal-194x300.jpg\" alt=\"\" width=\"194\" height=\"300\" srcset=\"https:\/\/www.limko.be\/wp-content\/uploads\/2021\/10\/Serap_Rainbow_verticaal-194x300.jpg 194w, https:\/\/www.limko.be\/wp-content\/uploads\/2021\/10\/Serap_Rainbow_verticaal-663x1024.jpg 663w, https:\/\/www.limko.be\/wp-content\/uploads\/2021\/10\/Serap_Rainbow_verticaal-768x1186.jpg 768w, https:\/\/www.limko.be\/wp-content\/uploads\/2021\/10\/Serap_Rainbow_verticaal.jpg 892w\" sizes=\"auto, (max-width: 194px) 100vw, 194px\" \/><\/p>\n<p>Le plus grand tank \u00e0 lait vertical de 40.000 litres est install\u00e9 sur une superficie d\u2019\u00e0 peine 15 m2.<\/p>\n<h3>CARACTERISTIQUES<\/h3>\n<ul>\n<li>volume de lait:10.000 \u00e0 40.000 litres<\/li>\n<li>combinable avec tout type de robot de traite<\/li>\n<li>excellente vitesse de refroidissement pour une conservation optimale de votre lait<\/li>\n<li>groupe frigorifique s\u00e9par\u00e9 ou compact avec condenseur(s) s\u00e9par\u00e9(s)<\/li>\n<li>extr\u00eamement hygi\u00e9nique gr\u00e2ce au syst\u00e8me de nettoyage automatique int\u00e9gr\u00e9<\/li>\n<\/ul>\n","protected":false},"excerpt":{"rendered":"<p>L\u2019entreprise familiale fran\u00e7aise SERAP fabrique depuis 1963 des tanks \u00e0 lait de la plus haute qualit\u00e9. En fonction de l\u2019espace disponible, vous choisissez&#8230;<\/p>\n","protected":false},"author":1,"featured_media":0,"parent":555,"menu_order":0,"comment_status":"closed","ping_status":"closed","template":"","meta":{"_acf_changed":false,"inline_featured_image":false,"footnotes":""},"class_list":["post-561","page","type-page","status-publish","hentry"],"acf":[],"yoast_head":"<!-- This site is optimized with the Yoast SEO plugin v27.0 - https:\/\/yoast.com\/product\/yoast-seo-wordpress\/ -->\n<title>Melkkoeltanks SERAP<\/title>\n<meta name=\"robots\" content=\"index, follow, max-snippet:-1, max-image-preview:large, max-video-preview:-1\" \/>\n<link rel=\"canonical\" href=\"https:\/\/www.limko.be\/fr\/lelevage\/tanks-a-lait-de-serap\/\" \/>\n<meta property=\"og:locale\" content=\"fr_FR\" \/>\n<meta property=\"og:type\" content=\"article\" \/>\n<meta property=\"og:title\" content=\"Melkkoeltanks SERAP\" \/>\n<meta property=\"og:description\" content=\"L\u2019entreprise familiale fran\u00e7aise SERAP fabrique depuis 1963 des tanks \u00e0 lait de la plus haute qualit\u00e9. En fonction de l\u2019espace disponible, vous choisissez...\" \/>\n<meta property=\"og:url\" content=\"https:\/\/www.limko.be\/fr\/lelevage\/tanks-a-lait-de-serap\/\" \/>\n<meta property=\"og:site_name\" content=\"Limko.be\" \/>\n<meta property=\"article:publisher\" content=\"https:\/\/www.facebook.com\/limkoNV\" \/>\n<meta property=\"article:modified_time\" content=\"2021-10-06T09:50:28+00:00\" \/>\n<meta property=\"og:image\" content=\"https:\/\/www.limko.be\/wp-content\/uploads\/2021\/10\/Serap_Rainbow_horizontaal-300x196.jpg\" \/>\n<meta name=\"twitter:card\" content=\"summary_large_image\" \/>\n<meta name=\"twitter:label1\" content=\"Dur\u00e9e de lecture estim\u00e9e\" \/>\n\t<meta name=\"twitter:data1\" content=\"1 minute\" \/>\n<script type=\"application\/ld+json\" class=\"yoast-schema-graph\">{\"@context\":\"https:\/\/schema.org\",\"@graph\":[{\"@type\":\"WebPage\",\"@id\":\"https:\/\/www.limko.be\/fr\/lelevage\/tanks-a-lait-de-serap\/\",\"url\":\"https:\/\/www.limko.be\/fr\/lelevage\/tanks-a-lait-de-serap\/\",\"name\":\"Melkkoeltanks SERAP\",\"isPartOf\":{\"@id\":\"https:\/\/www.limko.be\/fr\/#website\"},\"primaryImageOfPage\":{\"@id\":\"https:\/\/www.limko.be\/fr\/lelevage\/tanks-a-lait-de-serap\/#primaryimage\"},\"image\":{\"@id\":\"https:\/\/www.limko.be\/fr\/lelevage\/tanks-a-lait-de-serap\/#primaryimage\"},\"thumbnailUrl\":\"https:\/\/www.limko.be\/wp-content\/uploads\/2021\/10\/Serap_Rainbow_horizontaal-300x196.jpg\",\"datePublished\":\"2021-10-02T14:44:51+00:00\",\"dateModified\":\"2021-10-06T09:50:28+00:00\",\"breadcrumb\":{\"@id\":\"https:\/\/www.limko.be\/fr\/lelevage\/tanks-a-lait-de-serap\/#breadcrumb\"},\"inLanguage\":\"fr-FR\",\"potentialAction\":[{\"@type\":\"ReadAction\",\"target\":[\"https:\/\/www.limko.be\/fr\/lelevage\/tanks-a-lait-de-serap\/\"]}]},{\"@type\":\"ImageObject\",\"inLanguage\":\"fr-FR\",\"@id\":\"https:\/\/www.limko.be\/fr\/lelevage\/tanks-a-lait-de-serap\/#primaryimage\",\"url\":\"https:\/\/www.limko.be\/wp-content\/uploads\/2021\/10\/Serap_Rainbow_horizontaal-300x196.jpg\",\"contentUrl\":\"https:\/\/www.limko.be\/wp-content\/uploads\/2021\/10\/Serap_Rainbow_horizontaal-300x196.jpg\"},{\"@type\":\"BreadcrumbList\",\"@id\":\"https:\/\/www.limko.be\/fr\/lelevage\/tanks-a-lait-de-serap\/#breadcrumb\",\"itemListElement\":[{\"@type\":\"ListItem\",\"position\":1,\"name\":\"Home\",\"item\":\"https:\/\/www.limko.be\/fr\/\"},{\"@type\":\"ListItem\",\"position\":2,\"name\":\"L&rsquo;elevage\",\"item\":\"https:\/\/www.limko.be\/fr\/lelevage\/\"},{\"@type\":\"ListItem\",\"position\":3,\"name\":\"Tanks \u00e0 lait de SERAP\"}]},{\"@type\":\"WebSite\",\"@id\":\"https:\/\/www.limko.be\/fr\/#website\",\"url\":\"https:\/\/www.limko.be\/fr\/\",\"name\":\"Limko.be\",\"description\":\"Limko.be: klimatisatie, koeling en zuivelmachines\",\"publisher\":{\"@id\":\"https:\/\/www.limko.be\/fr\/#organization\"},\"potentialAction\":[{\"@type\":\"SearchAction\",\"target\":{\"@type\":\"EntryPoint\",\"urlTemplate\":\"https:\/\/www.limko.be\/fr\/?s={search_term_string}\"},\"query-input\":{\"@type\":\"PropertyValueSpecification\",\"valueRequired\":true,\"valueName\":\"search_term_string\"}}],\"inLanguage\":\"fr-FR\"},{\"@type\":\"Organization\",\"@id\":\"https:\/\/www.limko.be\/fr\/#organization\",\"name\":\"Limko NV\",\"url\":\"https:\/\/www.limko.be\/fr\/\",\"logo\":{\"@type\":\"ImageObject\",\"inLanguage\":\"fr-FR\",\"@id\":\"https:\/\/www.limko.be\/fr\/#\/schema\/logo\/image\/\",\"url\":\"https:\/\/www.limko.be\/wp-content\/uploads\/2021\/10\/limko.png\",\"contentUrl\":\"https:\/\/www.limko.be\/wp-content\/uploads\/2021\/10\/limko.png\",\"width\":200,\"height\":200,\"caption\":\"Limko NV\"},\"image\":{\"@id\":\"https:\/\/www.limko.be\/fr\/#\/schema\/logo\/image\/\"},\"sameAs\":[\"https:\/\/www.facebook.com\/limkoNV\"]}]}<\/script>\n<!-- \/ Yoast SEO plugin. -->","yoast_head_json":{"title":"Melkkoeltanks SERAP","robots":{"index":"index","follow":"follow","max-snippet":"max-snippet:-1","max-image-preview":"max-image-preview:large","max-video-preview":"max-video-preview:-1"},"canonical":"https:\/\/www.limko.be\/fr\/lelevage\/tanks-a-lait-de-serap\/","og_locale":"fr_FR","og_type":"article","og_title":"Melkkoeltanks SERAP","og_description":"L\u2019entreprise familiale fran\u00e7aise SERAP fabrique depuis 1963 des tanks \u00e0 lait de la plus haute qualit\u00e9. En fonction de l\u2019espace disponible, vous choisissez...","og_url":"https:\/\/www.limko.be\/fr\/lelevage\/tanks-a-lait-de-serap\/","og_site_name":"Limko.be","article_publisher":"https:\/\/www.facebook.com\/limkoNV","article_modified_time":"2021-10-06T09:50:28+00:00","og_image":[{"url":"https:\/\/www.limko.be\/wp-content\/uploads\/2021\/10\/Serap_Rainbow_horizontaal-300x196.jpg","type":"","width":"","height":""}],"twitter_card":"summary_large_image","twitter_misc":{"Dur\u00e9e de lecture estim\u00e9e":"1 minute"},"schema":{"@context":"https:\/\/schema.org","@graph":[{"@type":"WebPage","@id":"https:\/\/www.limko.be\/fr\/lelevage\/tanks-a-lait-de-serap\/","url":"https:\/\/www.limko.be\/fr\/lelevage\/tanks-a-lait-de-serap\/","name":"Melkkoeltanks SERAP","isPartOf":{"@id":"https:\/\/www.limko.be\/fr\/#website"},"primaryImageOfPage":{"@id":"https:\/\/www.limko.be\/fr\/lelevage\/tanks-a-lait-de-serap\/#primaryimage"},"image":{"@id":"https:\/\/www.limko.be\/fr\/lelevage\/tanks-a-lait-de-serap\/#primaryimage"},"thumbnailUrl":"https:\/\/www.limko.be\/wp-content\/uploads\/2021\/10\/Serap_Rainbow_horizontaal-300x196.jpg","datePublished":"2021-10-02T14:44:51+00:00","dateModified":"2021-10-06T09:50:28+00:00","breadcrumb":{"@id":"https:\/\/www.limko.be\/fr\/lelevage\/tanks-a-lait-de-serap\/#breadcrumb"},"inLanguage":"fr-FR","potentialAction":[{"@type":"ReadAction","target":["https:\/\/www.limko.be\/fr\/lelevage\/tanks-a-lait-de-serap\/"]}]},{"@type":"ImageObject","inLanguage":"fr-FR","@id":"https:\/\/www.limko.be\/fr\/lelevage\/tanks-a-lait-de-serap\/#primaryimage","url":"https:\/\/www.limko.be\/wp-content\/uploads\/2021\/10\/Serap_Rainbow_horizontaal-300x196.jpg","contentUrl":"https:\/\/www.limko.be\/wp-content\/uploads\/2021\/10\/Serap_Rainbow_horizontaal-300x196.jpg"},{"@type":"BreadcrumbList","@id":"https:\/\/www.limko.be\/fr\/lelevage\/tanks-a-lait-de-serap\/#breadcrumb","itemListElement":[{"@type":"ListItem","position":1,"name":"Home","item":"https:\/\/www.limko.be\/fr\/"},{"@type":"ListItem","position":2,"name":"L&rsquo;elevage","item":"https:\/\/www.limko.be\/fr\/lelevage\/"},{"@type":"ListItem","position":3,"name":"Tanks \u00e0 lait de SERAP"}]},{"@type":"WebSite","@id":"https:\/\/www.limko.be\/fr\/#website","url":"https:\/\/www.limko.be\/fr\/","name":"Limko.be","description":"Limko.be: klimatisatie, koeling en zuivelmachines","publisher":{"@id":"https:\/\/www.limko.be\/fr\/#organization"},"potentialAction":[{"@type":"SearchAction","target":{"@type":"EntryPoint","urlTemplate":"https:\/\/www.limko.be\/fr\/?s={search_term_string}"},"query-input":{"@type":"PropertyValueSpecification","valueRequired":true,"valueName":"search_term_string"}}],"inLanguage":"fr-FR"},{"@type":"Organization","@id":"https:\/\/www.limko.be\/fr\/#organization","name":"Limko NV","url":"https:\/\/www.limko.be\/fr\/","logo":{"@type":"ImageObject","inLanguage":"fr-FR","@id":"https:\/\/www.limko.be\/fr\/#\/schema\/logo\/image\/","url":"https:\/\/www.limko.be\/wp-content\/uploads\/2021\/10\/limko.png","contentUrl":"https:\/\/www.limko.be\/wp-content\/uploads\/2021\/10\/limko.png","width":200,"height":200,"caption":"Limko NV"},"image":{"@id":"https:\/\/www.limko.be\/fr\/#\/schema\/logo\/image\/"},"sameAs":["https:\/\/www.facebook.com\/limkoNV"]}]}},"_links":{"self":[{"href":"https:\/\/www.limko.be\/fr\/wp-json\/wp\/v2\/pages\/561","targetHints":{"allow":["GET"]}}],"collection":[{"href":"https:\/\/www.limko.be\/fr\/wp-json\/wp\/v2\/pages"}],"about":[{"href":"https:\/\/www.limko.be\/fr\/wp-json\/wp\/v2\/types\/page"}],"author":[{"embeddable":true,"href":"https:\/\/www.limko.be\/fr\/wp-json\/wp\/v2\/users\/1"}],"replies":[{"embeddable":true,"href":"https:\/\/www.limko.be\/fr\/wp-json\/wp\/v2\/comments?post=561"}],"version-history":[{"count":0,"href":"https:\/\/www.limko.be\/fr\/wp-json\/wp\/v2\/pages\/561\/revisions"}],"up":[{"embeddable":true,"href":"https:\/\/www.limko.be\/fr\/wp-json\/wp\/v2\/pages\/555"}],"wp:attachment":[{"href":"https:\/\/www.limko.be\/fr\/wp-json\/wp\/v2\/media?parent=561"}],"curies":[{"name":"wp","href":"https:\/\/api.w.org\/{rel}","templated":true}]}}