{"id":573,"date":"2021-10-02T16:47:49","date_gmt":"2021-10-02T14:47:49","guid":{"rendered":"https:\/\/www.limko.be\/lelevage\/warmterecuperatie\/"},"modified":"2021-10-06T14:02:41","modified_gmt":"2021-10-06T12:02:41","slug":"recuperation-de-chaleur-ecolacteo","status":"publish","type":"page","link":"https:\/\/www.limko.be\/fr\/lelevage\/recuperation-de-chaleur-ecolacteo\/","title":{"rendered":"R\u00e9cup\u00e9ration de chaleur optimale et rendement de refroidissement excellent pour votre tank \u00e0 lait"},"content":{"rendered":"<p>Gr\u00e2ce au syst\u00e8me de r\u00e9cup\u00e9ration de chaleur d\u2019Ecolacteo, vous optimalisez la r\u00e9cup\u00e9ration de chaleur, le rendement de refroidissement et la consommation \u00e9nerg\u00e9tique de votre tank \u00e0 lait.<\/p>\n<h2>M\u00e9thode de travail<\/h2>\n<h3>RECHAUFFER ET REFROIDIR EN UN CYCLE DE REFROIDISSEMENT.<\/h3>\n<p>La pompe \u00e0 chaleur d\u2019Ecolacteo extrait toute la chaleur du lait et la transporte int\u00e9gralement vers l\u2019espace de stockage d\u2019eau. Le r\u00e9gulateur de d\u00e9bit garantit une temp\u00e9rature d\u2019eau de 50 \u00e0 55\u00b0C \u00e0 la sortie de l\u2019\u00e9changeur. L\u2019eau dans le tonneau de stockage se r\u00e9chauffe rapidement quelle que soit la temp\u00e9rature ambiante.<\/p>\n<p>Lorsque l\u2019eau est enti\u00e8rement \u00e0 temp\u00e9rature, le(s) ventilateur(s) se met(tent) en marche. Le thermostat active le condenseur, la pression de condensation et la consommation \u00e9nerg\u00e9tique diminuent et le rendement de refroidissement augmente.<\/p>\n<div><img loading=\"lazy\" decoding=\"async\" class=\"alignnone wp-image-379 size-large\" src=\"https:\/\/www.limko.be\/wp-content\/uploads\/2021\/10\/koelrendement-1024x416.png\" alt=\"\" width=\"1024\" height=\"416\" srcset=\"https:\/\/www.limko.be\/wp-content\/uploads\/2021\/10\/koelrendement-1024x416.png 1024w, https:\/\/www.limko.be\/wp-content\/uploads\/2021\/10\/koelrendement-300x122.png 300w, https:\/\/www.limko.be\/wp-content\/uploads\/2021\/10\/koelrendement-768x312.png 768w, https:\/\/www.limko.be\/wp-content\/uploads\/2021\/10\/koelrendement.png 1461w\" sizes=\"auto, (max-width: 1024px) 100vw, 1024px\" \/><\/div>\n<h2>Avantages<\/h2>\n<h3>RECUPERE RAPIDEMENT LA QUANTITE ENTIERE DE CHALEUR<\/h3>\n<p>&#8211; un litre de lait refroidi = un litre d\u2019eau chaude<\/p>\n<h3>GARANTIT \u00c0 L&rsquo;ELEVEUR DE VACHES LAITIERES:<\/h3>\n<p>&#8211; plus d\u2019eau chaude directement apr\u00e8s le d\u00e9part de la traite<span lang=\"NL\"><br \/>\n<\/span>&#8211; de l\u2019eau chaude \u00e0 toutes les saisons, m\u00eame pendant des p\u00e9riodes avec moins de lait<br \/>\n&#8211; haut rendement de technique frigorifique<\/p>\n<h3>S&rsquo;ADAPTE AUTOMATIQUEMENT AUX CIRCONSTANCES DE L&rsquo;ENTREPRISE<\/h3>\n<p>&#8211; en cas de basse consommation d\u2019eau, le fonctionnement de la pompe \u00e0 chaleur diminue<br \/>\n&#8211; en cas de grosse quantit\u00e9 de lait, le syst\u00e8me se met plus vite en mode refroidissement<\/p>\n<h2>Le produit<\/h2>\n<p>Ecolacteo propose trois diff\u00e9rents puissances pour de groupes frigorifiques allant jusqu\u2019\u00e0 15 ch. Par fixation murale ou au sol. Ballons de stockage d\u2019eau chaude de 300, 500, 750 ou 1000 litres<\/p>\n<p><img loading=\"lazy\" decoding=\"async\" class=\"alignnone size-full wp-image-419\" src=\"https:\/\/www.limko.be\/wp-content\/uploads\/2021\/10\/warmterecup1.png\" alt=\"\" width=\"170\" height=\"297\" \/><img loading=\"lazy\" decoding=\"async\" class=\"alignnone wp-image-385 size-full\" src=\"https:\/\/www.limko.be\/wp-content\/uploads\/2021\/10\/opslagvaten_ww.png\" alt=\"\" width=\"150\" height=\"336\" srcset=\"https:\/\/www.limko.be\/wp-content\/uploads\/2021\/10\/opslagvaten_ww.png 150w, https:\/\/www.limko.be\/wp-content\/uploads\/2021\/10\/opslagvaten_ww-134x300.png 134w\" sizes=\"auto, (max-width: 150px) 100vw, 150px\" \/><img loading=\"lazy\" decoding=\"async\" class=\"alignnone size-full wp-image-421\" src=\"https:\/\/www.limko.be\/wp-content\/uploads\/2021\/10\/warmterecup2.png\" alt=\"\" width=\"178\" height=\"283\" \/><\/p>\n<p class=\"cta\">Conseil gratuit ou offre sur mesure au 02\/395 85 00 ou via <a href=\"mailto:info@limko.be\">info@limko.be<\/a><\/p>\n","protected":false},"excerpt":{"rendered":"<p>Gr\u00e2ce au syst\u00e8me de r\u00e9cup\u00e9ration de chaleur d\u2019Ecolacteo, vous optimalisez la r\u00e9cup\u00e9ration de chaleur, le rendement de refroidissement et la consommation \u00e9nerg\u00e9tique de&#8230;<\/p>\n","protected":false},"author":1,"featured_media":0,"parent":555,"menu_order":0,"comment_status":"closed","ping_status":"closed","template":"","meta":{"_acf_changed":false,"inline_featured_image":false,"footnotes":""},"class_list":["post-573","page","type-page","status-publish","hentry"],"acf":[],"yoast_head":"<!-- This site is optimized with the Yoast SEO plugin v27.0 - https:\/\/yoast.com\/product\/yoast-seo-wordpress\/ -->\n<title>Warmterecuperatie ECOLACTEO<\/title>\n<meta name=\"robots\" content=\"index, follow, max-snippet:-1, max-image-preview:large, max-video-preview:-1\" \/>\n<link rel=\"canonical\" href=\"https:\/\/www.limko.be\/fr\/lelevage\/recuperation-de-chaleur-ecolacteo\/\" \/>\n<meta property=\"og:locale\" content=\"fr_FR\" \/>\n<meta property=\"og:type\" content=\"article\" \/>\n<meta property=\"og:title\" content=\"Warmterecuperatie ECOLACTEO\" \/>\n<meta property=\"og:description\" content=\"Gr\u00e2ce au syst\u00e8me de r\u00e9cup\u00e9ration de chaleur d\u2019Ecolacteo, vous optimalisez la r\u00e9cup\u00e9ration de chaleur, le rendement de refroidissement et la consommation \u00e9nerg\u00e9tique de...\" \/>\n<meta property=\"og:url\" content=\"https:\/\/www.limko.be\/fr\/lelevage\/recuperation-de-chaleur-ecolacteo\/\" \/>\n<meta property=\"og:site_name\" content=\"Limko.be\" \/>\n<meta property=\"article:publisher\" content=\"https:\/\/www.facebook.com\/limkoNV\" \/>\n<meta property=\"article:modified_time\" content=\"2021-10-06T12:02:41+00:00\" \/>\n<meta property=\"og:image\" content=\"https:\/\/www.limko.be\/wp-content\/uploads\/2021\/10\/koelrendement-1024x416.png\" \/>\n<meta name=\"twitter:card\" content=\"summary_large_image\" \/>\n<meta name=\"twitter:label1\" content=\"Dur\u00e9e de lecture estim\u00e9e\" \/>\n\t<meta name=\"twitter:data1\" content=\"1 minute\" \/>\n<script type=\"application\/ld+json\" class=\"yoast-schema-graph\">{\"@context\":\"https:\/\/schema.org\",\"@graph\":[{\"@type\":\"WebPage\",\"@id\":\"https:\/\/www.limko.be\/fr\/lelevage\/recuperation-de-chaleur-ecolacteo\/\",\"url\":\"https:\/\/www.limko.be\/fr\/lelevage\/recuperation-de-chaleur-ecolacteo\/\",\"name\":\"Warmterecuperatie ECOLACTEO\",\"isPartOf\":{\"@id\":\"https:\/\/www.limko.be\/fr\/#website\"},\"primaryImageOfPage\":{\"@id\":\"https:\/\/www.limko.be\/fr\/lelevage\/recuperation-de-chaleur-ecolacteo\/#primaryimage\"},\"image\":{\"@id\":\"https:\/\/www.limko.be\/fr\/lelevage\/recuperation-de-chaleur-ecolacteo\/#primaryimage\"},\"thumbnailUrl\":\"https:\/\/www.limko.be\/wp-content\/uploads\/2021\/10\/koelrendement-1024x416.png\",\"datePublished\":\"2021-10-02T14:47:49+00:00\",\"dateModified\":\"2021-10-06T12:02:41+00:00\",\"breadcrumb\":{\"@id\":\"https:\/\/www.limko.be\/fr\/lelevage\/recuperation-de-chaleur-ecolacteo\/#breadcrumb\"},\"inLanguage\":\"fr-FR\",\"potentialAction\":[{\"@type\":\"ReadAction\",\"target\":[\"https:\/\/www.limko.be\/fr\/lelevage\/recuperation-de-chaleur-ecolacteo\/\"]}]},{\"@type\":\"ImageObject\",\"inLanguage\":\"fr-FR\",\"@id\":\"https:\/\/www.limko.be\/fr\/lelevage\/recuperation-de-chaleur-ecolacteo\/#primaryimage\",\"url\":\"https:\/\/www.limko.be\/wp-content\/uploads\/2021\/10\/koelrendement-1024x416.png\",\"contentUrl\":\"https:\/\/www.limko.be\/wp-content\/uploads\/2021\/10\/koelrendement-1024x416.png\"},{\"@type\":\"BreadcrumbList\",\"@id\":\"https:\/\/www.limko.be\/fr\/lelevage\/recuperation-de-chaleur-ecolacteo\/#breadcrumb\",\"itemListElement\":[{\"@type\":\"ListItem\",\"position\":1,\"name\":\"Home\",\"item\":\"https:\/\/www.limko.be\/fr\/\"},{\"@type\":\"ListItem\",\"position\":2,\"name\":\"L&rsquo;elevage\",\"item\":\"https:\/\/www.limko.be\/fr\/lelevage\/\"},{\"@type\":\"ListItem\",\"position\":3,\"name\":\"R\u00e9cup\u00e9ration de chaleur optimale et rendement de refroidissement excellent pour votre tank \u00e0 lait\"}]},{\"@type\":\"WebSite\",\"@id\":\"https:\/\/www.limko.be\/fr\/#website\",\"url\":\"https:\/\/www.limko.be\/fr\/\",\"name\":\"Limko.be\",\"description\":\"Limko.be: klimatisatie, koeling en zuivelmachines\",\"publisher\":{\"@id\":\"https:\/\/www.limko.be\/fr\/#organization\"},\"potentialAction\":[{\"@type\":\"SearchAction\",\"target\":{\"@type\":\"EntryPoint\",\"urlTemplate\":\"https:\/\/www.limko.be\/fr\/?s={search_term_string}\"},\"query-input\":{\"@type\":\"PropertyValueSpecification\",\"valueRequired\":true,\"valueName\":\"search_term_string\"}}],\"inLanguage\":\"fr-FR\"},{\"@type\":\"Organization\",\"@id\":\"https:\/\/www.limko.be\/fr\/#organization\",\"name\":\"Limko NV\",\"url\":\"https:\/\/www.limko.be\/fr\/\",\"logo\":{\"@type\":\"ImageObject\",\"inLanguage\":\"fr-FR\",\"@id\":\"https:\/\/www.limko.be\/fr\/#\/schema\/logo\/image\/\",\"url\":\"https:\/\/www.limko.be\/wp-content\/uploads\/2021\/10\/limko.png\",\"contentUrl\":\"https:\/\/www.limko.be\/wp-content\/uploads\/2021\/10\/limko.png\",\"width\":200,\"height\":200,\"caption\":\"Limko NV\"},\"image\":{\"@id\":\"https:\/\/www.limko.be\/fr\/#\/schema\/logo\/image\/\"},\"sameAs\":[\"https:\/\/www.facebook.com\/limkoNV\"]}]}<\/script>\n<!-- \/ Yoast SEO plugin. -->","yoast_head_json":{"title":"Warmterecuperatie ECOLACTEO","robots":{"index":"index","follow":"follow","max-snippet":"max-snippet:-1","max-image-preview":"max-image-preview:large","max-video-preview":"max-video-preview:-1"},"canonical":"https:\/\/www.limko.be\/fr\/lelevage\/recuperation-de-chaleur-ecolacteo\/","og_locale":"fr_FR","og_type":"article","og_title":"Warmterecuperatie ECOLACTEO","og_description":"Gr\u00e2ce au syst\u00e8me de r\u00e9cup\u00e9ration de chaleur d\u2019Ecolacteo, vous optimalisez la r\u00e9cup\u00e9ration de chaleur, le rendement de refroidissement et la consommation \u00e9nerg\u00e9tique de...","og_url":"https:\/\/www.limko.be\/fr\/lelevage\/recuperation-de-chaleur-ecolacteo\/","og_site_name":"Limko.be","article_publisher":"https:\/\/www.facebook.com\/limkoNV","article_modified_time":"2021-10-06T12:02:41+00:00","og_image":[{"url":"https:\/\/www.limko.be\/wp-content\/uploads\/2021\/10\/koelrendement-1024x416.png","type":"","width":"","height":""}],"twitter_card":"summary_large_image","twitter_misc":{"Dur\u00e9e de lecture estim\u00e9e":"1 minute"},"schema":{"@context":"https:\/\/schema.org","@graph":[{"@type":"WebPage","@id":"https:\/\/www.limko.be\/fr\/lelevage\/recuperation-de-chaleur-ecolacteo\/","url":"https:\/\/www.limko.be\/fr\/lelevage\/recuperation-de-chaleur-ecolacteo\/","name":"Warmterecuperatie ECOLACTEO","isPartOf":{"@id":"https:\/\/www.limko.be\/fr\/#website"},"primaryImageOfPage":{"@id":"https:\/\/www.limko.be\/fr\/lelevage\/recuperation-de-chaleur-ecolacteo\/#primaryimage"},"image":{"@id":"https:\/\/www.limko.be\/fr\/lelevage\/recuperation-de-chaleur-ecolacteo\/#primaryimage"},"thumbnailUrl":"https:\/\/www.limko.be\/wp-content\/uploads\/2021\/10\/koelrendement-1024x416.png","datePublished":"2021-10-02T14:47:49+00:00","dateModified":"2021-10-06T12:02:41+00:00","breadcrumb":{"@id":"https:\/\/www.limko.be\/fr\/lelevage\/recuperation-de-chaleur-ecolacteo\/#breadcrumb"},"inLanguage":"fr-FR","potentialAction":[{"@type":"ReadAction","target":["https:\/\/www.limko.be\/fr\/lelevage\/recuperation-de-chaleur-ecolacteo\/"]}]},{"@type":"ImageObject","inLanguage":"fr-FR","@id":"https:\/\/www.limko.be\/fr\/lelevage\/recuperation-de-chaleur-ecolacteo\/#primaryimage","url":"https:\/\/www.limko.be\/wp-content\/uploads\/2021\/10\/koelrendement-1024x416.png","contentUrl":"https:\/\/www.limko.be\/wp-content\/uploads\/2021\/10\/koelrendement-1024x416.png"},{"@type":"BreadcrumbList","@id":"https:\/\/www.limko.be\/fr\/lelevage\/recuperation-de-chaleur-ecolacteo\/#breadcrumb","itemListElement":[{"@type":"ListItem","position":1,"name":"Home","item":"https:\/\/www.limko.be\/fr\/"},{"@type":"ListItem","position":2,"name":"L&rsquo;elevage","item":"https:\/\/www.limko.be\/fr\/lelevage\/"},{"@type":"ListItem","position":3,"name":"R\u00e9cup\u00e9ration de chaleur optimale et rendement de refroidissement excellent pour votre tank \u00e0 lait"}]},{"@type":"WebSite","@id":"https:\/\/www.limko.be\/fr\/#website","url":"https:\/\/www.limko.be\/fr\/","name":"Limko.be","description":"Limko.be: klimatisatie, koeling en zuivelmachines","publisher":{"@id":"https:\/\/www.limko.be\/fr\/#organization"},"potentialAction":[{"@type":"SearchAction","target":{"@type":"EntryPoint","urlTemplate":"https:\/\/www.limko.be\/fr\/?s={search_term_string}"},"query-input":{"@type":"PropertyValueSpecification","valueRequired":true,"valueName":"search_term_string"}}],"inLanguage":"fr-FR"},{"@type":"Organization","@id":"https:\/\/www.limko.be\/fr\/#organization","name":"Limko NV","url":"https:\/\/www.limko.be\/fr\/","logo":{"@type":"ImageObject","inLanguage":"fr-FR","@id":"https:\/\/www.limko.be\/fr\/#\/schema\/logo\/image\/","url":"https:\/\/www.limko.be\/wp-content\/uploads\/2021\/10\/limko.png","contentUrl":"https:\/\/www.limko.be\/wp-content\/uploads\/2021\/10\/limko.png","width":200,"height":200,"caption":"Limko NV"},"image":{"@id":"https:\/\/www.limko.be\/fr\/#\/schema\/logo\/image\/"},"sameAs":["https:\/\/www.facebook.com\/limkoNV"]}]}},"_links":{"self":[{"href":"https:\/\/www.limko.be\/fr\/wp-json\/wp\/v2\/pages\/573","targetHints":{"allow":["GET"]}}],"collection":[{"href":"https:\/\/www.limko.be\/fr\/wp-json\/wp\/v2\/pages"}],"about":[{"href":"https:\/\/www.limko.be\/fr\/wp-json\/wp\/v2\/types\/page"}],"author":[{"embeddable":true,"href":"https:\/\/www.limko.be\/fr\/wp-json\/wp\/v2\/users\/1"}],"replies":[{"embeddable":true,"href":"https:\/\/www.limko.be\/fr\/wp-json\/wp\/v2\/comments?post=573"}],"version-history":[{"count":0,"href":"https:\/\/www.limko.be\/fr\/wp-json\/wp\/v2\/pages\/573\/revisions"}],"up":[{"embeddable":true,"href":"https:\/\/www.limko.be\/fr\/wp-json\/wp\/v2\/pages\/555"}],"wp:attachment":[{"href":"https:\/\/www.limko.be\/fr\/wp-json\/wp\/v2\/media?parent=573"}],"curies":[{"name":"wp","href":"https:\/\/api.w.org\/{rel}","templated":true}]}}