{"id":582,"date":"2021-10-02T16:53:07","date_gmt":"2021-10-02T14:53:07","guid":{"rendered":"https:\/\/www.limko.be\/lelevage\/veemanagement\/"},"modified":"2021-10-06T14:03:07","modified_gmt":"2021-10-06T12:03:07","slug":"systemes-de-gestion-delevage-de-nedap","status":"publish","type":"page","link":"https:\/\/www.limko.be\/fr\/lelevage\/systemes-de-gestion-delevage-de-nedap\/","title":{"rendered":"Syst\u00e8mes de gestion d\u2019\u00e9levage complets de NEDAP"},"content":{"rendered":"<p><img loading=\"lazy\" decoding=\"async\" class=\"size-medium wp-image-405 alignright\" src=\"https:\/\/www.limko.be\/wp-content\/uploads\/2021\/10\/stock-photo-18471340-cattle-feedlot-259x300.jpg\" alt=\"\" width=\"259\" height=\"300\" srcset=\"https:\/\/www.limko.be\/wp-content\/uploads\/2021\/10\/stock-photo-18471340-cattle-feedlot-259x300.jpg 259w, https:\/\/www.limko.be\/wp-content\/uploads\/2021\/10\/stock-photo-18471340-cattle-feedlot.jpg 328w\" sizes=\"auto, (max-width: 259px) 100vw, 259px\" \/><\/p>\n<p>Nos produits de Nedap rendent possible la gestion d\u2019animaux individuelle, automatisent les op\u00e9rations de routine et donnent l\u2019information de gestion essentielle. Ceci fait descendre la consommation d\u2019aliment et la n\u00e9cessit\u00e9 de travail et am\u00e9liore le rendement.<\/p>\n<p>Gr\u00e2ce \u00e0 Nedap, les \u00e9leveurs de b\u00e9tail et de porcs peuvent \u00e0 nouveau se concentrer sur les vraies t\u00e2ches de gestion comme l\u2019am\u00e9lioration de r\u00e9sultats et la croissance.<\/p>\n<p class=\"cta\">Conseil gratuit ou offre sur mesure au 02\/395 85 00 ou via <a href=\"mailto:info@limko.be\">info@limko.be<\/a><\/p>\n<ul>\n<li><a href=\"https:\/\/www.limko.be\/veehouderij\/veemanagement\/zeugen\">Groepshuisvesting voor zeugen<\/a><\/li>\n<li><a href=\"https:\/\/www.limko.be\/veehouderij\/veemanagement\/melkvee\">Stalautomatisatie melkvee<\/a><\/li>\n<\/ul>\n<ul>\n<li><\/li>\n<\/ul>\n","protected":false},"excerpt":{"rendered":"<p>Nos produits de Nedap rendent possible la gestion d\u2019animaux individuelle, automatisent les op\u00e9rations de routine et donnent l\u2019information de gestion essentielle. Ceci fait&#8230;<\/p>\n","protected":false},"author":1,"featured_media":0,"parent":555,"menu_order":0,"comment_status":"closed","ping_status":"closed","template":"","meta":{"_acf_changed":false,"inline_featured_image":false,"footnotes":""},"class_list":["post-582","page","type-page","status-publish","hentry"],"acf":[],"yoast_head":"<!-- This site is optimized with the Yoast SEO plugin v27.0 - https:\/\/yoast.com\/product\/yoast-seo-wordpress\/ -->\n<title>Veemanagementsystemen NEDAP<\/title>\n<meta name=\"robots\" content=\"index, follow, max-snippet:-1, max-image-preview:large, max-video-preview:-1\" \/>\n<link rel=\"canonical\" href=\"https:\/\/www.limko.be\/fr\/lelevage\/systemes-de-gestion-delevage-de-nedap\/\" \/>\n<meta property=\"og:locale\" content=\"fr_FR\" \/>\n<meta property=\"og:type\" content=\"article\" \/>\n<meta property=\"og:title\" content=\"Veemanagementsystemen NEDAP\" \/>\n<meta property=\"og:description\" content=\"Nos produits de Nedap rendent possible la gestion d\u2019animaux individuelle, automatisent les op\u00e9rations de routine et donnent l\u2019information de gestion essentielle. Ceci fait...\" \/>\n<meta property=\"og:url\" content=\"https:\/\/www.limko.be\/fr\/lelevage\/systemes-de-gestion-delevage-de-nedap\/\" \/>\n<meta property=\"og:site_name\" content=\"Limko.be\" \/>\n<meta property=\"article:publisher\" content=\"https:\/\/www.facebook.com\/limkoNV\" \/>\n<meta property=\"article:modified_time\" content=\"2021-10-06T12:03:07+00:00\" \/>\n<meta property=\"og:image\" content=\"https:\/\/www.limko.be\/wp-content\/uploads\/2021\/10\/stock-photo-18471340-cattle-feedlot-259x300.jpg\" \/>\n<meta name=\"twitter:card\" content=\"summary_large_image\" \/>\n<script type=\"application\/ld+json\" class=\"yoast-schema-graph\">{\"@context\":\"https:\/\/schema.org\",\"@graph\":[{\"@type\":\"WebPage\",\"@id\":\"https:\/\/www.limko.be\/fr\/lelevage\/systemes-de-gestion-delevage-de-nedap\/\",\"url\":\"https:\/\/www.limko.be\/fr\/lelevage\/systemes-de-gestion-delevage-de-nedap\/\",\"name\":\"Veemanagementsystemen NEDAP\",\"isPartOf\":{\"@id\":\"https:\/\/www.limko.be\/fr\/#website\"},\"primaryImageOfPage\":{\"@id\":\"https:\/\/www.limko.be\/fr\/lelevage\/systemes-de-gestion-delevage-de-nedap\/#primaryimage\"},\"image\":{\"@id\":\"https:\/\/www.limko.be\/fr\/lelevage\/systemes-de-gestion-delevage-de-nedap\/#primaryimage\"},\"thumbnailUrl\":\"https:\/\/www.limko.be\/wp-content\/uploads\/2021\/10\/stock-photo-18471340-cattle-feedlot-259x300.jpg\",\"datePublished\":\"2021-10-02T14:53:07+00:00\",\"dateModified\":\"2021-10-06T12:03:07+00:00\",\"breadcrumb\":{\"@id\":\"https:\/\/www.limko.be\/fr\/lelevage\/systemes-de-gestion-delevage-de-nedap\/#breadcrumb\"},\"inLanguage\":\"fr-FR\",\"potentialAction\":[{\"@type\":\"ReadAction\",\"target\":[\"https:\/\/www.limko.be\/fr\/lelevage\/systemes-de-gestion-delevage-de-nedap\/\"]}]},{\"@type\":\"ImageObject\",\"inLanguage\":\"fr-FR\",\"@id\":\"https:\/\/www.limko.be\/fr\/lelevage\/systemes-de-gestion-delevage-de-nedap\/#primaryimage\",\"url\":\"https:\/\/www.limko.be\/wp-content\/uploads\/2021\/10\/stock-photo-18471340-cattle-feedlot-259x300.jpg\",\"contentUrl\":\"https:\/\/www.limko.be\/wp-content\/uploads\/2021\/10\/stock-photo-18471340-cattle-feedlot-259x300.jpg\"},{\"@type\":\"BreadcrumbList\",\"@id\":\"https:\/\/www.limko.be\/fr\/lelevage\/systemes-de-gestion-delevage-de-nedap\/#breadcrumb\",\"itemListElement\":[{\"@type\":\"ListItem\",\"position\":1,\"name\":\"Home\",\"item\":\"https:\/\/www.limko.be\/fr\/\"},{\"@type\":\"ListItem\",\"position\":2,\"name\":\"L&rsquo;elevage\",\"item\":\"https:\/\/www.limko.be\/fr\/lelevage\/\"},{\"@type\":\"ListItem\",\"position\":3,\"name\":\"Syst\u00e8mes de gestion d\u2019\u00e9levage complets de NEDAP\"}]},{\"@type\":\"WebSite\",\"@id\":\"https:\/\/www.limko.be\/fr\/#website\",\"url\":\"https:\/\/www.limko.be\/fr\/\",\"name\":\"Limko.be\",\"description\":\"Limko.be: klimatisatie, koeling en zuivelmachines\",\"publisher\":{\"@id\":\"https:\/\/www.limko.be\/fr\/#organization\"},\"potentialAction\":[{\"@type\":\"SearchAction\",\"target\":{\"@type\":\"EntryPoint\",\"urlTemplate\":\"https:\/\/www.limko.be\/fr\/?s={search_term_string}\"},\"query-input\":{\"@type\":\"PropertyValueSpecification\",\"valueRequired\":true,\"valueName\":\"search_term_string\"}}],\"inLanguage\":\"fr-FR\"},{\"@type\":\"Organization\",\"@id\":\"https:\/\/www.limko.be\/fr\/#organization\",\"name\":\"Limko NV\",\"url\":\"https:\/\/www.limko.be\/fr\/\",\"logo\":{\"@type\":\"ImageObject\",\"inLanguage\":\"fr-FR\",\"@id\":\"https:\/\/www.limko.be\/fr\/#\/schema\/logo\/image\/\",\"url\":\"https:\/\/www.limko.be\/wp-content\/uploads\/2021\/10\/limko.png\",\"contentUrl\":\"https:\/\/www.limko.be\/wp-content\/uploads\/2021\/10\/limko.png\",\"width\":200,\"height\":200,\"caption\":\"Limko NV\"},\"image\":{\"@id\":\"https:\/\/www.limko.be\/fr\/#\/schema\/logo\/image\/\"},\"sameAs\":[\"https:\/\/www.facebook.com\/limkoNV\"]}]}<\/script>\n<!-- \/ Yoast SEO plugin. -->","yoast_head_json":{"title":"Veemanagementsystemen NEDAP","robots":{"index":"index","follow":"follow","max-snippet":"max-snippet:-1","max-image-preview":"max-image-preview:large","max-video-preview":"max-video-preview:-1"},"canonical":"https:\/\/www.limko.be\/fr\/lelevage\/systemes-de-gestion-delevage-de-nedap\/","og_locale":"fr_FR","og_type":"article","og_title":"Veemanagementsystemen NEDAP","og_description":"Nos produits de Nedap rendent possible la gestion d\u2019animaux individuelle, automatisent les op\u00e9rations de routine et donnent l\u2019information de gestion essentielle. Ceci fait...","og_url":"https:\/\/www.limko.be\/fr\/lelevage\/systemes-de-gestion-delevage-de-nedap\/","og_site_name":"Limko.be","article_publisher":"https:\/\/www.facebook.com\/limkoNV","article_modified_time":"2021-10-06T12:03:07+00:00","og_image":[{"url":"https:\/\/www.limko.be\/wp-content\/uploads\/2021\/10\/stock-photo-18471340-cattle-feedlot-259x300.jpg","type":"","width":"","height":""}],"twitter_card":"summary_large_image","schema":{"@context":"https:\/\/schema.org","@graph":[{"@type":"WebPage","@id":"https:\/\/www.limko.be\/fr\/lelevage\/systemes-de-gestion-delevage-de-nedap\/","url":"https:\/\/www.limko.be\/fr\/lelevage\/systemes-de-gestion-delevage-de-nedap\/","name":"Veemanagementsystemen NEDAP","isPartOf":{"@id":"https:\/\/www.limko.be\/fr\/#website"},"primaryImageOfPage":{"@id":"https:\/\/www.limko.be\/fr\/lelevage\/systemes-de-gestion-delevage-de-nedap\/#primaryimage"},"image":{"@id":"https:\/\/www.limko.be\/fr\/lelevage\/systemes-de-gestion-delevage-de-nedap\/#primaryimage"},"thumbnailUrl":"https:\/\/www.limko.be\/wp-content\/uploads\/2021\/10\/stock-photo-18471340-cattle-feedlot-259x300.jpg","datePublished":"2021-10-02T14:53:07+00:00","dateModified":"2021-10-06T12:03:07+00:00","breadcrumb":{"@id":"https:\/\/www.limko.be\/fr\/lelevage\/systemes-de-gestion-delevage-de-nedap\/#breadcrumb"},"inLanguage":"fr-FR","potentialAction":[{"@type":"ReadAction","target":["https:\/\/www.limko.be\/fr\/lelevage\/systemes-de-gestion-delevage-de-nedap\/"]}]},{"@type":"ImageObject","inLanguage":"fr-FR","@id":"https:\/\/www.limko.be\/fr\/lelevage\/systemes-de-gestion-delevage-de-nedap\/#primaryimage","url":"https:\/\/www.limko.be\/wp-content\/uploads\/2021\/10\/stock-photo-18471340-cattle-feedlot-259x300.jpg","contentUrl":"https:\/\/www.limko.be\/wp-content\/uploads\/2021\/10\/stock-photo-18471340-cattle-feedlot-259x300.jpg"},{"@type":"BreadcrumbList","@id":"https:\/\/www.limko.be\/fr\/lelevage\/systemes-de-gestion-delevage-de-nedap\/#breadcrumb","itemListElement":[{"@type":"ListItem","position":1,"name":"Home","item":"https:\/\/www.limko.be\/fr\/"},{"@type":"ListItem","position":2,"name":"L&rsquo;elevage","item":"https:\/\/www.limko.be\/fr\/lelevage\/"},{"@type":"ListItem","position":3,"name":"Syst\u00e8mes de gestion d\u2019\u00e9levage complets de NEDAP"}]},{"@type":"WebSite","@id":"https:\/\/www.limko.be\/fr\/#website","url":"https:\/\/www.limko.be\/fr\/","name":"Limko.be","description":"Limko.be: klimatisatie, koeling en zuivelmachines","publisher":{"@id":"https:\/\/www.limko.be\/fr\/#organization"},"potentialAction":[{"@type":"SearchAction","target":{"@type":"EntryPoint","urlTemplate":"https:\/\/www.limko.be\/fr\/?s={search_term_string}"},"query-input":{"@type":"PropertyValueSpecification","valueRequired":true,"valueName":"search_term_string"}}],"inLanguage":"fr-FR"},{"@type":"Organization","@id":"https:\/\/www.limko.be\/fr\/#organization","name":"Limko NV","url":"https:\/\/www.limko.be\/fr\/","logo":{"@type":"ImageObject","inLanguage":"fr-FR","@id":"https:\/\/www.limko.be\/fr\/#\/schema\/logo\/image\/","url":"https:\/\/www.limko.be\/wp-content\/uploads\/2021\/10\/limko.png","contentUrl":"https:\/\/www.limko.be\/wp-content\/uploads\/2021\/10\/limko.png","width":200,"height":200,"caption":"Limko NV"},"image":{"@id":"https:\/\/www.limko.be\/fr\/#\/schema\/logo\/image\/"},"sameAs":["https:\/\/www.facebook.com\/limkoNV"]}]}},"_links":{"self":[{"href":"https:\/\/www.limko.be\/fr\/wp-json\/wp\/v2\/pages\/582","targetHints":{"allow":["GET"]}}],"collection":[{"href":"https:\/\/www.limko.be\/fr\/wp-json\/wp\/v2\/pages"}],"about":[{"href":"https:\/\/www.limko.be\/fr\/wp-json\/wp\/v2\/types\/page"}],"author":[{"embeddable":true,"href":"https:\/\/www.limko.be\/fr\/wp-json\/wp\/v2\/users\/1"}],"replies":[{"embeddable":true,"href":"https:\/\/www.limko.be\/fr\/wp-json\/wp\/v2\/comments?post=582"}],"version-history":[{"count":0,"href":"https:\/\/www.limko.be\/fr\/wp-json\/wp\/v2\/pages\/582\/revisions"}],"up":[{"embeddable":true,"href":"https:\/\/www.limko.be\/fr\/wp-json\/wp\/v2\/pages\/555"}],"wp:attachment":[{"href":"https:\/\/www.limko.be\/fr\/wp-json\/wp\/v2\/media?parent=582"}],"curies":[{"name":"wp","href":"https:\/\/api.w.org\/{rel}","templated":true}]}}