{"id":586,"date":"2021-10-02T16:54:17","date_gmt":"2021-10-02T14:54:17","guid":{"rendered":"https:\/\/www.limko.be\/lelevage\/drinkautomaten\/"},"modified":"2021-10-06T14:02:29","modified_gmt":"2021-10-06T12:02:29","slug":"distributeurs-de-foerster","status":"publish","type":"page","link":"https:\/\/www.limko.be\/fr\/lelevage\/distributeurs-de-foerster\/","title":{"rendered":"Distributeurs de F\u00f6rster pour veaux, ch\u00e8vres et porcelets"},"content":{"rendered":"<p><img loading=\"lazy\" decoding=\"async\" class=\"size-full wp-image-357 alignright\" src=\"https:\/\/www.limko.be\/wp-content\/uploads\/2021\/10\/baby-mix.png\" alt=\"\" width=\"204\" height=\"280\" \/><\/p>\n<p>Les louves de F\u00f6rster dosent la quantit\u00e9 de lait, de poudre de lait, de fourrage concentr\u00e9 et de vitamines par animal. Ils s\u2019occupent ainsi de la croissance saine et optimale de vos animaux.<\/p>\n<h3>LES DISTRIBUTEURS AUTOMATIQUES D&rsquo;ALIMENTS LIQUIDES POUR PORCELETS<\/h3>\n<p>En mati\u00e8re d&rsquo;\u00e9levage de porcelets, F\u00f6rster-Technik propose deux distributeurs automatiques d&rsquo;aliments liquides diff\u00e9rents. Le distributeur Baby-Milk-Mix-Feeder pour l&rsquo;\u00e9levage de porcelets de lait sans leur m\u00e8re \u00e0 compter du troisi\u00e8me jour apr\u00e8s la naissance. Le distributeur Baby-Mix-Feeder est utilis\u00e9 pour l&rsquo;alimentation liquide de porcelets sevr\u00e9s jusqu&rsquo;\u00e0 30 kg. Combinaisons possibles pour 200 \u00e0 1500 porcelets.<\/p>\n<p class=\"cta\">Conseil gratuit ou offre sur mesure au 02\/395 85 00 ou via\u00a0<a href=\"mailto:info@limko.be\">info@limko.be<\/a><\/p>\n<p class=\"cta\">\n","protected":false},"excerpt":{"rendered":"<p>Les louves de F\u00f6rster dosent la quantit\u00e9 de lait, de poudre de lait, de fourrage concentr\u00e9 et de vitamines par animal. Ils s\u2019occupent&#8230;<\/p>\n","protected":false},"author":1,"featured_media":0,"parent":555,"menu_order":0,"comment_status":"closed","ping_status":"closed","template":"","meta":{"_acf_changed":false,"inline_featured_image":false,"footnotes":""},"class_list":["post-586","page","type-page","status-publish","hentry"],"acf":[],"yoast_head":"<!-- This site is optimized with the Yoast SEO plugin v27.0 - https:\/\/yoast.com\/product\/yoast-seo-wordpress\/ -->\n<title>F\u00f6rster drinkautomaten<\/title>\n<meta name=\"robots\" content=\"index, follow, max-snippet:-1, max-image-preview:large, max-video-preview:-1\" \/>\n<link rel=\"canonical\" href=\"https:\/\/www.limko.be\/fr\/lelevage\/distributeurs-de-foerster\/\" \/>\n<meta property=\"og:locale\" content=\"fr_FR\" \/>\n<meta property=\"og:type\" content=\"article\" \/>\n<meta property=\"og:title\" content=\"F\u00f6rster drinkautomaten\" \/>\n<meta property=\"og:description\" content=\"Les louves de F\u00f6rster dosent la quantit\u00e9 de lait, de poudre de lait, de fourrage concentr\u00e9 et de vitamines par animal. Ils s\u2019occupent...\" \/>\n<meta property=\"og:url\" content=\"https:\/\/www.limko.be\/fr\/lelevage\/distributeurs-de-foerster\/\" \/>\n<meta property=\"og:site_name\" content=\"Limko.be\" \/>\n<meta property=\"article:publisher\" content=\"https:\/\/www.facebook.com\/limkoNV\" \/>\n<meta property=\"article:modified_time\" content=\"2021-10-06T12:02:29+00:00\" \/>\n<meta property=\"og:image\" content=\"https:\/\/www.limko.be\/wp-content\/uploads\/2021\/10\/baby-mix.png\" \/>\n<meta name=\"twitter:card\" content=\"summary_large_image\" \/>\n<meta name=\"twitter:label1\" content=\"Dur\u00e9e de lecture estim\u00e9e\" \/>\n\t<meta name=\"twitter:data1\" content=\"1 minute\" \/>\n<script type=\"application\/ld+json\" class=\"yoast-schema-graph\">{\"@context\":\"https:\/\/schema.org\",\"@graph\":[{\"@type\":\"WebPage\",\"@id\":\"https:\/\/www.limko.be\/fr\/lelevage\/distributeurs-de-foerster\/\",\"url\":\"https:\/\/www.limko.be\/fr\/lelevage\/distributeurs-de-foerster\/\",\"name\":\"F\u00f6rster drinkautomaten\",\"isPartOf\":{\"@id\":\"https:\/\/www.limko.be\/fr\/#website\"},\"primaryImageOfPage\":{\"@id\":\"https:\/\/www.limko.be\/fr\/lelevage\/distributeurs-de-foerster\/#primaryimage\"},\"image\":{\"@id\":\"https:\/\/www.limko.be\/fr\/lelevage\/distributeurs-de-foerster\/#primaryimage\"},\"thumbnailUrl\":\"https:\/\/www.limko.be\/wp-content\/uploads\/2021\/10\/baby-mix.png\",\"datePublished\":\"2021-10-02T14:54:17+00:00\",\"dateModified\":\"2021-10-06T12:02:29+00:00\",\"breadcrumb\":{\"@id\":\"https:\/\/www.limko.be\/fr\/lelevage\/distributeurs-de-foerster\/#breadcrumb\"},\"inLanguage\":\"fr-FR\",\"potentialAction\":[{\"@type\":\"ReadAction\",\"target\":[\"https:\/\/www.limko.be\/fr\/lelevage\/distributeurs-de-foerster\/\"]}]},{\"@type\":\"ImageObject\",\"inLanguage\":\"fr-FR\",\"@id\":\"https:\/\/www.limko.be\/fr\/lelevage\/distributeurs-de-foerster\/#primaryimage\",\"url\":\"https:\/\/www.limko.be\/wp-content\/uploads\/2021\/10\/baby-mix.png\",\"contentUrl\":\"https:\/\/www.limko.be\/wp-content\/uploads\/2021\/10\/baby-mix.png\"},{\"@type\":\"BreadcrumbList\",\"@id\":\"https:\/\/www.limko.be\/fr\/lelevage\/distributeurs-de-foerster\/#breadcrumb\",\"itemListElement\":[{\"@type\":\"ListItem\",\"position\":1,\"name\":\"Home\",\"item\":\"https:\/\/www.limko.be\/fr\/\"},{\"@type\":\"ListItem\",\"position\":2,\"name\":\"L&rsquo;elevage\",\"item\":\"https:\/\/www.limko.be\/fr\/lelevage\/\"},{\"@type\":\"ListItem\",\"position\":3,\"name\":\"Distributeurs de F\u00f6rster pour veaux, ch\u00e8vres et porcelets\"}]},{\"@type\":\"WebSite\",\"@id\":\"https:\/\/www.limko.be\/fr\/#website\",\"url\":\"https:\/\/www.limko.be\/fr\/\",\"name\":\"Limko.be\",\"description\":\"Limko.be: klimatisatie, koeling en zuivelmachines\",\"publisher\":{\"@id\":\"https:\/\/www.limko.be\/fr\/#organization\"},\"potentialAction\":[{\"@type\":\"SearchAction\",\"target\":{\"@type\":\"EntryPoint\",\"urlTemplate\":\"https:\/\/www.limko.be\/fr\/?s={search_term_string}\"},\"query-input\":{\"@type\":\"PropertyValueSpecification\",\"valueRequired\":true,\"valueName\":\"search_term_string\"}}],\"inLanguage\":\"fr-FR\"},{\"@type\":\"Organization\",\"@id\":\"https:\/\/www.limko.be\/fr\/#organization\",\"name\":\"Limko NV\",\"url\":\"https:\/\/www.limko.be\/fr\/\",\"logo\":{\"@type\":\"ImageObject\",\"inLanguage\":\"fr-FR\",\"@id\":\"https:\/\/www.limko.be\/fr\/#\/schema\/logo\/image\/\",\"url\":\"https:\/\/www.limko.be\/wp-content\/uploads\/2021\/10\/limko.png\",\"contentUrl\":\"https:\/\/www.limko.be\/wp-content\/uploads\/2021\/10\/limko.png\",\"width\":200,\"height\":200,\"caption\":\"Limko NV\"},\"image\":{\"@id\":\"https:\/\/www.limko.be\/fr\/#\/schema\/logo\/image\/\"},\"sameAs\":[\"https:\/\/www.facebook.com\/limkoNV\"]}]}<\/script>\n<!-- \/ Yoast SEO plugin. -->","yoast_head_json":{"title":"F\u00f6rster drinkautomaten","robots":{"index":"index","follow":"follow","max-snippet":"max-snippet:-1","max-image-preview":"max-image-preview:large","max-video-preview":"max-video-preview:-1"},"canonical":"https:\/\/www.limko.be\/fr\/lelevage\/distributeurs-de-foerster\/","og_locale":"fr_FR","og_type":"article","og_title":"F\u00f6rster drinkautomaten","og_description":"Les louves de F\u00f6rster dosent la quantit\u00e9 de lait, de poudre de lait, de fourrage concentr\u00e9 et de vitamines par animal. Ils s\u2019occupent...","og_url":"https:\/\/www.limko.be\/fr\/lelevage\/distributeurs-de-foerster\/","og_site_name":"Limko.be","article_publisher":"https:\/\/www.facebook.com\/limkoNV","article_modified_time":"2021-10-06T12:02:29+00:00","og_image":[{"url":"https:\/\/www.limko.be\/wp-content\/uploads\/2021\/10\/baby-mix.png","type":"","width":"","height":""}],"twitter_card":"summary_large_image","twitter_misc":{"Dur\u00e9e de lecture estim\u00e9e":"1 minute"},"schema":{"@context":"https:\/\/schema.org","@graph":[{"@type":"WebPage","@id":"https:\/\/www.limko.be\/fr\/lelevage\/distributeurs-de-foerster\/","url":"https:\/\/www.limko.be\/fr\/lelevage\/distributeurs-de-foerster\/","name":"F\u00f6rster drinkautomaten","isPartOf":{"@id":"https:\/\/www.limko.be\/fr\/#website"},"primaryImageOfPage":{"@id":"https:\/\/www.limko.be\/fr\/lelevage\/distributeurs-de-foerster\/#primaryimage"},"image":{"@id":"https:\/\/www.limko.be\/fr\/lelevage\/distributeurs-de-foerster\/#primaryimage"},"thumbnailUrl":"https:\/\/www.limko.be\/wp-content\/uploads\/2021\/10\/baby-mix.png","datePublished":"2021-10-02T14:54:17+00:00","dateModified":"2021-10-06T12:02:29+00:00","breadcrumb":{"@id":"https:\/\/www.limko.be\/fr\/lelevage\/distributeurs-de-foerster\/#breadcrumb"},"inLanguage":"fr-FR","potentialAction":[{"@type":"ReadAction","target":["https:\/\/www.limko.be\/fr\/lelevage\/distributeurs-de-foerster\/"]}]},{"@type":"ImageObject","inLanguage":"fr-FR","@id":"https:\/\/www.limko.be\/fr\/lelevage\/distributeurs-de-foerster\/#primaryimage","url":"https:\/\/www.limko.be\/wp-content\/uploads\/2021\/10\/baby-mix.png","contentUrl":"https:\/\/www.limko.be\/wp-content\/uploads\/2021\/10\/baby-mix.png"},{"@type":"BreadcrumbList","@id":"https:\/\/www.limko.be\/fr\/lelevage\/distributeurs-de-foerster\/#breadcrumb","itemListElement":[{"@type":"ListItem","position":1,"name":"Home","item":"https:\/\/www.limko.be\/fr\/"},{"@type":"ListItem","position":2,"name":"L&rsquo;elevage","item":"https:\/\/www.limko.be\/fr\/lelevage\/"},{"@type":"ListItem","position":3,"name":"Distributeurs de F\u00f6rster pour veaux, ch\u00e8vres et porcelets"}]},{"@type":"WebSite","@id":"https:\/\/www.limko.be\/fr\/#website","url":"https:\/\/www.limko.be\/fr\/","name":"Limko.be","description":"Limko.be: klimatisatie, koeling en zuivelmachines","publisher":{"@id":"https:\/\/www.limko.be\/fr\/#organization"},"potentialAction":[{"@type":"SearchAction","target":{"@type":"EntryPoint","urlTemplate":"https:\/\/www.limko.be\/fr\/?s={search_term_string}"},"query-input":{"@type":"PropertyValueSpecification","valueRequired":true,"valueName":"search_term_string"}}],"inLanguage":"fr-FR"},{"@type":"Organization","@id":"https:\/\/www.limko.be\/fr\/#organization","name":"Limko NV","url":"https:\/\/www.limko.be\/fr\/","logo":{"@type":"ImageObject","inLanguage":"fr-FR","@id":"https:\/\/www.limko.be\/fr\/#\/schema\/logo\/image\/","url":"https:\/\/www.limko.be\/wp-content\/uploads\/2021\/10\/limko.png","contentUrl":"https:\/\/www.limko.be\/wp-content\/uploads\/2021\/10\/limko.png","width":200,"height":200,"caption":"Limko NV"},"image":{"@id":"https:\/\/www.limko.be\/fr\/#\/schema\/logo\/image\/"},"sameAs":["https:\/\/www.facebook.com\/limkoNV"]}]}},"_links":{"self":[{"href":"https:\/\/www.limko.be\/fr\/wp-json\/wp\/v2\/pages\/586","targetHints":{"allow":["GET"]}}],"collection":[{"href":"https:\/\/www.limko.be\/fr\/wp-json\/wp\/v2\/pages"}],"about":[{"href":"https:\/\/www.limko.be\/fr\/wp-json\/wp\/v2\/types\/page"}],"author":[{"embeddable":true,"href":"https:\/\/www.limko.be\/fr\/wp-json\/wp\/v2\/users\/1"}],"replies":[{"embeddable":true,"href":"https:\/\/www.limko.be\/fr\/wp-json\/wp\/v2\/comments?post=586"}],"version-history":[{"count":0,"href":"https:\/\/www.limko.be\/fr\/wp-json\/wp\/v2\/pages\/586\/revisions"}],"up":[{"embeddable":true,"href":"https:\/\/www.limko.be\/fr\/wp-json\/wp\/v2\/pages\/555"}],"wp:attachment":[{"href":"https:\/\/www.limko.be\/fr\/wp-json\/wp\/v2\/media?parent=586"}],"curies":[{"name":"wp","href":"https:\/\/api.w.org\/{rel}","templated":true}]}}