{"id":590,"date":"2021-10-02T16:54:29","date_gmt":"2021-10-02T14:54:29","guid":{"rendered":"https:\/\/www.limko.be\/lelevage\/mestafvoer\/"},"modified":"2021-10-06T14:02:51","modified_gmt":"2021-10-06T12:02:51","slug":"systemes-devacuation-de-fumier-de-joz","status":"publish","type":"page","link":"https:\/\/www.limko.be\/fr\/lelevage\/systemes-devacuation-de-fumier-de-joz\/","title":{"rendered":"Syst\u00e8mes d\u2019\u00e9vacuation de fumier de Joz"},"content":{"rendered":"<p>Nous livrons les syst\u00e8mes d\u2019\u00e9vacuation de fumier de Joz. Cette entreprise n\u00e9erlandaise est la fondatrice du nettoyage d\u2019\u00e9table moderne.<\/p>\n<h2><img loading=\"lazy\" decoding=\"async\" class=\"size-full wp-image-411 alignright\" src=\"https:\/\/www.limko.be\/wp-content\/uploads\/2021\/10\/vaste-schuifsystemen.png\" alt=\"\" width=\"231\" height=\"137\" \/>Racloirs pour les sols \u00e0 caillebotis ou b\u00e9tonn\u00e9s<\/h2>\n<p>Chaque \u00e9table est unique et demande un syst\u00e8me d\u2019\u00e9vacuation de fumier qui concorde avec les possibilit\u00e9s de la construction de l\u2019\u00e9table et la capacit\u00e9 de financement de l\u2019entreprise.<\/p>\n<p>Nous vous conseillons et livrons des racloirs pour des sols \u00e0 caillebotis ou b\u00e9tonn\u00e9s, pour du lisier, du fumier solide, du fumier au sable et toute autre combinaison imaginable.<\/p>\n<h2>Robot \u00e0 racleur JOZ-Tech<\/h2>\n<p>Le silencieux JOZ-Tech, tr\u00e8s favorable aux animaux, glisse \u00e0 une vitesse contr\u00f4l\u00e9e et nettoie jusque dans les moindres coins. Le robot emploi une technologie \u00e0 capteurs brevet\u00e9e.<\/p>\n<h3>CARACTERISTIQUES:<\/h3>\n<p><img loading=\"lazy\" decoding=\"async\" class=\"size-full wp-image-375 alignright\" src=\"https:\/\/www.limko.be\/wp-content\/uploads\/2021\/10\/joztech_mestrobot.png\" alt=\"\" width=\"231\" height=\"137\" \/>&#8211; extr\u00eamement maniable<br \/>\n&#8211; aussi apte pour de grandes superficies<br \/>\n&#8211; ne laisse pas de reste de fumier<\/p>\n<p class=\"cta\">Conseil gratuit ou offre sur mesure au 02\/395 85 00 ou via\u00a0<a href=\"mailto:info@limko.be\">info@limko.be<\/a><\/p>\n","protected":false},"excerpt":{"rendered":"<p>Nous livrons les syst\u00e8mes d\u2019\u00e9vacuation de fumier de Joz. Cette entreprise n\u00e9erlandaise est la fondatrice du nettoyage d\u2019\u00e9table moderne. Racloirs pour les sols&#8230;<\/p>\n","protected":false},"author":1,"featured_media":0,"parent":555,"menu_order":0,"comment_status":"closed","ping_status":"closed","template":"","meta":{"_acf_changed":false,"inline_featured_image":false,"footnotes":""},"class_list":["post-590","page","type-page","status-publish","hentry"],"acf":[],"yoast_head":"<!-- This site is optimized with the Yoast SEO plugin v27.0 - https:\/\/yoast.com\/product\/yoast-seo-wordpress\/ -->\n<title>JOZ mestafvoersystemen<\/title>\n<meta name=\"robots\" content=\"index, follow, max-snippet:-1, max-image-preview:large, max-video-preview:-1\" \/>\n<link rel=\"canonical\" href=\"https:\/\/www.limko.be\/fr\/lelevage\/systemes-devacuation-de-fumier-de-joz\/\" \/>\n<meta property=\"og:locale\" content=\"fr_FR\" \/>\n<meta property=\"og:type\" content=\"article\" \/>\n<meta property=\"og:title\" content=\"JOZ mestafvoersystemen\" \/>\n<meta property=\"og:description\" content=\"Nous livrons les syst\u00e8mes d\u2019\u00e9vacuation de fumier de Joz. Cette entreprise n\u00e9erlandaise est la fondatrice du nettoyage d\u2019\u00e9table moderne. Racloirs pour les sols...\" \/>\n<meta property=\"og:url\" content=\"https:\/\/www.limko.be\/fr\/lelevage\/systemes-devacuation-de-fumier-de-joz\/\" \/>\n<meta property=\"og:site_name\" content=\"Limko.be\" \/>\n<meta property=\"article:publisher\" content=\"https:\/\/www.facebook.com\/limkoNV\" \/>\n<meta property=\"article:modified_time\" content=\"2021-10-06T12:02:51+00:00\" \/>\n<meta property=\"og:image\" content=\"https:\/\/www.limko.be\/wp-content\/uploads\/2021\/10\/vaste-schuifsystemen.png\" \/>\n<meta name=\"twitter:card\" content=\"summary_large_image\" \/>\n<meta name=\"twitter:label1\" content=\"Dur\u00e9e de lecture estim\u00e9e\" \/>\n\t<meta name=\"twitter:data1\" content=\"1 minute\" \/>\n<script type=\"application\/ld+json\" class=\"yoast-schema-graph\">{\"@context\":\"https:\/\/schema.org\",\"@graph\":[{\"@type\":\"WebPage\",\"@id\":\"https:\/\/www.limko.be\/fr\/lelevage\/systemes-devacuation-de-fumier-de-joz\/\",\"url\":\"https:\/\/www.limko.be\/fr\/lelevage\/systemes-devacuation-de-fumier-de-joz\/\",\"name\":\"JOZ mestafvoersystemen\",\"isPartOf\":{\"@id\":\"https:\/\/www.limko.be\/fr\/#website\"},\"primaryImageOfPage\":{\"@id\":\"https:\/\/www.limko.be\/fr\/lelevage\/systemes-devacuation-de-fumier-de-joz\/#primaryimage\"},\"image\":{\"@id\":\"https:\/\/www.limko.be\/fr\/lelevage\/systemes-devacuation-de-fumier-de-joz\/#primaryimage\"},\"thumbnailUrl\":\"https:\/\/www.limko.be\/wp-content\/uploads\/2021\/10\/vaste-schuifsystemen.png\",\"datePublished\":\"2021-10-02T14:54:29+00:00\",\"dateModified\":\"2021-10-06T12:02:51+00:00\",\"breadcrumb\":{\"@id\":\"https:\/\/www.limko.be\/fr\/lelevage\/systemes-devacuation-de-fumier-de-joz\/#breadcrumb\"},\"inLanguage\":\"fr-FR\",\"potentialAction\":[{\"@type\":\"ReadAction\",\"target\":[\"https:\/\/www.limko.be\/fr\/lelevage\/systemes-devacuation-de-fumier-de-joz\/\"]}]},{\"@type\":\"ImageObject\",\"inLanguage\":\"fr-FR\",\"@id\":\"https:\/\/www.limko.be\/fr\/lelevage\/systemes-devacuation-de-fumier-de-joz\/#primaryimage\",\"url\":\"https:\/\/www.limko.be\/wp-content\/uploads\/2021\/10\/vaste-schuifsystemen.png\",\"contentUrl\":\"https:\/\/www.limko.be\/wp-content\/uploads\/2021\/10\/vaste-schuifsystemen.png\"},{\"@type\":\"BreadcrumbList\",\"@id\":\"https:\/\/www.limko.be\/fr\/lelevage\/systemes-devacuation-de-fumier-de-joz\/#breadcrumb\",\"itemListElement\":[{\"@type\":\"ListItem\",\"position\":1,\"name\":\"Home\",\"item\":\"https:\/\/www.limko.be\/fr\/\"},{\"@type\":\"ListItem\",\"position\":2,\"name\":\"L&rsquo;elevage\",\"item\":\"https:\/\/www.limko.be\/fr\/lelevage\/\"},{\"@type\":\"ListItem\",\"position\":3,\"name\":\"Syst\u00e8mes d\u2019\u00e9vacuation de fumier de Joz\"}]},{\"@type\":\"WebSite\",\"@id\":\"https:\/\/www.limko.be\/fr\/#website\",\"url\":\"https:\/\/www.limko.be\/fr\/\",\"name\":\"Limko.be\",\"description\":\"Limko.be: klimatisatie, koeling en zuivelmachines\",\"publisher\":{\"@id\":\"https:\/\/www.limko.be\/fr\/#organization\"},\"potentialAction\":[{\"@type\":\"SearchAction\",\"target\":{\"@type\":\"EntryPoint\",\"urlTemplate\":\"https:\/\/www.limko.be\/fr\/?s={search_term_string}\"},\"query-input\":{\"@type\":\"PropertyValueSpecification\",\"valueRequired\":true,\"valueName\":\"search_term_string\"}}],\"inLanguage\":\"fr-FR\"},{\"@type\":\"Organization\",\"@id\":\"https:\/\/www.limko.be\/fr\/#organization\",\"name\":\"Limko NV\",\"url\":\"https:\/\/www.limko.be\/fr\/\",\"logo\":{\"@type\":\"ImageObject\",\"inLanguage\":\"fr-FR\",\"@id\":\"https:\/\/www.limko.be\/fr\/#\/schema\/logo\/image\/\",\"url\":\"https:\/\/www.limko.be\/wp-content\/uploads\/2021\/10\/limko.png\",\"contentUrl\":\"https:\/\/www.limko.be\/wp-content\/uploads\/2021\/10\/limko.png\",\"width\":200,\"height\":200,\"caption\":\"Limko NV\"},\"image\":{\"@id\":\"https:\/\/www.limko.be\/fr\/#\/schema\/logo\/image\/\"},\"sameAs\":[\"https:\/\/www.facebook.com\/limkoNV\"]}]}<\/script>\n<!-- \/ Yoast SEO plugin. -->","yoast_head_json":{"title":"JOZ mestafvoersystemen","robots":{"index":"index","follow":"follow","max-snippet":"max-snippet:-1","max-image-preview":"max-image-preview:large","max-video-preview":"max-video-preview:-1"},"canonical":"https:\/\/www.limko.be\/fr\/lelevage\/systemes-devacuation-de-fumier-de-joz\/","og_locale":"fr_FR","og_type":"article","og_title":"JOZ mestafvoersystemen","og_description":"Nous livrons les syst\u00e8mes d\u2019\u00e9vacuation de fumier de Joz. Cette entreprise n\u00e9erlandaise est la fondatrice du nettoyage d\u2019\u00e9table moderne. Racloirs pour les sols...","og_url":"https:\/\/www.limko.be\/fr\/lelevage\/systemes-devacuation-de-fumier-de-joz\/","og_site_name":"Limko.be","article_publisher":"https:\/\/www.facebook.com\/limkoNV","article_modified_time":"2021-10-06T12:02:51+00:00","og_image":[{"url":"https:\/\/www.limko.be\/wp-content\/uploads\/2021\/10\/vaste-schuifsystemen.png","type":"","width":"","height":""}],"twitter_card":"summary_large_image","twitter_misc":{"Dur\u00e9e de lecture estim\u00e9e":"1 minute"},"schema":{"@context":"https:\/\/schema.org","@graph":[{"@type":"WebPage","@id":"https:\/\/www.limko.be\/fr\/lelevage\/systemes-devacuation-de-fumier-de-joz\/","url":"https:\/\/www.limko.be\/fr\/lelevage\/systemes-devacuation-de-fumier-de-joz\/","name":"JOZ mestafvoersystemen","isPartOf":{"@id":"https:\/\/www.limko.be\/fr\/#website"},"primaryImageOfPage":{"@id":"https:\/\/www.limko.be\/fr\/lelevage\/systemes-devacuation-de-fumier-de-joz\/#primaryimage"},"image":{"@id":"https:\/\/www.limko.be\/fr\/lelevage\/systemes-devacuation-de-fumier-de-joz\/#primaryimage"},"thumbnailUrl":"https:\/\/www.limko.be\/wp-content\/uploads\/2021\/10\/vaste-schuifsystemen.png","datePublished":"2021-10-02T14:54:29+00:00","dateModified":"2021-10-06T12:02:51+00:00","breadcrumb":{"@id":"https:\/\/www.limko.be\/fr\/lelevage\/systemes-devacuation-de-fumier-de-joz\/#breadcrumb"},"inLanguage":"fr-FR","potentialAction":[{"@type":"ReadAction","target":["https:\/\/www.limko.be\/fr\/lelevage\/systemes-devacuation-de-fumier-de-joz\/"]}]},{"@type":"ImageObject","inLanguage":"fr-FR","@id":"https:\/\/www.limko.be\/fr\/lelevage\/systemes-devacuation-de-fumier-de-joz\/#primaryimage","url":"https:\/\/www.limko.be\/wp-content\/uploads\/2021\/10\/vaste-schuifsystemen.png","contentUrl":"https:\/\/www.limko.be\/wp-content\/uploads\/2021\/10\/vaste-schuifsystemen.png"},{"@type":"BreadcrumbList","@id":"https:\/\/www.limko.be\/fr\/lelevage\/systemes-devacuation-de-fumier-de-joz\/#breadcrumb","itemListElement":[{"@type":"ListItem","position":1,"name":"Home","item":"https:\/\/www.limko.be\/fr\/"},{"@type":"ListItem","position":2,"name":"L&rsquo;elevage","item":"https:\/\/www.limko.be\/fr\/lelevage\/"},{"@type":"ListItem","position":3,"name":"Syst\u00e8mes d\u2019\u00e9vacuation de fumier de Joz"}]},{"@type":"WebSite","@id":"https:\/\/www.limko.be\/fr\/#website","url":"https:\/\/www.limko.be\/fr\/","name":"Limko.be","description":"Limko.be: klimatisatie, koeling en zuivelmachines","publisher":{"@id":"https:\/\/www.limko.be\/fr\/#organization"},"potentialAction":[{"@type":"SearchAction","target":{"@type":"EntryPoint","urlTemplate":"https:\/\/www.limko.be\/fr\/?s={search_term_string}"},"query-input":{"@type":"PropertyValueSpecification","valueRequired":true,"valueName":"search_term_string"}}],"inLanguage":"fr-FR"},{"@type":"Organization","@id":"https:\/\/www.limko.be\/fr\/#organization","name":"Limko NV","url":"https:\/\/www.limko.be\/fr\/","logo":{"@type":"ImageObject","inLanguage":"fr-FR","@id":"https:\/\/www.limko.be\/fr\/#\/schema\/logo\/image\/","url":"https:\/\/www.limko.be\/wp-content\/uploads\/2021\/10\/limko.png","contentUrl":"https:\/\/www.limko.be\/wp-content\/uploads\/2021\/10\/limko.png","width":200,"height":200,"caption":"Limko NV"},"image":{"@id":"https:\/\/www.limko.be\/fr\/#\/schema\/logo\/image\/"},"sameAs":["https:\/\/www.facebook.com\/limkoNV"]}]}},"_links":{"self":[{"href":"https:\/\/www.limko.be\/fr\/wp-json\/wp\/v2\/pages\/590","targetHints":{"allow":["GET"]}}],"collection":[{"href":"https:\/\/www.limko.be\/fr\/wp-json\/wp\/v2\/pages"}],"about":[{"href":"https:\/\/www.limko.be\/fr\/wp-json\/wp\/v2\/types\/page"}],"author":[{"embeddable":true,"href":"https:\/\/www.limko.be\/fr\/wp-json\/wp\/v2\/users\/1"}],"replies":[{"embeddable":true,"href":"https:\/\/www.limko.be\/fr\/wp-json\/wp\/v2\/comments?post=590"}],"version-history":[{"count":0,"href":"https:\/\/www.limko.be\/fr\/wp-json\/wp\/v2\/pages\/590\/revisions"}],"up":[{"embeddable":true,"href":"https:\/\/www.limko.be\/fr\/wp-json\/wp\/v2\/pages\/555"}],"wp:attachment":[{"href":"https:\/\/www.limko.be\/fr\/wp-json\/wp\/v2\/media?parent=590"}],"curies":[{"name":"wp","href":"https:\/\/api.w.org\/{rel}","templated":true}]}}