{"id":595,"date":"2021-10-02T16:54:42","date_gmt":"2021-10-02T14:54:42","guid":{"rendered":"https:\/\/www.limko.be\/lelevage\/stalinrichting\/"},"modified":"2021-10-11T16:40:08","modified_gmt":"2021-10-11T14:40:08","slug":"amenagement-detable-de-bruland","status":"publish","type":"page","link":"https:\/\/www.limko.be\/fr\/lelevage\/amenagement-detable-de-bruland\/","title":{"rendered":"Am\u00e9nagement d\u2019\u00e9table de Bruland"},"content":{"rendered":"<p><img loading=\"lazy\" decoding=\"async\" class=\"size-medium wp-image-381 alignright\" src=\"https:\/\/www.limko.be\/wp-content\/uploads\/2021\/10\/ligboxafscheidingen-300x200.png\" alt=\"\" width=\"300\" height=\"200\" srcset=\"https:\/\/www.limko.be\/wp-content\/uploads\/2021\/10\/ligboxafscheidingen-300x200.png 300w, https:\/\/www.limko.be\/wp-content\/uploads\/2021\/10\/ligboxafscheidingen.png 448w\" sizes=\"auto, (max-width: 300px) 100vw, 300px\" \/>L\u2019entreprise n\u00e9erlandaise Bruland a \u00e9t\u00e9 fond\u00e9e en 1954. Cet entreprise est, aujourd\u2019hui, reconnue pour ces \u00e9quipements d\u2019\u00e9table. Voici une s\u00e9lection de ces produits:<\/p>\n<p>&nbsp;<\/p>\n<h2>Logettes<\/h2>\n<p>Les logettes de Bruland procurent \u00e0 vos vaches un confort de couchage favorable. L\u2019espace est suffisant pour que vos animaux puissent se lever et se coucher ais\u00e9ment.<\/p>\n<h3>CARACTERISTIQUES:<\/h3>\n<p>&#8211; durable (galvanis\u00e9 selon les normes NEN)<br \/>\n&#8211; solide (r\u00e9alis\u00e9 \u00e0 partir d\u2019un ensemble, pas de soudures)<\/p>\n<p>&nbsp;<\/p>\n<h2>Cornadis<\/h2>\n<h3>CARACTERISTIQUES:<\/h3>\n<p><img loading=\"lazy\" decoding=\"async\" class=\"size-medium wp-image-413 alignright\" src=\"https:\/\/www.limko.be\/wp-content\/uploads\/2021\/10\/voerhekken-300x135.png\" alt=\"\" width=\"300\" height=\"135\" srcset=\"https:\/\/www.limko.be\/wp-content\/uploads\/2021\/10\/voerhekken-300x135.png 300w, https:\/\/www.limko.be\/wp-content\/uploads\/2021\/10\/voerhekken.png 400w\" sizes=\"auto, (max-width: 300px) 100vw, 300px\" \/>&#8211; facile \u00e0 l\u2019entretenir<br \/>\n&#8211; facile \u00e0 manipuler<br \/>\n&#8211; livrable dans des longueurs standards ou sur-mesure<br \/>\n&#8211; durable gr\u00e2ce \u00e0 une construction robuste et une galvanisation selon les normes NEN<\/p>\n<h3>OPTIONS:<\/h3>\n<p>&#8211; trou d\u2019homme<br \/>\n&#8211; rotatif<br \/>\n&#8211; assortiment d\u2019accessoires pour vos barri\u00e8res<br \/>\n&#8211; largeur d\u2019ingestion et insonorisation suppl\u00e9mentaire sur mesure<\/p>\n<p>&nbsp;<\/p>\n<h2>Abreuvoirs<\/h2>\n<h3><img loading=\"lazy\" decoding=\"async\" class=\"size-medium wp-image-365 alignright\" src=\"https:\/\/www.limko.be\/wp-content\/uploads\/2021\/10\/drinkwatervoorziening-300x170.png\" alt=\"\" width=\"300\" height=\"170\" srcset=\"https:\/\/www.limko.be\/wp-content\/uploads\/2021\/10\/drinkwatervoorziening-300x170.png 300w, https:\/\/www.limko.be\/wp-content\/uploads\/2021\/10\/drinkwatervoorziening.png 400w\" sizes=\"auto, (max-width: 300px) 100vw, 300px\" \/>CARACTERISTIQUES:<\/h3>\n<p>En tant que professionnel, vous savez qu\u2019une alimentation en eau potable germ\u00e9e est rentable \u00e0 la production laiti\u00e8re.<\/p>\n<p>Vos auges doivent \u00eatre robustes, facilement accessibles et faciles \u00e0 nettoyer. Toutes ces qualit\u00e9s sont pr\u00e9sentes dans les auges de Bruland.<\/p>\n<p class=\"cta\">Conseil gratuit ou offre sur mesure au 02\/395 85 00 ou via\u00a0<a href=\"mailto:info@limko.be\">info@limko.be<\/a><\/p>\n","protected":false},"excerpt":{"rendered":"<p>L\u2019entreprise n\u00e9erlandaise Bruland a \u00e9t\u00e9 fond\u00e9e en 1954. Cet entreprise est, aujourd\u2019hui, reconnue pour ces \u00e9quipements d\u2019\u00e9table. Voici une s\u00e9lection de ces produits:&#8230;<\/p>\n","protected":false},"author":1,"featured_media":0,"parent":555,"menu_order":0,"comment_status":"closed","ping_status":"closed","template":"","meta":{"_acf_changed":false,"inline_featured_image":false,"footnotes":""},"class_list":["post-595","page","type-page","status-publish","hentry"],"acf":[],"yoast_head":"<!-- This site is optimized with the Yoast SEO plugin v27.0 - https:\/\/yoast.com\/product\/yoast-seo-wordpress\/ -->\n<title>BRULAND Stalinrichting<\/title>\n<meta name=\"robots\" content=\"index, follow, max-snippet:-1, max-image-preview:large, max-video-preview:-1\" \/>\n<link rel=\"canonical\" href=\"https:\/\/www.limko.be\/fr\/lelevage\/amenagement-detable-de-bruland\/\" \/>\n<meta property=\"og:locale\" content=\"fr_FR\" \/>\n<meta property=\"og:type\" content=\"article\" \/>\n<meta property=\"og:title\" content=\"BRULAND Stalinrichting\" \/>\n<meta property=\"og:description\" content=\"L\u2019entreprise n\u00e9erlandaise Bruland a \u00e9t\u00e9 fond\u00e9e en 1954. Cet entreprise est, aujourd\u2019hui, reconnue pour ces \u00e9quipements d\u2019\u00e9table. Voici une s\u00e9lection de ces produits:...\" \/>\n<meta property=\"og:url\" content=\"https:\/\/www.limko.be\/fr\/lelevage\/amenagement-detable-de-bruland\/\" \/>\n<meta property=\"og:site_name\" content=\"Limko.be\" \/>\n<meta property=\"article:publisher\" content=\"https:\/\/www.facebook.com\/limkoNV\" \/>\n<meta property=\"article:modified_time\" content=\"2021-10-11T14:40:08+00:00\" \/>\n<meta property=\"og:image\" content=\"https:\/\/www.limko.be\/wp-content\/uploads\/2021\/10\/ligboxafscheidingen-300x200.png\" \/>\n<meta name=\"twitter:card\" content=\"summary_large_image\" \/>\n<meta name=\"twitter:label1\" content=\"Dur\u00e9e de lecture estim\u00e9e\" \/>\n\t<meta name=\"twitter:data1\" content=\"1 minute\" \/>\n<script type=\"application\/ld+json\" class=\"yoast-schema-graph\">{\"@context\":\"https:\/\/schema.org\",\"@graph\":[{\"@type\":\"WebPage\",\"@id\":\"https:\/\/www.limko.be\/fr\/lelevage\/amenagement-detable-de-bruland\/\",\"url\":\"https:\/\/www.limko.be\/fr\/lelevage\/amenagement-detable-de-bruland\/\",\"name\":\"BRULAND Stalinrichting\",\"isPartOf\":{\"@id\":\"https:\/\/www.limko.be\/fr\/#website\"},\"primaryImageOfPage\":{\"@id\":\"https:\/\/www.limko.be\/fr\/lelevage\/amenagement-detable-de-bruland\/#primaryimage\"},\"image\":{\"@id\":\"https:\/\/www.limko.be\/fr\/lelevage\/amenagement-detable-de-bruland\/#primaryimage\"},\"thumbnailUrl\":\"https:\/\/www.limko.be\/wp-content\/uploads\/2021\/10\/ligboxafscheidingen-300x200.png\",\"datePublished\":\"2021-10-02T14:54:42+00:00\",\"dateModified\":\"2021-10-11T14:40:08+00:00\",\"breadcrumb\":{\"@id\":\"https:\/\/www.limko.be\/fr\/lelevage\/amenagement-detable-de-bruland\/#breadcrumb\"},\"inLanguage\":\"fr-FR\",\"potentialAction\":[{\"@type\":\"ReadAction\",\"target\":[\"https:\/\/www.limko.be\/fr\/lelevage\/amenagement-detable-de-bruland\/\"]}]},{\"@type\":\"ImageObject\",\"inLanguage\":\"fr-FR\",\"@id\":\"https:\/\/www.limko.be\/fr\/lelevage\/amenagement-detable-de-bruland\/#primaryimage\",\"url\":\"https:\/\/www.limko.be\/wp-content\/uploads\/2021\/10\/ligboxafscheidingen-300x200.png\",\"contentUrl\":\"https:\/\/www.limko.be\/wp-content\/uploads\/2021\/10\/ligboxafscheidingen-300x200.png\"},{\"@type\":\"BreadcrumbList\",\"@id\":\"https:\/\/www.limko.be\/fr\/lelevage\/amenagement-detable-de-bruland\/#breadcrumb\",\"itemListElement\":[{\"@type\":\"ListItem\",\"position\":1,\"name\":\"Home\",\"item\":\"https:\/\/www.limko.be\/fr\/\"},{\"@type\":\"ListItem\",\"position\":2,\"name\":\"L&rsquo;elevage\",\"item\":\"https:\/\/www.limko.be\/fr\/lelevage\/\"},{\"@type\":\"ListItem\",\"position\":3,\"name\":\"Am\u00e9nagement d\u2019\u00e9table de Bruland\"}]},{\"@type\":\"WebSite\",\"@id\":\"https:\/\/www.limko.be\/fr\/#website\",\"url\":\"https:\/\/www.limko.be\/fr\/\",\"name\":\"Limko.be\",\"description\":\"Limko.be: klimatisatie, koeling en zuivelmachines\",\"publisher\":{\"@id\":\"https:\/\/www.limko.be\/fr\/#organization\"},\"potentialAction\":[{\"@type\":\"SearchAction\",\"target\":{\"@type\":\"EntryPoint\",\"urlTemplate\":\"https:\/\/www.limko.be\/fr\/?s={search_term_string}\"},\"query-input\":{\"@type\":\"PropertyValueSpecification\",\"valueRequired\":true,\"valueName\":\"search_term_string\"}}],\"inLanguage\":\"fr-FR\"},{\"@type\":\"Organization\",\"@id\":\"https:\/\/www.limko.be\/fr\/#organization\",\"name\":\"Limko NV\",\"url\":\"https:\/\/www.limko.be\/fr\/\",\"logo\":{\"@type\":\"ImageObject\",\"inLanguage\":\"fr-FR\",\"@id\":\"https:\/\/www.limko.be\/fr\/#\/schema\/logo\/image\/\",\"url\":\"https:\/\/www.limko.be\/wp-content\/uploads\/2021\/10\/limko.png\",\"contentUrl\":\"https:\/\/www.limko.be\/wp-content\/uploads\/2021\/10\/limko.png\",\"width\":200,\"height\":200,\"caption\":\"Limko NV\"},\"image\":{\"@id\":\"https:\/\/www.limko.be\/fr\/#\/schema\/logo\/image\/\"},\"sameAs\":[\"https:\/\/www.facebook.com\/limkoNV\"]}]}<\/script>\n<!-- \/ Yoast SEO plugin. -->","yoast_head_json":{"title":"BRULAND Stalinrichting","robots":{"index":"index","follow":"follow","max-snippet":"max-snippet:-1","max-image-preview":"max-image-preview:large","max-video-preview":"max-video-preview:-1"},"canonical":"https:\/\/www.limko.be\/fr\/lelevage\/amenagement-detable-de-bruland\/","og_locale":"fr_FR","og_type":"article","og_title":"BRULAND Stalinrichting","og_description":"L\u2019entreprise n\u00e9erlandaise Bruland a \u00e9t\u00e9 fond\u00e9e en 1954. Cet entreprise est, aujourd\u2019hui, reconnue pour ces \u00e9quipements d\u2019\u00e9table. Voici une s\u00e9lection de ces produits:...","og_url":"https:\/\/www.limko.be\/fr\/lelevage\/amenagement-detable-de-bruland\/","og_site_name":"Limko.be","article_publisher":"https:\/\/www.facebook.com\/limkoNV","article_modified_time":"2021-10-11T14:40:08+00:00","og_image":[{"url":"https:\/\/www.limko.be\/wp-content\/uploads\/2021\/10\/ligboxafscheidingen-300x200.png","type":"","width":"","height":""}],"twitter_card":"summary_large_image","twitter_misc":{"Dur\u00e9e de lecture estim\u00e9e":"1 minute"},"schema":{"@context":"https:\/\/schema.org","@graph":[{"@type":"WebPage","@id":"https:\/\/www.limko.be\/fr\/lelevage\/amenagement-detable-de-bruland\/","url":"https:\/\/www.limko.be\/fr\/lelevage\/amenagement-detable-de-bruland\/","name":"BRULAND Stalinrichting","isPartOf":{"@id":"https:\/\/www.limko.be\/fr\/#website"},"primaryImageOfPage":{"@id":"https:\/\/www.limko.be\/fr\/lelevage\/amenagement-detable-de-bruland\/#primaryimage"},"image":{"@id":"https:\/\/www.limko.be\/fr\/lelevage\/amenagement-detable-de-bruland\/#primaryimage"},"thumbnailUrl":"https:\/\/www.limko.be\/wp-content\/uploads\/2021\/10\/ligboxafscheidingen-300x200.png","datePublished":"2021-10-02T14:54:42+00:00","dateModified":"2021-10-11T14:40:08+00:00","breadcrumb":{"@id":"https:\/\/www.limko.be\/fr\/lelevage\/amenagement-detable-de-bruland\/#breadcrumb"},"inLanguage":"fr-FR","potentialAction":[{"@type":"ReadAction","target":["https:\/\/www.limko.be\/fr\/lelevage\/amenagement-detable-de-bruland\/"]}]},{"@type":"ImageObject","inLanguage":"fr-FR","@id":"https:\/\/www.limko.be\/fr\/lelevage\/amenagement-detable-de-bruland\/#primaryimage","url":"https:\/\/www.limko.be\/wp-content\/uploads\/2021\/10\/ligboxafscheidingen-300x200.png","contentUrl":"https:\/\/www.limko.be\/wp-content\/uploads\/2021\/10\/ligboxafscheidingen-300x200.png"},{"@type":"BreadcrumbList","@id":"https:\/\/www.limko.be\/fr\/lelevage\/amenagement-detable-de-bruland\/#breadcrumb","itemListElement":[{"@type":"ListItem","position":1,"name":"Home","item":"https:\/\/www.limko.be\/fr\/"},{"@type":"ListItem","position":2,"name":"L&rsquo;elevage","item":"https:\/\/www.limko.be\/fr\/lelevage\/"},{"@type":"ListItem","position":3,"name":"Am\u00e9nagement d\u2019\u00e9table de Bruland"}]},{"@type":"WebSite","@id":"https:\/\/www.limko.be\/fr\/#website","url":"https:\/\/www.limko.be\/fr\/","name":"Limko.be","description":"Limko.be: klimatisatie, koeling en zuivelmachines","publisher":{"@id":"https:\/\/www.limko.be\/fr\/#organization"},"potentialAction":[{"@type":"SearchAction","target":{"@type":"EntryPoint","urlTemplate":"https:\/\/www.limko.be\/fr\/?s={search_term_string}"},"query-input":{"@type":"PropertyValueSpecification","valueRequired":true,"valueName":"search_term_string"}}],"inLanguage":"fr-FR"},{"@type":"Organization","@id":"https:\/\/www.limko.be\/fr\/#organization","name":"Limko NV","url":"https:\/\/www.limko.be\/fr\/","logo":{"@type":"ImageObject","inLanguage":"fr-FR","@id":"https:\/\/www.limko.be\/fr\/#\/schema\/logo\/image\/","url":"https:\/\/www.limko.be\/wp-content\/uploads\/2021\/10\/limko.png","contentUrl":"https:\/\/www.limko.be\/wp-content\/uploads\/2021\/10\/limko.png","width":200,"height":200,"caption":"Limko NV"},"image":{"@id":"https:\/\/www.limko.be\/fr\/#\/schema\/logo\/image\/"},"sameAs":["https:\/\/www.facebook.com\/limkoNV"]}]}},"_links":{"self":[{"href":"https:\/\/www.limko.be\/fr\/wp-json\/wp\/v2\/pages\/595","targetHints":{"allow":["GET"]}}],"collection":[{"href":"https:\/\/www.limko.be\/fr\/wp-json\/wp\/v2\/pages"}],"about":[{"href":"https:\/\/www.limko.be\/fr\/wp-json\/wp\/v2\/types\/page"}],"author":[{"embeddable":true,"href":"https:\/\/www.limko.be\/fr\/wp-json\/wp\/v2\/users\/1"}],"replies":[{"embeddable":true,"href":"https:\/\/www.limko.be\/fr\/wp-json\/wp\/v2\/comments?post=595"}],"version-history":[{"count":0,"href":"https:\/\/www.limko.be\/fr\/wp-json\/wp\/v2\/pages\/595\/revisions"}],"up":[{"embeddable":true,"href":"https:\/\/www.limko.be\/fr\/wp-json\/wp\/v2\/pages\/555"}],"wp:attachment":[{"href":"https:\/\/www.limko.be\/fr\/wp-json\/wp\/v2\/media?parent=595"}],"curies":[{"name":"wp","href":"https:\/\/api.w.org\/{rel}","templated":true}]}}