{"id":601,"date":"2021-10-02T16:46:17","date_gmt":"2021-10-02T14:46:17","guid":{"rendered":"https:\/\/www.limko.be\/lelevage\/tanks-a-lait-de-serap\/horizontale-tanks-serap-firstse\/"},"modified":"2021-10-06T12:20:30","modified_gmt":"2021-10-06T10:20:30","slug":"horizontale-tanks-serap-firstse","status":"publish","type":"page","link":"https:\/\/www.limko.be\/fr\/lelevage\/tanks-a-lait-de-serap\/horizontale-tanks-serap-firstse\/","title":{"rendered":"Tank \u00e0 lait horizontal"},"content":{"rendered":"<h3>CARACTERISTIQUES<\/h3>\n<p>&nbsp;<\/p>\n<p><img loading=\"lazy\" decoding=\"async\" class=\"size-medium wp-image-397 alignright\" src=\"https:\/\/www.limko.be\/wp-content\/uploads\/2021\/10\/Serap_Rainbow_horizontaal-300x196.jpg\" alt=\"\" width=\"300\" height=\"196\" srcset=\"https:\/\/www.limko.be\/wp-content\/uploads\/2021\/10\/Serap_Rainbow_horizontaal-300x196.jpg 300w, https:\/\/www.limko.be\/wp-content\/uploads\/2021\/10\/Serap_Rainbow_horizontaal-1024x670.jpg 1024w, https:\/\/www.limko.be\/wp-content\/uploads\/2021\/10\/Serap_Rainbow_horizontaal-768x503.jpg 768w, https:\/\/www.limko.be\/wp-content\/uploads\/2021\/10\/Serap_Rainbow_horizontaal-1536x1005.jpg 1536w, https:\/\/www.limko.be\/wp-content\/uploads\/2021\/10\/Serap_Rainbow_horizontaal-2048x1340.jpg 2048w\" sizes=\"auto, (max-width: 300px) 100vw, 300px\" \/><\/p>\n<ul>\n<li>volume de lait: 900 \u00e0 30.000 litres<\/li>\n<li>combinable avec tout type de robot de traite<\/li>\n<li>excellente vitesse de refroidissement pour une conservation optimale de votre lait<\/li>\n<li>groupe frigorifique s\u00e9par\u00e9 ou compact avec condenseur(s) s\u00e9par\u00e9(s)<\/li>\n<li>extr\u00eamement hygi\u00e9nique gr\u00e2ce au syst\u00e8me de nettoyage automatique int\u00e9gr\u00e9<\/li>\n<\/ul>\n","protected":false},"excerpt":{"rendered":"<p>CARACTERISTIQUES &nbsp; volume de lait: 900 \u00e0 30.000 litres combinable avec tout type de robot de traite excellente vitesse de refroidissement pour une&#8230;<\/p>\n","protected":false},"author":1,"featured_media":0,"parent":561,"menu_order":0,"comment_status":"closed","ping_status":"closed","template":"","meta":{"_acf_changed":false,"inline_featured_image":false,"footnotes":""},"class_list":["post-601","page","type-page","status-publish","hentry"],"acf":[],"yoast_head":"<!-- This site is optimized with the Yoast SEO plugin v27.0 - https:\/\/yoast.com\/product\/yoast-seo-wordpress\/ -->\n<title>Horizontale tanks Serap FIRST.SE<\/title>\n<meta name=\"robots\" content=\"index, follow, max-snippet:-1, max-image-preview:large, max-video-preview:-1\" \/>\n<link rel=\"canonical\" href=\"https:\/\/www.limko.be\/fr\/lelevage\/tanks-a-lait-de-serap\/horizontale-tanks-serap-firstse\/\" \/>\n<meta property=\"og:locale\" content=\"fr_FR\" \/>\n<meta property=\"og:type\" content=\"article\" \/>\n<meta property=\"og:title\" content=\"Horizontale tanks Serap FIRST.SE\" \/>\n<meta property=\"og:description\" content=\"CARACTERISTIQUES &nbsp; volume de lait: 900 \u00e0 30.000 litres combinable avec tout type de robot de traite excellente vitesse de refroidissement pour une...\" \/>\n<meta property=\"og:url\" content=\"https:\/\/www.limko.be\/fr\/lelevage\/tanks-a-lait-de-serap\/horizontale-tanks-serap-firstse\/\" \/>\n<meta property=\"og:site_name\" content=\"Limko.be\" \/>\n<meta property=\"article:publisher\" content=\"https:\/\/www.facebook.com\/limkoNV\" \/>\n<meta property=\"article:modified_time\" content=\"2021-10-06T10:20:30+00:00\" \/>\n<meta property=\"og:image\" content=\"https:\/\/www.limko.be\/wp-content\/uploads\/2021\/10\/Serap_Rainbow_horizontaal-300x196.jpg\" \/>\n<meta name=\"twitter:card\" content=\"summary_large_image\" \/>\n<script type=\"application\/ld+json\" class=\"yoast-schema-graph\">{\"@context\":\"https:\/\/schema.org\",\"@graph\":[{\"@type\":\"WebPage\",\"@id\":\"https:\/\/www.limko.be\/fr\/lelevage\/tanks-a-lait-de-serap\/horizontale-tanks-serap-firstse\/\",\"url\":\"https:\/\/www.limko.be\/fr\/lelevage\/tanks-a-lait-de-serap\/horizontale-tanks-serap-firstse\/\",\"name\":\"Horizontale tanks Serap FIRST.SE\",\"isPartOf\":{\"@id\":\"https:\/\/www.limko.be\/fr\/#website\"},\"primaryImageOfPage\":{\"@id\":\"https:\/\/www.limko.be\/fr\/lelevage\/tanks-a-lait-de-serap\/horizontale-tanks-serap-firstse\/#primaryimage\"},\"image\":{\"@id\":\"https:\/\/www.limko.be\/fr\/lelevage\/tanks-a-lait-de-serap\/horizontale-tanks-serap-firstse\/#primaryimage\"},\"thumbnailUrl\":\"https:\/\/www.limko.be\/wp-content\/uploads\/2021\/10\/Serap_Rainbow_horizontaal-300x196.jpg\",\"datePublished\":\"2021-10-02T14:46:17+00:00\",\"dateModified\":\"2021-10-06T10:20:30+00:00\",\"breadcrumb\":{\"@id\":\"https:\/\/www.limko.be\/fr\/lelevage\/tanks-a-lait-de-serap\/horizontale-tanks-serap-firstse\/#breadcrumb\"},\"inLanguage\":\"fr-FR\",\"potentialAction\":[{\"@type\":\"ReadAction\",\"target\":[\"https:\/\/www.limko.be\/fr\/lelevage\/tanks-a-lait-de-serap\/horizontale-tanks-serap-firstse\/\"]}]},{\"@type\":\"ImageObject\",\"inLanguage\":\"fr-FR\",\"@id\":\"https:\/\/www.limko.be\/fr\/lelevage\/tanks-a-lait-de-serap\/horizontale-tanks-serap-firstse\/#primaryimage\",\"url\":\"https:\/\/www.limko.be\/wp-content\/uploads\/2021\/10\/Serap_Rainbow_horizontaal-300x196.jpg\",\"contentUrl\":\"https:\/\/www.limko.be\/wp-content\/uploads\/2021\/10\/Serap_Rainbow_horizontaal-300x196.jpg\"},{\"@type\":\"BreadcrumbList\",\"@id\":\"https:\/\/www.limko.be\/fr\/lelevage\/tanks-a-lait-de-serap\/horizontale-tanks-serap-firstse\/#breadcrumb\",\"itemListElement\":[{\"@type\":\"ListItem\",\"position\":1,\"name\":\"Home\",\"item\":\"https:\/\/www.limko.be\/fr\/\"},{\"@type\":\"ListItem\",\"position\":2,\"name\":\"L&rsquo;elevage\",\"item\":\"https:\/\/www.limko.be\/fr\/lelevage\/\"},{\"@type\":\"ListItem\",\"position\":3,\"name\":\"Tanks \u00e0 lait de SERAP\",\"item\":\"https:\/\/www.limko.be\/fr\/lelevage\/tanks-a-lait-de-serap\/\"},{\"@type\":\"ListItem\",\"position\":4,\"name\":\"Tank \u00e0 lait horizontal\"}]},{\"@type\":\"WebSite\",\"@id\":\"https:\/\/www.limko.be\/fr\/#website\",\"url\":\"https:\/\/www.limko.be\/fr\/\",\"name\":\"Limko.be\",\"description\":\"Limko.be: klimatisatie, koeling en zuivelmachines\",\"publisher\":{\"@id\":\"https:\/\/www.limko.be\/fr\/#organization\"},\"potentialAction\":[{\"@type\":\"SearchAction\",\"target\":{\"@type\":\"EntryPoint\",\"urlTemplate\":\"https:\/\/www.limko.be\/fr\/?s={search_term_string}\"},\"query-input\":{\"@type\":\"PropertyValueSpecification\",\"valueRequired\":true,\"valueName\":\"search_term_string\"}}],\"inLanguage\":\"fr-FR\"},{\"@type\":\"Organization\",\"@id\":\"https:\/\/www.limko.be\/fr\/#organization\",\"name\":\"Limko NV\",\"url\":\"https:\/\/www.limko.be\/fr\/\",\"logo\":{\"@type\":\"ImageObject\",\"inLanguage\":\"fr-FR\",\"@id\":\"https:\/\/www.limko.be\/fr\/#\/schema\/logo\/image\/\",\"url\":\"https:\/\/www.limko.be\/wp-content\/uploads\/2021\/10\/limko.png\",\"contentUrl\":\"https:\/\/www.limko.be\/wp-content\/uploads\/2021\/10\/limko.png\",\"width\":200,\"height\":200,\"caption\":\"Limko NV\"},\"image\":{\"@id\":\"https:\/\/www.limko.be\/fr\/#\/schema\/logo\/image\/\"},\"sameAs\":[\"https:\/\/www.facebook.com\/limkoNV\"]}]}<\/script>\n<!-- \/ Yoast SEO plugin. -->","yoast_head_json":{"title":"Horizontale tanks Serap FIRST.SE","robots":{"index":"index","follow":"follow","max-snippet":"max-snippet:-1","max-image-preview":"max-image-preview:large","max-video-preview":"max-video-preview:-1"},"canonical":"https:\/\/www.limko.be\/fr\/lelevage\/tanks-a-lait-de-serap\/horizontale-tanks-serap-firstse\/","og_locale":"fr_FR","og_type":"article","og_title":"Horizontale tanks Serap FIRST.SE","og_description":"CARACTERISTIQUES &nbsp; volume de lait: 900 \u00e0 30.000 litres combinable avec tout type de robot de traite excellente vitesse de refroidissement pour une...","og_url":"https:\/\/www.limko.be\/fr\/lelevage\/tanks-a-lait-de-serap\/horizontale-tanks-serap-firstse\/","og_site_name":"Limko.be","article_publisher":"https:\/\/www.facebook.com\/limkoNV","article_modified_time":"2021-10-06T10:20:30+00:00","og_image":[{"url":"https:\/\/www.limko.be\/wp-content\/uploads\/2021\/10\/Serap_Rainbow_horizontaal-300x196.jpg","type":"","width":"","height":""}],"twitter_card":"summary_large_image","schema":{"@context":"https:\/\/schema.org","@graph":[{"@type":"WebPage","@id":"https:\/\/www.limko.be\/fr\/lelevage\/tanks-a-lait-de-serap\/horizontale-tanks-serap-firstse\/","url":"https:\/\/www.limko.be\/fr\/lelevage\/tanks-a-lait-de-serap\/horizontale-tanks-serap-firstse\/","name":"Horizontale tanks Serap FIRST.SE","isPartOf":{"@id":"https:\/\/www.limko.be\/fr\/#website"},"primaryImageOfPage":{"@id":"https:\/\/www.limko.be\/fr\/lelevage\/tanks-a-lait-de-serap\/horizontale-tanks-serap-firstse\/#primaryimage"},"image":{"@id":"https:\/\/www.limko.be\/fr\/lelevage\/tanks-a-lait-de-serap\/horizontale-tanks-serap-firstse\/#primaryimage"},"thumbnailUrl":"https:\/\/www.limko.be\/wp-content\/uploads\/2021\/10\/Serap_Rainbow_horizontaal-300x196.jpg","datePublished":"2021-10-02T14:46:17+00:00","dateModified":"2021-10-06T10:20:30+00:00","breadcrumb":{"@id":"https:\/\/www.limko.be\/fr\/lelevage\/tanks-a-lait-de-serap\/horizontale-tanks-serap-firstse\/#breadcrumb"},"inLanguage":"fr-FR","potentialAction":[{"@type":"ReadAction","target":["https:\/\/www.limko.be\/fr\/lelevage\/tanks-a-lait-de-serap\/horizontale-tanks-serap-firstse\/"]}]},{"@type":"ImageObject","inLanguage":"fr-FR","@id":"https:\/\/www.limko.be\/fr\/lelevage\/tanks-a-lait-de-serap\/horizontale-tanks-serap-firstse\/#primaryimage","url":"https:\/\/www.limko.be\/wp-content\/uploads\/2021\/10\/Serap_Rainbow_horizontaal-300x196.jpg","contentUrl":"https:\/\/www.limko.be\/wp-content\/uploads\/2021\/10\/Serap_Rainbow_horizontaal-300x196.jpg"},{"@type":"BreadcrumbList","@id":"https:\/\/www.limko.be\/fr\/lelevage\/tanks-a-lait-de-serap\/horizontale-tanks-serap-firstse\/#breadcrumb","itemListElement":[{"@type":"ListItem","position":1,"name":"Home","item":"https:\/\/www.limko.be\/fr\/"},{"@type":"ListItem","position":2,"name":"L&rsquo;elevage","item":"https:\/\/www.limko.be\/fr\/lelevage\/"},{"@type":"ListItem","position":3,"name":"Tanks \u00e0 lait de SERAP","item":"https:\/\/www.limko.be\/fr\/lelevage\/tanks-a-lait-de-serap\/"},{"@type":"ListItem","position":4,"name":"Tank \u00e0 lait horizontal"}]},{"@type":"WebSite","@id":"https:\/\/www.limko.be\/fr\/#website","url":"https:\/\/www.limko.be\/fr\/","name":"Limko.be","description":"Limko.be: klimatisatie, koeling en zuivelmachines","publisher":{"@id":"https:\/\/www.limko.be\/fr\/#organization"},"potentialAction":[{"@type":"SearchAction","target":{"@type":"EntryPoint","urlTemplate":"https:\/\/www.limko.be\/fr\/?s={search_term_string}"},"query-input":{"@type":"PropertyValueSpecification","valueRequired":true,"valueName":"search_term_string"}}],"inLanguage":"fr-FR"},{"@type":"Organization","@id":"https:\/\/www.limko.be\/fr\/#organization","name":"Limko NV","url":"https:\/\/www.limko.be\/fr\/","logo":{"@type":"ImageObject","inLanguage":"fr-FR","@id":"https:\/\/www.limko.be\/fr\/#\/schema\/logo\/image\/","url":"https:\/\/www.limko.be\/wp-content\/uploads\/2021\/10\/limko.png","contentUrl":"https:\/\/www.limko.be\/wp-content\/uploads\/2021\/10\/limko.png","width":200,"height":200,"caption":"Limko NV"},"image":{"@id":"https:\/\/www.limko.be\/fr\/#\/schema\/logo\/image\/"},"sameAs":["https:\/\/www.facebook.com\/limkoNV"]}]}},"_links":{"self":[{"href":"https:\/\/www.limko.be\/fr\/wp-json\/wp\/v2\/pages\/601","targetHints":{"allow":["GET"]}}],"collection":[{"href":"https:\/\/www.limko.be\/fr\/wp-json\/wp\/v2\/pages"}],"about":[{"href":"https:\/\/www.limko.be\/fr\/wp-json\/wp\/v2\/types\/page"}],"author":[{"embeddable":true,"href":"https:\/\/www.limko.be\/fr\/wp-json\/wp\/v2\/users\/1"}],"replies":[{"embeddable":true,"href":"https:\/\/www.limko.be\/fr\/wp-json\/wp\/v2\/comments?post=601"}],"version-history":[{"count":0,"href":"https:\/\/www.limko.be\/fr\/wp-json\/wp\/v2\/pages\/601\/revisions"}],"up":[{"embeddable":true,"href":"https:\/\/www.limko.be\/fr\/wp-json\/wp\/v2\/pages\/561"}],"wp:attachment":[{"href":"https:\/\/www.limko.be\/fr\/wp-json\/wp\/v2\/media?parent=601"}],"curies":[{"name":"wp","href":"https:\/\/api.w.org\/{rel}","templated":true}]}}