{"id":609,"date":"2021-10-02T16:51:23","date_gmt":"2021-10-02T14:51:23","guid":{"rendered":"https:\/\/www.limko.be\/lelevage\/systemes-de-traite-de-sac\/rotaries\/"},"modified":"2021-10-06T12:26:36","modified_gmt":"2021-10-06T10:26:36","slug":"lelevage-laitier","status":"publish","type":"page","link":"https:\/\/www.limko.be\/fr\/lelevage\/systemes-de-traite-de-sac\/lelevage-laitier\/","title":{"rendered":"Carrousels"},"content":{"rendered":"<h2>Le roto ext\u00e9rieur<\/h2>\n<h2><img loading=\"lazy\" decoding=\"async\" class=\"size-full wp-image-361 alignright\" src=\"https:\/\/www.limko.be\/wp-content\/uploads\/2021\/10\/draaimelkstallen.png\" alt=\"\" width=\"224\" height=\"166\" \/><\/h2>\n<p>Le trayeur peut ex\u00e9cuter toutes les op\u00e9rations d\u2019un seul endroit et en m\u00eame temps surveiller le passage des vaches dans la salle de traite. Avec deux hommes, cette salle de traite carrousel ext\u00e9rieure permet de traire plus de deux cents vaches par heure.<\/p>\n<h2><\/h2>\n<h3>AVANTAGES<\/h3>\n<p>&#8211; am\u00e9nagement durable<br \/>\n&#8211; passage de vaches permanent<br \/>\n&#8211; Traite propre et r\u00e9duisant les d\u00e9placements<br \/>\n&#8211; bonne vue d\u2019ensemble sur le passage des vaches<br \/>\n&#8211; grande capacit\u00e9 (de 28 \u00e0 90 animaux)<\/p>\n<h2>Le roto int\u00e9rieur<\/h2>\n<p><img loading=\"lazy\" decoding=\"async\" class=\"size-medium wp-image-363 alignright\" src=\"https:\/\/www.limko.be\/wp-content\/uploads\/2021\/10\/draaimelkstallen_buiten-300x147.png\" alt=\"\" width=\"300\" height=\"147\" srcset=\"https:\/\/www.limko.be\/wp-content\/uploads\/2021\/10\/draaimelkstallen_buiten-300x147.png 300w, https:\/\/www.limko.be\/wp-content\/uploads\/2021\/10\/draaimelkstallen_buiten.png 577w\" sizes=\"auto, (max-width: 300px) 100vw, 300px\" \/><\/p>\n<p>Cette salle de traite combine la traite intensive \u00e0 une longue dur\u00e9e de vie. Sa taille, sa construction et son am\u00e9nagement permet au trayeur de traire facilement et rapidement. Le trayeur peut commander l\u2019installation depuis un endroit fixe.<\/p>\n<h3>AVANTAGES<\/h3>\n<p>&#8211; am\u00e9nagement durable<br \/>\n&#8211; productivit\u00e9 optimale<br \/>\n&#8211; passage de vaches permanent<br \/>\n&#8211; Traite propre et r\u00e9duisant les d\u00e9placements<br \/>\n&#8211; bonne vue d\u2019ensemble sur le passage des vaches<br \/>\n&#8211; grande capacit\u00e9 par homme et par heure<br \/>\n&#8211; s\u00e9lection facile des vaches<br \/>\n&#8211; grande capacit\u00e9 (de 18 \u00e0 36 animaux)<\/p>\n","protected":false},"excerpt":{"rendered":"<p>Le roto ext\u00e9rieur Le trayeur peut ex\u00e9cuter toutes les op\u00e9rations d\u2019un seul endroit et en m\u00eame temps surveiller le passage des vaches dans&#8230;<\/p>\n","protected":false},"author":1,"featured_media":0,"parent":578,"menu_order":0,"comment_status":"closed","ping_status":"closed","template":"","meta":{"_acf_changed":false,"inline_featured_image":false,"footnotes":""},"class_list":["post-609","page","type-page","status-publish","hentry"],"acf":[],"yoast_head":"<!-- This site is optimized with the Yoast SEO plugin v27.0 - https:\/\/yoast.com\/product\/yoast-seo-wordpress\/ -->\n<title>Carrousels<\/title>\n<meta name=\"robots\" content=\"index, follow, max-snippet:-1, max-image-preview:large, max-video-preview:-1\" \/>\n<link rel=\"canonical\" href=\"https:\/\/www.limko.be\/fr\/lelevage\/systemes-de-traite-de-sac\/lelevage-laitier\/\" \/>\n<meta property=\"og:locale\" content=\"fr_FR\" \/>\n<meta property=\"og:type\" content=\"article\" \/>\n<meta property=\"og:title\" content=\"Carrousels\" \/>\n<meta property=\"og:description\" content=\"Le roto ext\u00e9rieur Le trayeur peut ex\u00e9cuter toutes les op\u00e9rations d\u2019un seul endroit et en m\u00eame temps surveiller le passage des vaches dans...\" \/>\n<meta property=\"og:url\" content=\"https:\/\/www.limko.be\/fr\/lelevage\/systemes-de-traite-de-sac\/lelevage-laitier\/\" \/>\n<meta property=\"og:site_name\" content=\"Limko.be\" \/>\n<meta property=\"article:publisher\" content=\"https:\/\/www.facebook.com\/limkoNV\" \/>\n<meta property=\"article:modified_time\" content=\"2021-10-06T10:26:36+00:00\" \/>\n<meta property=\"og:image\" content=\"https:\/\/www.limko.be\/wp-content\/uploads\/2021\/10\/draaimelkstallen.png\" \/>\n<meta name=\"twitter:card\" content=\"summary_large_image\" \/>\n<meta name=\"twitter:label1\" content=\"Dur\u00e9e de lecture estim\u00e9e\" \/>\n\t<meta name=\"twitter:data1\" content=\"1 minute\" \/>\n<script type=\"application\/ld+json\" class=\"yoast-schema-graph\">{\"@context\":\"https:\/\/schema.org\",\"@graph\":[{\"@type\":\"WebPage\",\"@id\":\"https:\/\/www.limko.be\/fr\/lelevage\/systemes-de-traite-de-sac\/lelevage-laitier\/\",\"url\":\"https:\/\/www.limko.be\/fr\/lelevage\/systemes-de-traite-de-sac\/lelevage-laitier\/\",\"name\":\"Carrousels\",\"isPartOf\":{\"@id\":\"https:\/\/www.limko.be\/fr\/#website\"},\"primaryImageOfPage\":{\"@id\":\"https:\/\/www.limko.be\/fr\/lelevage\/systemes-de-traite-de-sac\/lelevage-laitier\/#primaryimage\"},\"image\":{\"@id\":\"https:\/\/www.limko.be\/fr\/lelevage\/systemes-de-traite-de-sac\/lelevage-laitier\/#primaryimage\"},\"thumbnailUrl\":\"https:\/\/www.limko.be\/wp-content\/uploads\/2021\/10\/draaimelkstallen.png\",\"datePublished\":\"2021-10-02T14:51:23+00:00\",\"dateModified\":\"2021-10-06T10:26:36+00:00\",\"breadcrumb\":{\"@id\":\"https:\/\/www.limko.be\/fr\/lelevage\/systemes-de-traite-de-sac\/lelevage-laitier\/#breadcrumb\"},\"inLanguage\":\"fr-FR\",\"potentialAction\":[{\"@type\":\"ReadAction\",\"target\":[\"https:\/\/www.limko.be\/fr\/lelevage\/systemes-de-traite-de-sac\/lelevage-laitier\/\"]}]},{\"@type\":\"ImageObject\",\"inLanguage\":\"fr-FR\",\"@id\":\"https:\/\/www.limko.be\/fr\/lelevage\/systemes-de-traite-de-sac\/lelevage-laitier\/#primaryimage\",\"url\":\"https:\/\/www.limko.be\/wp-content\/uploads\/2021\/10\/draaimelkstallen.png\",\"contentUrl\":\"https:\/\/www.limko.be\/wp-content\/uploads\/2021\/10\/draaimelkstallen.png\"},{\"@type\":\"BreadcrumbList\",\"@id\":\"https:\/\/www.limko.be\/fr\/lelevage\/systemes-de-traite-de-sac\/lelevage-laitier\/#breadcrumb\",\"itemListElement\":[{\"@type\":\"ListItem\",\"position\":1,\"name\":\"Home\",\"item\":\"https:\/\/www.limko.be\/fr\/\"},{\"@type\":\"ListItem\",\"position\":2,\"name\":\"L&rsquo;elevage\",\"item\":\"https:\/\/www.limko.be\/fr\/lelevage\/\"},{\"@type\":\"ListItem\",\"position\":3,\"name\":\"Syst\u00e8mes de traite de SAC. &lsquo;Pour la vache, le lait et le trayeur&rsquo;\",\"item\":\"https:\/\/www.limko.be\/fr\/lelevage\/systemes-de-traite-de-sac\/\"},{\"@type\":\"ListItem\",\"position\":4,\"name\":\"Carrousels\"}]},{\"@type\":\"WebSite\",\"@id\":\"https:\/\/www.limko.be\/fr\/#website\",\"url\":\"https:\/\/www.limko.be\/fr\/\",\"name\":\"Limko.be\",\"description\":\"Limko.be: klimatisatie, koeling en zuivelmachines\",\"publisher\":{\"@id\":\"https:\/\/www.limko.be\/fr\/#organization\"},\"potentialAction\":[{\"@type\":\"SearchAction\",\"target\":{\"@type\":\"EntryPoint\",\"urlTemplate\":\"https:\/\/www.limko.be\/fr\/?s={search_term_string}\"},\"query-input\":{\"@type\":\"PropertyValueSpecification\",\"valueRequired\":true,\"valueName\":\"search_term_string\"}}],\"inLanguage\":\"fr-FR\"},{\"@type\":\"Organization\",\"@id\":\"https:\/\/www.limko.be\/fr\/#organization\",\"name\":\"Limko NV\",\"url\":\"https:\/\/www.limko.be\/fr\/\",\"logo\":{\"@type\":\"ImageObject\",\"inLanguage\":\"fr-FR\",\"@id\":\"https:\/\/www.limko.be\/fr\/#\/schema\/logo\/image\/\",\"url\":\"https:\/\/www.limko.be\/wp-content\/uploads\/2021\/10\/limko.png\",\"contentUrl\":\"https:\/\/www.limko.be\/wp-content\/uploads\/2021\/10\/limko.png\",\"width\":200,\"height\":200,\"caption\":\"Limko NV\"},\"image\":{\"@id\":\"https:\/\/www.limko.be\/fr\/#\/schema\/logo\/image\/\"},\"sameAs\":[\"https:\/\/www.facebook.com\/limkoNV\"]}]}<\/script>\n<!-- \/ Yoast SEO plugin. -->","yoast_head_json":{"title":"Carrousels","robots":{"index":"index","follow":"follow","max-snippet":"max-snippet:-1","max-image-preview":"max-image-preview:large","max-video-preview":"max-video-preview:-1"},"canonical":"https:\/\/www.limko.be\/fr\/lelevage\/systemes-de-traite-de-sac\/lelevage-laitier\/","og_locale":"fr_FR","og_type":"article","og_title":"Carrousels","og_description":"Le roto ext\u00e9rieur Le trayeur peut ex\u00e9cuter toutes les op\u00e9rations d\u2019un seul endroit et en m\u00eame temps surveiller le passage des vaches dans...","og_url":"https:\/\/www.limko.be\/fr\/lelevage\/systemes-de-traite-de-sac\/lelevage-laitier\/","og_site_name":"Limko.be","article_publisher":"https:\/\/www.facebook.com\/limkoNV","article_modified_time":"2021-10-06T10:26:36+00:00","og_image":[{"url":"https:\/\/www.limko.be\/wp-content\/uploads\/2021\/10\/draaimelkstallen.png","type":"","width":"","height":""}],"twitter_card":"summary_large_image","twitter_misc":{"Dur\u00e9e de lecture estim\u00e9e":"1 minute"},"schema":{"@context":"https:\/\/schema.org","@graph":[{"@type":"WebPage","@id":"https:\/\/www.limko.be\/fr\/lelevage\/systemes-de-traite-de-sac\/lelevage-laitier\/","url":"https:\/\/www.limko.be\/fr\/lelevage\/systemes-de-traite-de-sac\/lelevage-laitier\/","name":"Carrousels","isPartOf":{"@id":"https:\/\/www.limko.be\/fr\/#website"},"primaryImageOfPage":{"@id":"https:\/\/www.limko.be\/fr\/lelevage\/systemes-de-traite-de-sac\/lelevage-laitier\/#primaryimage"},"image":{"@id":"https:\/\/www.limko.be\/fr\/lelevage\/systemes-de-traite-de-sac\/lelevage-laitier\/#primaryimage"},"thumbnailUrl":"https:\/\/www.limko.be\/wp-content\/uploads\/2021\/10\/draaimelkstallen.png","datePublished":"2021-10-02T14:51:23+00:00","dateModified":"2021-10-06T10:26:36+00:00","breadcrumb":{"@id":"https:\/\/www.limko.be\/fr\/lelevage\/systemes-de-traite-de-sac\/lelevage-laitier\/#breadcrumb"},"inLanguage":"fr-FR","potentialAction":[{"@type":"ReadAction","target":["https:\/\/www.limko.be\/fr\/lelevage\/systemes-de-traite-de-sac\/lelevage-laitier\/"]}]},{"@type":"ImageObject","inLanguage":"fr-FR","@id":"https:\/\/www.limko.be\/fr\/lelevage\/systemes-de-traite-de-sac\/lelevage-laitier\/#primaryimage","url":"https:\/\/www.limko.be\/wp-content\/uploads\/2021\/10\/draaimelkstallen.png","contentUrl":"https:\/\/www.limko.be\/wp-content\/uploads\/2021\/10\/draaimelkstallen.png"},{"@type":"BreadcrumbList","@id":"https:\/\/www.limko.be\/fr\/lelevage\/systemes-de-traite-de-sac\/lelevage-laitier\/#breadcrumb","itemListElement":[{"@type":"ListItem","position":1,"name":"Home","item":"https:\/\/www.limko.be\/fr\/"},{"@type":"ListItem","position":2,"name":"L&rsquo;elevage","item":"https:\/\/www.limko.be\/fr\/lelevage\/"},{"@type":"ListItem","position":3,"name":"Syst\u00e8mes de traite de SAC. &lsquo;Pour la vache, le lait et le trayeur&rsquo;","item":"https:\/\/www.limko.be\/fr\/lelevage\/systemes-de-traite-de-sac\/"},{"@type":"ListItem","position":4,"name":"Carrousels"}]},{"@type":"WebSite","@id":"https:\/\/www.limko.be\/fr\/#website","url":"https:\/\/www.limko.be\/fr\/","name":"Limko.be","description":"Limko.be: klimatisatie, koeling en zuivelmachines","publisher":{"@id":"https:\/\/www.limko.be\/fr\/#organization"},"potentialAction":[{"@type":"SearchAction","target":{"@type":"EntryPoint","urlTemplate":"https:\/\/www.limko.be\/fr\/?s={search_term_string}"},"query-input":{"@type":"PropertyValueSpecification","valueRequired":true,"valueName":"search_term_string"}}],"inLanguage":"fr-FR"},{"@type":"Organization","@id":"https:\/\/www.limko.be\/fr\/#organization","name":"Limko NV","url":"https:\/\/www.limko.be\/fr\/","logo":{"@type":"ImageObject","inLanguage":"fr-FR","@id":"https:\/\/www.limko.be\/fr\/#\/schema\/logo\/image\/","url":"https:\/\/www.limko.be\/wp-content\/uploads\/2021\/10\/limko.png","contentUrl":"https:\/\/www.limko.be\/wp-content\/uploads\/2021\/10\/limko.png","width":200,"height":200,"caption":"Limko NV"},"image":{"@id":"https:\/\/www.limko.be\/fr\/#\/schema\/logo\/image\/"},"sameAs":["https:\/\/www.facebook.com\/limkoNV"]}]}},"_links":{"self":[{"href":"https:\/\/www.limko.be\/fr\/wp-json\/wp\/v2\/pages\/609","targetHints":{"allow":["GET"]}}],"collection":[{"href":"https:\/\/www.limko.be\/fr\/wp-json\/wp\/v2\/pages"}],"about":[{"href":"https:\/\/www.limko.be\/fr\/wp-json\/wp\/v2\/types\/page"}],"author":[{"embeddable":true,"href":"https:\/\/www.limko.be\/fr\/wp-json\/wp\/v2\/users\/1"}],"replies":[{"embeddable":true,"href":"https:\/\/www.limko.be\/fr\/wp-json\/wp\/v2\/comments?post=609"}],"version-history":[{"count":0,"href":"https:\/\/www.limko.be\/fr\/wp-json\/wp\/v2\/pages\/609\/revisions"}],"up":[{"embeddable":true,"href":"https:\/\/www.limko.be\/fr\/wp-json\/wp\/v2\/pages\/578"}],"wp:attachment":[{"href":"https:\/\/www.limko.be\/fr\/wp-json\/wp\/v2\/media?parent=609"}],"curies":[{"name":"wp","href":"https:\/\/api.w.org\/{rel}","templated":true}]}}