{"id":617,"date":"2021-10-02T16:52:11","date_gmt":"2021-10-02T14:52:11","guid":{"rendered":"https:\/\/www.limko.be\/lelevage\/systemes-de-traite-de-sac\/zij-aan-zij-melkstallen\/"},"modified":"2021-10-06T12:32:57","modified_gmt":"2021-10-06T10:32:57","slug":"salle-de-traite-cote-a-cote","status":"publish","type":"page","link":"https:\/\/www.limko.be\/fr\/lelevage\/systemes-de-traite-de-sac\/salle-de-traite-cote-a-cote\/","title":{"rendered":"Salle de traite c\u00f4te \u00e0 c\u00f4te"},"content":{"rendered":"<h2>Syst\u00e8me Hudonck<img loading=\"lazy\" decoding=\"async\" class=\"size-full wp-image-369 alignright\" src=\"https:\/\/www.limko.be\/wp-content\/uploads\/2021\/10\/hudoncksysteem.png\" alt=\"\" width=\"261\" height=\"203\" \/><\/h2>\n<p>Les vaches sont dispos\u00e9es de fa\u00e7on parall\u00e8le l\u2019une pr\u00e8s de l\u2019autre. Ceci \u00e9pargne les d\u00e9placements au trayeur. Pour la traite, les griffes sont reli\u00e9es par l\u2019arri\u00e8re.<\/p>\n<h3>AVANTAGES<\/h3>\n<p>&#8211; haute capacit\u00e9<br \/>\n&#8211; rang\u00e9es courtes<br \/>\n&#8211; T\u00f4le pare-boue de grande surface en inox avec ou sans goulotte<br \/>\n&#8211; position de travail ergonomique<\/p>\n<h2>Sortie rapide (Rapid Exit)<\/h2>\n<p><img loading=\"lazy\" decoding=\"async\" class=\"size-full wp-image-393 alignright\" src=\"https:\/\/www.limko.be\/wp-content\/uploads\/2021\/10\/rapidexit.png\" alt=\"\" width=\"277\" height=\"204\" \/>Syst\u00e8me \u00e0 rendement optimal qui permet aux vaches de quitter la salle de traite en une fois. Ceci engendre un gain de temps consid\u00e9rable lors de l\u2019\u00e9change des vaches<\/p>\n<h3>AVANTAGES<\/h3>\n<p>&#8211; haute capacit\u00e9<br \/>\n&#8211; rang\u00e9es courtes<br \/>\n&#8211; sortie ultra rapide<br \/>\n&#8211; T\u00f4le pare-boue de grande surface en inox avec ou sans goulotte<\/p>\n<h2>Swing-over: \u00e9conomique<\/h2>\n<p><img loading=\"lazy\" decoding=\"async\" class=\"size-medium wp-image-409 alignright\" src=\"https:\/\/www.limko.be\/wp-content\/uploads\/2021\/10\/swingover-300x205.png\" alt=\"\" width=\"300\" height=\"205\" srcset=\"https:\/\/www.limko.be\/wp-content\/uploads\/2021\/10\/swingover-300x205.png 300w, https:\/\/www.limko.be\/wp-content\/uploads\/2021\/10\/swingover.png 577w\" sizes=\"auto, (max-width: 300px) 100vw, 300px\" \/>Le syst\u00e8me swing-over est ad\u00e9quat pour les salles de traite TPA et pour les salles de traite en \u00e9pi 60 degr\u00e9s o\u00f9 la traite se fait \u00e0 l\u2019arri\u00e8re. Le swing-over garantit un confort d\u2019emploi optimal et une commande simple du panneau. Le trayeur peut amener le faisceau-trayeur d\u2019un seul geste vers la t\u00e9tine et imm\u00e9diatement mettre en route la traite.<\/p>\n<h3>AVANTAGES<\/h3>\n<p>&#8211; traite rapide<br \/>\n&#8211; souplesse d\u2019emploi<br \/>\n&#8211; \u00e9conomique<br \/>\n&#8211; bras swing-over robuste<br \/>\n&#8211; libert\u00e9 de mouvement optimale<br \/>\n&#8211; panneau de commande d\u00e9taill\u00e9<br \/>\n&#8211; position de travail ergonomique<\/p>\n","protected":false},"excerpt":{"rendered":"<p>Syst\u00e8me Hudonck Les vaches sont dispos\u00e9es de fa\u00e7on parall\u00e8le l\u2019une pr\u00e8s de l\u2019autre. Ceci \u00e9pargne les d\u00e9placements au trayeur. Pour la traite, les&#8230;<\/p>\n","protected":false},"author":1,"featured_media":0,"parent":578,"menu_order":0,"comment_status":"closed","ping_status":"closed","template":"","meta":{"_acf_changed":false,"inline_featured_image":false,"footnotes":""},"class_list":["post-617","page","type-page","status-publish","hentry"],"acf":[],"yoast_head":"<!-- This site is optimized with the Yoast SEO plugin v27.0 - https:\/\/yoast.com\/product\/yoast-seo-wordpress\/ -->\n<title>Zij aan zij melkstallen<\/title>\n<meta name=\"robots\" content=\"index, follow, max-snippet:-1, max-image-preview:large, max-video-preview:-1\" \/>\n<link rel=\"canonical\" href=\"https:\/\/www.limko.be\/fr\/lelevage\/systemes-de-traite-de-sac\/salle-de-traite-cote-a-cote\/\" \/>\n<meta property=\"og:locale\" content=\"fr_FR\" \/>\n<meta property=\"og:type\" content=\"article\" \/>\n<meta property=\"og:title\" content=\"Zij aan zij melkstallen\" \/>\n<meta property=\"og:description\" content=\"Syst\u00e8me Hudonck Les vaches sont dispos\u00e9es de fa\u00e7on parall\u00e8le l\u2019une pr\u00e8s de l\u2019autre. Ceci \u00e9pargne les d\u00e9placements au trayeur. Pour la traite, les...\" \/>\n<meta property=\"og:url\" content=\"https:\/\/www.limko.be\/fr\/lelevage\/systemes-de-traite-de-sac\/salle-de-traite-cote-a-cote\/\" \/>\n<meta property=\"og:site_name\" content=\"Limko.be\" \/>\n<meta property=\"article:publisher\" content=\"https:\/\/www.facebook.com\/limkoNV\" \/>\n<meta property=\"article:modified_time\" content=\"2021-10-06T10:32:57+00:00\" \/>\n<meta property=\"og:image\" content=\"https:\/\/www.limko.be\/wp-content\/uploads\/2021\/10\/hudoncksysteem.png\" \/>\n<meta name=\"twitter:card\" content=\"summary_large_image\" \/>\n<meta name=\"twitter:label1\" content=\"Dur\u00e9e de lecture estim\u00e9e\" \/>\n\t<meta name=\"twitter:data1\" content=\"1 minute\" \/>\n<script type=\"application\/ld+json\" class=\"yoast-schema-graph\">{\"@context\":\"https:\/\/schema.org\",\"@graph\":[{\"@type\":\"WebPage\",\"@id\":\"https:\/\/www.limko.be\/fr\/lelevage\/systemes-de-traite-de-sac\/salle-de-traite-cote-a-cote\/\",\"url\":\"https:\/\/www.limko.be\/fr\/lelevage\/systemes-de-traite-de-sac\/salle-de-traite-cote-a-cote\/\",\"name\":\"Zij aan zij melkstallen\",\"isPartOf\":{\"@id\":\"https:\/\/www.limko.be\/fr\/#website\"},\"primaryImageOfPage\":{\"@id\":\"https:\/\/www.limko.be\/fr\/lelevage\/systemes-de-traite-de-sac\/salle-de-traite-cote-a-cote\/#primaryimage\"},\"image\":{\"@id\":\"https:\/\/www.limko.be\/fr\/lelevage\/systemes-de-traite-de-sac\/salle-de-traite-cote-a-cote\/#primaryimage\"},\"thumbnailUrl\":\"https:\/\/www.limko.be\/wp-content\/uploads\/2021\/10\/hudoncksysteem.png\",\"datePublished\":\"2021-10-02T14:52:11+00:00\",\"dateModified\":\"2021-10-06T10:32:57+00:00\",\"breadcrumb\":{\"@id\":\"https:\/\/www.limko.be\/fr\/lelevage\/systemes-de-traite-de-sac\/salle-de-traite-cote-a-cote\/#breadcrumb\"},\"inLanguage\":\"fr-FR\",\"potentialAction\":[{\"@type\":\"ReadAction\",\"target\":[\"https:\/\/www.limko.be\/fr\/lelevage\/systemes-de-traite-de-sac\/salle-de-traite-cote-a-cote\/\"]}]},{\"@type\":\"ImageObject\",\"inLanguage\":\"fr-FR\",\"@id\":\"https:\/\/www.limko.be\/fr\/lelevage\/systemes-de-traite-de-sac\/salle-de-traite-cote-a-cote\/#primaryimage\",\"url\":\"https:\/\/www.limko.be\/wp-content\/uploads\/2021\/10\/hudoncksysteem.png\",\"contentUrl\":\"https:\/\/www.limko.be\/wp-content\/uploads\/2021\/10\/hudoncksysteem.png\"},{\"@type\":\"BreadcrumbList\",\"@id\":\"https:\/\/www.limko.be\/fr\/lelevage\/systemes-de-traite-de-sac\/salle-de-traite-cote-a-cote\/#breadcrumb\",\"itemListElement\":[{\"@type\":\"ListItem\",\"position\":1,\"name\":\"Home\",\"item\":\"https:\/\/www.limko.be\/fr\/\"},{\"@type\":\"ListItem\",\"position\":2,\"name\":\"L&rsquo;elevage\",\"item\":\"https:\/\/www.limko.be\/fr\/lelevage\/\"},{\"@type\":\"ListItem\",\"position\":3,\"name\":\"Syst\u00e8mes de traite de SAC. &lsquo;Pour la vache, le lait et le trayeur&rsquo;\",\"item\":\"https:\/\/www.limko.be\/fr\/lelevage\/systemes-de-traite-de-sac\/\"},{\"@type\":\"ListItem\",\"position\":4,\"name\":\"Salle de traite c\u00f4te \u00e0 c\u00f4te\"}]},{\"@type\":\"WebSite\",\"@id\":\"https:\/\/www.limko.be\/fr\/#website\",\"url\":\"https:\/\/www.limko.be\/fr\/\",\"name\":\"Limko.be\",\"description\":\"Limko.be: klimatisatie, koeling en zuivelmachines\",\"publisher\":{\"@id\":\"https:\/\/www.limko.be\/fr\/#organization\"},\"potentialAction\":[{\"@type\":\"SearchAction\",\"target\":{\"@type\":\"EntryPoint\",\"urlTemplate\":\"https:\/\/www.limko.be\/fr\/?s={search_term_string}\"},\"query-input\":{\"@type\":\"PropertyValueSpecification\",\"valueRequired\":true,\"valueName\":\"search_term_string\"}}],\"inLanguage\":\"fr-FR\"},{\"@type\":\"Organization\",\"@id\":\"https:\/\/www.limko.be\/fr\/#organization\",\"name\":\"Limko NV\",\"url\":\"https:\/\/www.limko.be\/fr\/\",\"logo\":{\"@type\":\"ImageObject\",\"inLanguage\":\"fr-FR\",\"@id\":\"https:\/\/www.limko.be\/fr\/#\/schema\/logo\/image\/\",\"url\":\"https:\/\/www.limko.be\/wp-content\/uploads\/2021\/10\/limko.png\",\"contentUrl\":\"https:\/\/www.limko.be\/wp-content\/uploads\/2021\/10\/limko.png\",\"width\":200,\"height\":200,\"caption\":\"Limko NV\"},\"image\":{\"@id\":\"https:\/\/www.limko.be\/fr\/#\/schema\/logo\/image\/\"},\"sameAs\":[\"https:\/\/www.facebook.com\/limkoNV\"]}]}<\/script>\n<!-- \/ Yoast SEO plugin. -->","yoast_head_json":{"title":"Zij aan zij melkstallen","robots":{"index":"index","follow":"follow","max-snippet":"max-snippet:-1","max-image-preview":"max-image-preview:large","max-video-preview":"max-video-preview:-1"},"canonical":"https:\/\/www.limko.be\/fr\/lelevage\/systemes-de-traite-de-sac\/salle-de-traite-cote-a-cote\/","og_locale":"fr_FR","og_type":"article","og_title":"Zij aan zij melkstallen","og_description":"Syst\u00e8me Hudonck Les vaches sont dispos\u00e9es de fa\u00e7on parall\u00e8le l\u2019une pr\u00e8s de l\u2019autre. Ceci \u00e9pargne les d\u00e9placements au trayeur. Pour la traite, les...","og_url":"https:\/\/www.limko.be\/fr\/lelevage\/systemes-de-traite-de-sac\/salle-de-traite-cote-a-cote\/","og_site_name":"Limko.be","article_publisher":"https:\/\/www.facebook.com\/limkoNV","article_modified_time":"2021-10-06T10:32:57+00:00","og_image":[{"url":"https:\/\/www.limko.be\/wp-content\/uploads\/2021\/10\/hudoncksysteem.png","type":"","width":"","height":""}],"twitter_card":"summary_large_image","twitter_misc":{"Dur\u00e9e de lecture estim\u00e9e":"1 minute"},"schema":{"@context":"https:\/\/schema.org","@graph":[{"@type":"WebPage","@id":"https:\/\/www.limko.be\/fr\/lelevage\/systemes-de-traite-de-sac\/salle-de-traite-cote-a-cote\/","url":"https:\/\/www.limko.be\/fr\/lelevage\/systemes-de-traite-de-sac\/salle-de-traite-cote-a-cote\/","name":"Zij aan zij melkstallen","isPartOf":{"@id":"https:\/\/www.limko.be\/fr\/#website"},"primaryImageOfPage":{"@id":"https:\/\/www.limko.be\/fr\/lelevage\/systemes-de-traite-de-sac\/salle-de-traite-cote-a-cote\/#primaryimage"},"image":{"@id":"https:\/\/www.limko.be\/fr\/lelevage\/systemes-de-traite-de-sac\/salle-de-traite-cote-a-cote\/#primaryimage"},"thumbnailUrl":"https:\/\/www.limko.be\/wp-content\/uploads\/2021\/10\/hudoncksysteem.png","datePublished":"2021-10-02T14:52:11+00:00","dateModified":"2021-10-06T10:32:57+00:00","breadcrumb":{"@id":"https:\/\/www.limko.be\/fr\/lelevage\/systemes-de-traite-de-sac\/salle-de-traite-cote-a-cote\/#breadcrumb"},"inLanguage":"fr-FR","potentialAction":[{"@type":"ReadAction","target":["https:\/\/www.limko.be\/fr\/lelevage\/systemes-de-traite-de-sac\/salle-de-traite-cote-a-cote\/"]}]},{"@type":"ImageObject","inLanguage":"fr-FR","@id":"https:\/\/www.limko.be\/fr\/lelevage\/systemes-de-traite-de-sac\/salle-de-traite-cote-a-cote\/#primaryimage","url":"https:\/\/www.limko.be\/wp-content\/uploads\/2021\/10\/hudoncksysteem.png","contentUrl":"https:\/\/www.limko.be\/wp-content\/uploads\/2021\/10\/hudoncksysteem.png"},{"@type":"BreadcrumbList","@id":"https:\/\/www.limko.be\/fr\/lelevage\/systemes-de-traite-de-sac\/salle-de-traite-cote-a-cote\/#breadcrumb","itemListElement":[{"@type":"ListItem","position":1,"name":"Home","item":"https:\/\/www.limko.be\/fr\/"},{"@type":"ListItem","position":2,"name":"L&rsquo;elevage","item":"https:\/\/www.limko.be\/fr\/lelevage\/"},{"@type":"ListItem","position":3,"name":"Syst\u00e8mes de traite de SAC. &lsquo;Pour la vache, le lait et le trayeur&rsquo;","item":"https:\/\/www.limko.be\/fr\/lelevage\/systemes-de-traite-de-sac\/"},{"@type":"ListItem","position":4,"name":"Salle de traite c\u00f4te \u00e0 c\u00f4te"}]},{"@type":"WebSite","@id":"https:\/\/www.limko.be\/fr\/#website","url":"https:\/\/www.limko.be\/fr\/","name":"Limko.be","description":"Limko.be: klimatisatie, koeling en zuivelmachines","publisher":{"@id":"https:\/\/www.limko.be\/fr\/#organization"},"potentialAction":[{"@type":"SearchAction","target":{"@type":"EntryPoint","urlTemplate":"https:\/\/www.limko.be\/fr\/?s={search_term_string}"},"query-input":{"@type":"PropertyValueSpecification","valueRequired":true,"valueName":"search_term_string"}}],"inLanguage":"fr-FR"},{"@type":"Organization","@id":"https:\/\/www.limko.be\/fr\/#organization","name":"Limko NV","url":"https:\/\/www.limko.be\/fr\/","logo":{"@type":"ImageObject","inLanguage":"fr-FR","@id":"https:\/\/www.limko.be\/fr\/#\/schema\/logo\/image\/","url":"https:\/\/www.limko.be\/wp-content\/uploads\/2021\/10\/limko.png","contentUrl":"https:\/\/www.limko.be\/wp-content\/uploads\/2021\/10\/limko.png","width":200,"height":200,"caption":"Limko NV"},"image":{"@id":"https:\/\/www.limko.be\/fr\/#\/schema\/logo\/image\/"},"sameAs":["https:\/\/www.facebook.com\/limkoNV"]}]}},"_links":{"self":[{"href":"https:\/\/www.limko.be\/fr\/wp-json\/wp\/v2\/pages\/617","targetHints":{"allow":["GET"]}}],"collection":[{"href":"https:\/\/www.limko.be\/fr\/wp-json\/wp\/v2\/pages"}],"about":[{"href":"https:\/\/www.limko.be\/fr\/wp-json\/wp\/v2\/types\/page"}],"author":[{"embeddable":true,"href":"https:\/\/www.limko.be\/fr\/wp-json\/wp\/v2\/users\/1"}],"replies":[{"embeddable":true,"href":"https:\/\/www.limko.be\/fr\/wp-json\/wp\/v2\/comments?post=617"}],"version-history":[{"count":0,"href":"https:\/\/www.limko.be\/fr\/wp-json\/wp\/v2\/pages\/617\/revisions"}],"up":[{"embeddable":true,"href":"https:\/\/www.limko.be\/fr\/wp-json\/wp\/v2\/pages\/578"}],"wp:attachment":[{"href":"https:\/\/www.limko.be\/fr\/wp-json\/wp\/v2\/media?parent=617"}],"curies":[{"name":"wp","href":"https:\/\/api.w.org\/{rel}","templated":true}]}}