{"id":624,"date":"2021-10-02T16:52:35","date_gmt":"2021-10-02T14:52:35","guid":{"rendered":"https:\/\/www.limko.be\/lelevage\/systemes-de-traite-de-sac\/visgraatmelkstal\/"},"modified":"2021-10-06T17:07:00","modified_gmt":"2021-10-06T15:07:00","slug":"salle-de-trait-en-epi","status":"publish","type":"page","link":"https:\/\/www.limko.be\/fr\/lelevage\/systemes-de-traite-de-sac\/salle-de-trait-en-epi\/","title":{"rendered":"Salle de trait en \u00e9pi 30\u00b0ou 60\u00b0"},"content":{"rendered":"<p>Gr\u00e2ce \u00e0 un syst\u00e8me de barri\u00e8res simple, les vaches trouvent rapidement leur place. Elles sont rel\u00e2ch\u00e9es en m\u00eame temps afin que la salle de traite soit libre en peu de temps. La salle de traite en \u00e9pi a initialement \u00e9t\u00e9 d\u00e9velopp\u00e9e pour gagner du temps et augmenter l\u2019efficacit\u00e9. Ces avantages valent toujours.<\/p>\n<p><img loading=\"lazy\" decoding=\"async\" class=\"size-full wp-image-351 alignright\" src=\"https:\/\/www.limko.be\/wp-content\/uploads\/2021\/10\/30.png\" alt=\"\" width=\"265\" height=\"186\" \/><\/p>\n<h2>Avantages salle de traite en \u00e9pi 30 degr\u00e9s<\/h2>\n<p>&#8211; simple et efficace<br \/>\n&#8211; les vaches trouvent ais\u00e9ment leur place<br \/>\n&#8211; facilement accessible au trayeur<br \/>\n&#8211; syst\u00e8me id\u00e9al pour les longues et \u00e9troites salles<\/p>\n<p>&nbsp;<\/p>\n<h2>Avantages salle de traite en \u00e9pi 60 degr\u00e9s<\/h2>\n<p><img loading=\"lazy\" decoding=\"async\" class=\"size-full wp-image-353 alignright\" src=\"https:\/\/www.limko.be\/wp-content\/uploads\/2021\/10\/60.png\" alt=\"\" width=\"265\" height=\"210\" \/><\/p>\n<p>&#8211; sortie rapide<br \/>\n&#8211; rang\u00e9es courtes<br \/>\n&#8211; bonne position de travail<br \/>\n&#8211; courte distance entre les vaches<br \/>\n&#8211; id\u00e9al pour des salles de traites courtes et larges<br \/>\n&#8211; le trayeur est tr\u00e8s pr\u00e8s de la vache<br \/>\n&#8211; la traite se fait entre les pattes de derri\u00e8re<\/p>\n","protected":false},"excerpt":{"rendered":"<p>Gr\u00e2ce \u00e0 un syst\u00e8me de barri\u00e8res simple, les vaches trouvent rapidement leur place. Elles sont rel\u00e2ch\u00e9es en m\u00eame temps afin que la salle&#8230;<\/p>\n","protected":false},"author":1,"featured_media":0,"parent":578,"menu_order":0,"comment_status":"closed","ping_status":"closed","template":"","meta":{"_acf_changed":false,"inline_featured_image":false,"footnotes":""},"class_list":["post-624","page","type-page","status-publish","hentry"],"acf":[],"yoast_head":"<!-- This site is optimized with the Yoast SEO plugin v27.0 - https:\/\/yoast.com\/product\/yoast-seo-wordpress\/ -->\n<title>Visgraatmelkstal<\/title>\n<meta name=\"robots\" content=\"index, follow, max-snippet:-1, max-image-preview:large, max-video-preview:-1\" \/>\n<link rel=\"canonical\" href=\"https:\/\/www.limko.be\/fr\/lelevage\/systemes-de-traite-de-sac\/salle-de-trait-en-epi\/\" \/>\n<meta property=\"og:locale\" content=\"fr_FR\" \/>\n<meta property=\"og:type\" content=\"article\" \/>\n<meta property=\"og:title\" content=\"Visgraatmelkstal\" \/>\n<meta property=\"og:description\" content=\"Gr\u00e2ce \u00e0 un syst\u00e8me de barri\u00e8res simple, les vaches trouvent rapidement leur place. Elles sont rel\u00e2ch\u00e9es en m\u00eame temps afin que la salle...\" \/>\n<meta property=\"og:url\" content=\"https:\/\/www.limko.be\/fr\/lelevage\/systemes-de-traite-de-sac\/salle-de-trait-en-epi\/\" \/>\n<meta property=\"og:site_name\" content=\"Limko.be\" \/>\n<meta property=\"article:publisher\" content=\"https:\/\/www.facebook.com\/limkoNV\" \/>\n<meta property=\"article:modified_time\" content=\"2021-10-06T15:07:00+00:00\" \/>\n<meta property=\"og:image\" content=\"https:\/\/www.limko.be\/wp-content\/uploads\/2021\/10\/30.png\" \/>\n<meta name=\"twitter:card\" content=\"summary_large_image\" \/>\n<meta name=\"twitter:label1\" content=\"Dur\u00e9e de lecture estim\u00e9e\" \/>\n\t<meta name=\"twitter:data1\" content=\"1 minute\" \/>\n<script type=\"application\/ld+json\" class=\"yoast-schema-graph\">{\"@context\":\"https:\/\/schema.org\",\"@graph\":[{\"@type\":\"WebPage\",\"@id\":\"https:\/\/www.limko.be\/fr\/lelevage\/systemes-de-traite-de-sac\/salle-de-trait-en-epi\/\",\"url\":\"https:\/\/www.limko.be\/fr\/lelevage\/systemes-de-traite-de-sac\/salle-de-trait-en-epi\/\",\"name\":\"Visgraatmelkstal\",\"isPartOf\":{\"@id\":\"https:\/\/www.limko.be\/fr\/#website\"},\"primaryImageOfPage\":{\"@id\":\"https:\/\/www.limko.be\/fr\/lelevage\/systemes-de-traite-de-sac\/salle-de-trait-en-epi\/#primaryimage\"},\"image\":{\"@id\":\"https:\/\/www.limko.be\/fr\/lelevage\/systemes-de-traite-de-sac\/salle-de-trait-en-epi\/#primaryimage\"},\"thumbnailUrl\":\"https:\/\/www.limko.be\/wp-content\/uploads\/2021\/10\/30.png\",\"datePublished\":\"2021-10-02T14:52:35+00:00\",\"dateModified\":\"2021-10-06T15:07:00+00:00\",\"breadcrumb\":{\"@id\":\"https:\/\/www.limko.be\/fr\/lelevage\/systemes-de-traite-de-sac\/salle-de-trait-en-epi\/#breadcrumb\"},\"inLanguage\":\"fr-FR\",\"potentialAction\":[{\"@type\":\"ReadAction\",\"target\":[\"https:\/\/www.limko.be\/fr\/lelevage\/systemes-de-traite-de-sac\/salle-de-trait-en-epi\/\"]}]},{\"@type\":\"ImageObject\",\"inLanguage\":\"fr-FR\",\"@id\":\"https:\/\/www.limko.be\/fr\/lelevage\/systemes-de-traite-de-sac\/salle-de-trait-en-epi\/#primaryimage\",\"url\":\"https:\/\/www.limko.be\/wp-content\/uploads\/2021\/10\/30.png\",\"contentUrl\":\"https:\/\/www.limko.be\/wp-content\/uploads\/2021\/10\/30.png\"},{\"@type\":\"BreadcrumbList\",\"@id\":\"https:\/\/www.limko.be\/fr\/lelevage\/systemes-de-traite-de-sac\/salle-de-trait-en-epi\/#breadcrumb\",\"itemListElement\":[{\"@type\":\"ListItem\",\"position\":1,\"name\":\"Home\",\"item\":\"https:\/\/www.limko.be\/fr\/\"},{\"@type\":\"ListItem\",\"position\":2,\"name\":\"L&rsquo;elevage\",\"item\":\"https:\/\/www.limko.be\/fr\/lelevage\/\"},{\"@type\":\"ListItem\",\"position\":3,\"name\":\"Syst\u00e8mes de traite de SAC. &lsquo;Pour la vache, le lait et le trayeur&rsquo;\",\"item\":\"https:\/\/www.limko.be\/fr\/lelevage\/systemes-de-traite-de-sac\/\"},{\"@type\":\"ListItem\",\"position\":4,\"name\":\"Salle de trait en \u00e9pi 30\u00b0ou 60\u00b0\"}]},{\"@type\":\"WebSite\",\"@id\":\"https:\/\/www.limko.be\/fr\/#website\",\"url\":\"https:\/\/www.limko.be\/fr\/\",\"name\":\"Limko.be\",\"description\":\"Limko.be: klimatisatie, koeling en zuivelmachines\",\"publisher\":{\"@id\":\"https:\/\/www.limko.be\/fr\/#organization\"},\"potentialAction\":[{\"@type\":\"SearchAction\",\"target\":{\"@type\":\"EntryPoint\",\"urlTemplate\":\"https:\/\/www.limko.be\/fr\/?s={search_term_string}\"},\"query-input\":{\"@type\":\"PropertyValueSpecification\",\"valueRequired\":true,\"valueName\":\"search_term_string\"}}],\"inLanguage\":\"fr-FR\"},{\"@type\":\"Organization\",\"@id\":\"https:\/\/www.limko.be\/fr\/#organization\",\"name\":\"Limko NV\",\"url\":\"https:\/\/www.limko.be\/fr\/\",\"logo\":{\"@type\":\"ImageObject\",\"inLanguage\":\"fr-FR\",\"@id\":\"https:\/\/www.limko.be\/fr\/#\/schema\/logo\/image\/\",\"url\":\"https:\/\/www.limko.be\/wp-content\/uploads\/2021\/10\/limko.png\",\"contentUrl\":\"https:\/\/www.limko.be\/wp-content\/uploads\/2021\/10\/limko.png\",\"width\":200,\"height\":200,\"caption\":\"Limko NV\"},\"image\":{\"@id\":\"https:\/\/www.limko.be\/fr\/#\/schema\/logo\/image\/\"},\"sameAs\":[\"https:\/\/www.facebook.com\/limkoNV\"]}]}<\/script>\n<!-- \/ Yoast SEO plugin. -->","yoast_head_json":{"title":"Visgraatmelkstal","robots":{"index":"index","follow":"follow","max-snippet":"max-snippet:-1","max-image-preview":"max-image-preview:large","max-video-preview":"max-video-preview:-1"},"canonical":"https:\/\/www.limko.be\/fr\/lelevage\/systemes-de-traite-de-sac\/salle-de-trait-en-epi\/","og_locale":"fr_FR","og_type":"article","og_title":"Visgraatmelkstal","og_description":"Gr\u00e2ce \u00e0 un syst\u00e8me de barri\u00e8res simple, les vaches trouvent rapidement leur place. Elles sont rel\u00e2ch\u00e9es en m\u00eame temps afin que la salle...","og_url":"https:\/\/www.limko.be\/fr\/lelevage\/systemes-de-traite-de-sac\/salle-de-trait-en-epi\/","og_site_name":"Limko.be","article_publisher":"https:\/\/www.facebook.com\/limkoNV","article_modified_time":"2021-10-06T15:07:00+00:00","og_image":[{"url":"https:\/\/www.limko.be\/wp-content\/uploads\/2021\/10\/30.png","type":"","width":"","height":""}],"twitter_card":"summary_large_image","twitter_misc":{"Dur\u00e9e de lecture estim\u00e9e":"1 minute"},"schema":{"@context":"https:\/\/schema.org","@graph":[{"@type":"WebPage","@id":"https:\/\/www.limko.be\/fr\/lelevage\/systemes-de-traite-de-sac\/salle-de-trait-en-epi\/","url":"https:\/\/www.limko.be\/fr\/lelevage\/systemes-de-traite-de-sac\/salle-de-trait-en-epi\/","name":"Visgraatmelkstal","isPartOf":{"@id":"https:\/\/www.limko.be\/fr\/#website"},"primaryImageOfPage":{"@id":"https:\/\/www.limko.be\/fr\/lelevage\/systemes-de-traite-de-sac\/salle-de-trait-en-epi\/#primaryimage"},"image":{"@id":"https:\/\/www.limko.be\/fr\/lelevage\/systemes-de-traite-de-sac\/salle-de-trait-en-epi\/#primaryimage"},"thumbnailUrl":"https:\/\/www.limko.be\/wp-content\/uploads\/2021\/10\/30.png","datePublished":"2021-10-02T14:52:35+00:00","dateModified":"2021-10-06T15:07:00+00:00","breadcrumb":{"@id":"https:\/\/www.limko.be\/fr\/lelevage\/systemes-de-traite-de-sac\/salle-de-trait-en-epi\/#breadcrumb"},"inLanguage":"fr-FR","potentialAction":[{"@type":"ReadAction","target":["https:\/\/www.limko.be\/fr\/lelevage\/systemes-de-traite-de-sac\/salle-de-trait-en-epi\/"]}]},{"@type":"ImageObject","inLanguage":"fr-FR","@id":"https:\/\/www.limko.be\/fr\/lelevage\/systemes-de-traite-de-sac\/salle-de-trait-en-epi\/#primaryimage","url":"https:\/\/www.limko.be\/wp-content\/uploads\/2021\/10\/30.png","contentUrl":"https:\/\/www.limko.be\/wp-content\/uploads\/2021\/10\/30.png"},{"@type":"BreadcrumbList","@id":"https:\/\/www.limko.be\/fr\/lelevage\/systemes-de-traite-de-sac\/salle-de-trait-en-epi\/#breadcrumb","itemListElement":[{"@type":"ListItem","position":1,"name":"Home","item":"https:\/\/www.limko.be\/fr\/"},{"@type":"ListItem","position":2,"name":"L&rsquo;elevage","item":"https:\/\/www.limko.be\/fr\/lelevage\/"},{"@type":"ListItem","position":3,"name":"Syst\u00e8mes de traite de SAC. &lsquo;Pour la vache, le lait et le trayeur&rsquo;","item":"https:\/\/www.limko.be\/fr\/lelevage\/systemes-de-traite-de-sac\/"},{"@type":"ListItem","position":4,"name":"Salle de trait en \u00e9pi 30\u00b0ou 60\u00b0"}]},{"@type":"WebSite","@id":"https:\/\/www.limko.be\/fr\/#website","url":"https:\/\/www.limko.be\/fr\/","name":"Limko.be","description":"Limko.be: klimatisatie, koeling en zuivelmachines","publisher":{"@id":"https:\/\/www.limko.be\/fr\/#organization"},"potentialAction":[{"@type":"SearchAction","target":{"@type":"EntryPoint","urlTemplate":"https:\/\/www.limko.be\/fr\/?s={search_term_string}"},"query-input":{"@type":"PropertyValueSpecification","valueRequired":true,"valueName":"search_term_string"}}],"inLanguage":"fr-FR"},{"@type":"Organization","@id":"https:\/\/www.limko.be\/fr\/#organization","name":"Limko NV","url":"https:\/\/www.limko.be\/fr\/","logo":{"@type":"ImageObject","inLanguage":"fr-FR","@id":"https:\/\/www.limko.be\/fr\/#\/schema\/logo\/image\/","url":"https:\/\/www.limko.be\/wp-content\/uploads\/2021\/10\/limko.png","contentUrl":"https:\/\/www.limko.be\/wp-content\/uploads\/2021\/10\/limko.png","width":200,"height":200,"caption":"Limko NV"},"image":{"@id":"https:\/\/www.limko.be\/fr\/#\/schema\/logo\/image\/"},"sameAs":["https:\/\/www.facebook.com\/limkoNV"]}]}},"_links":{"self":[{"href":"https:\/\/www.limko.be\/fr\/wp-json\/wp\/v2\/pages\/624","targetHints":{"allow":["GET"]}}],"collection":[{"href":"https:\/\/www.limko.be\/fr\/wp-json\/wp\/v2\/pages"}],"about":[{"href":"https:\/\/www.limko.be\/fr\/wp-json\/wp\/v2\/types\/page"}],"author":[{"embeddable":true,"href":"https:\/\/www.limko.be\/fr\/wp-json\/wp\/v2\/users\/1"}],"replies":[{"embeddable":true,"href":"https:\/\/www.limko.be\/fr\/wp-json\/wp\/v2\/comments?post=624"}],"version-history":[{"count":0,"href":"https:\/\/www.limko.be\/fr\/wp-json\/wp\/v2\/pages\/624\/revisions"}],"up":[{"embeddable":true,"href":"https:\/\/www.limko.be\/fr\/wp-json\/wp\/v2\/pages\/578"}],"wp:attachment":[{"href":"https:\/\/www.limko.be\/fr\/wp-json\/wp\/v2\/media?parent=624"}],"curies":[{"name":"wp","href":"https:\/\/api.w.org\/{rel}","templated":true}]}}