{"id":629,"date":"2021-10-02T16:53:26","date_gmt":"2021-10-02T14:53:26","guid":{"rendered":"https:\/\/www.limko.be\/lelevage\/systemes-de-gestion-delevage-de-nedap\/zeugen\/"},"modified":"2021-10-06T14:03:59","modified_gmt":"2021-10-06T12:03:59","slug":"truies","status":"publish","type":"page","link":"https:\/\/www.limko.be\/fr\/lelevage\/systemes-de-gestion-delevage-de-nedap\/truies\/","title":{"rendered":"Truies"},"content":{"rendered":"<p><img loading=\"lazy\" decoding=\"async\" class=\"size-medium wp-image-423 alignright\" src=\"https:\/\/www.limko.be\/wp-content\/uploads\/2021\/10\/zeugen-300x270.png\" alt=\"\" width=\"300\" height=\"270\" srcset=\"https:\/\/www.limko.be\/wp-content\/uploads\/2021\/10\/zeugen-300x270.png 300w, https:\/\/www.limko.be\/wp-content\/uploads\/2021\/10\/zeugen.png 419w\" sizes=\"auto, (max-width: 300px) 100vw, 300px\" \/>Nedap Velos propose des syst\u00e8mes de gestion qui vous soulage de votre travail. Le hard- et software de Velos engendre une meilleure gestion, un meilleur travail d\u2019\u00e9quipe et des r\u00e9sultats optimaux.<\/p>\n<h2>Avantages<\/h2>\n<p>&#8211; Facile \u00e0 l\u2019emploi. Vous pouvez imm\u00e9diatement vous y mettre. Le hard- et software de Velos est d\u00e9velopp\u00e9 par et pour des \u00e9leveurs de porcs et est test\u00e9 en d\u00e9tail.<br \/>\n&#8211; Fiable gr\u00e2ce \u00e0 un soutien direct d\u2019une \u00e9quipe de sp\u00e9cialistes<br \/>\n&#8211; Flexible car facile \u00e0 adapter \u00e0 vos n\u00e9cessit\u00e9s et \u00e0 l\u2019ampleur de votre entreprise<\/p>\n<h2>Syst\u00e8mes<\/h2>\n<p>&nbsp;<\/p>\n<h3>DISTRIBUTION D&rsquo;ALIMENTATION CONCENTRE (DAC) AVEC VELOS SOW FEEDING<\/h3>\n<p><img loading=\"lazy\" decoding=\"async\" class=\"size-medium wp-image-367 alignright\" src=\"https:\/\/www.limko.be\/wp-content\/uploads\/2021\/10\/ElectronicSowFeedingStation-300x213.png\" alt=\"\" width=\"300\" height=\"213\" srcset=\"https:\/\/www.limko.be\/wp-content\/uploads\/2021\/10\/ElectronicSowFeedingStation-300x213.png 300w, https:\/\/www.limko.be\/wp-content\/uploads\/2021\/10\/ElectronicSowFeedingStation.png 589w\" sizes=\"auto, (max-width: 300px) 100vw, 300px\" \/>&#8211; identifie les truies<br \/>\n&#8211; dose automatiquement d\u2019aliment<br \/>\n&#8211; \u00e9value la quantit\u00e9 et la composition de la nourriture<br \/>\n&#8211; fait correspondre la quantit\u00e9 d\u2019aliment au stade de la gestation, \u00e0 la condition de la truie, aux saisons et \u00e0 la vitesse d\u2019ingestion de la truie.<br \/>\n&#8211; soumet si la truie a absorb\u00e9 sa ration ou non<br \/>\n&#8211; ne n\u00e9cessite pas l\u2019introduction d\u2019\u00e9v\u00e8nements pr\u00e9visibles, uniquement une confirmation des faits constat\u00e9s<br \/>\n&#8211; fonctionne \u00e0 base d\u2019un r\u00e9glage g\u00e9n\u00e9rique avec lequel la gestion souhait\u00e9e de tous les truies est ex\u00e9cut\u00e9e jusqu\u2019au niveau individuel.<\/p>\n<p>&nbsp;<\/p>\n<h4>Avantages<\/h4>\n<p>&#8211; Vous stimulez votre production de porcelets: comme chaque truie re\u00e7oit la quantit\u00e9 exacte d\u2019aliment au bon moment, vos truies ne sont pas sous- ou suraliment\u00e9es. Elles se trouvent donc dans une condition optimale et stimule la production de porcelets.<br \/>\n&#8211; Vous \u00e9pargnez de l\u2019argent: un processus d\u2019alimentation ma\u00eetrisable a imm\u00e9diatement un effet positif sur les r\u00e9sultats d\u2019entreprise.<\/p>\n<p>&nbsp;<\/p>\n<h3><img loading=\"lazy\" decoding=\"async\" class=\"size-medium wp-image-395 alignright\" src=\"https:\/\/www.limko.be\/wp-content\/uploads\/2021\/10\/separation-unit_trans-300x157.png\" alt=\"\" width=\"300\" height=\"157\" srcset=\"https:\/\/www.limko.be\/wp-content\/uploads\/2021\/10\/separation-unit_trans-300x157.png 300w, https:\/\/www.limko.be\/wp-content\/uploads\/2021\/10\/separation-unit_trans.png 589w\" sizes=\"auto, (max-width: 300px) 100vw, 300px\" \/>SEPARATION AUTOMATIQUE AVEC VELOS SEPARATION UNIT<\/h3>\n<p>&#8211; S\u00e9pare les truies en gestation du groupe aux moments o\u00f9 vous le d\u00e9terminez;<br \/>\n&#8211; Contr\u00f4le et soumet combien et quelles truies sont s\u00e9par\u00e9es;<br \/>\n&#8211; Rend les truies reconnaissables par marquage;<br \/>\n&#8211; Les truies sans boucle sont automatiquement marqu\u00e9es et s\u00e9par\u00e9es;<\/p>\n<p>&nbsp;<\/p>\n<h4>Avantages<\/h4>\n<p>Vous \u00e9pargnez beaucoup de temps d\u2019une part vous ne devez plus s\u00e9parer les truies manuellement. D\u2019autre part vous ne devez plus v\u00e9rifier manuellement si les truies ont une boucle o\u00f9 non.<\/p>\n<p>Grace \u00e0 la s\u00e9paration centrale, vos animaux ne sont pas d\u00e9rang\u00e9s pendant qu\u2019ils mangent. La s\u00e9paration centrale impose une circulation \u00e0 sens unique.<br \/>\nLes animaux qui ont mang\u00e9s, sont emmen\u00e9s sans d\u00e9ranger les autres animaux.<\/p>\n<p>&nbsp;<\/p>\n<p><img loading=\"lazy\" decoding=\"async\" class=\"size-medium wp-image-359 alignright\" src=\"https:\/\/www.limko.be\/wp-content\/uploads\/2021\/10\/Berigheiddetectie_trans-190x300.png\" alt=\"\" width=\"190\" height=\"300\" srcset=\"https:\/\/www.limko.be\/wp-content\/uploads\/2021\/10\/Berigheiddetectie_trans-190x300.png 190w, https:\/\/www.limko.be\/wp-content\/uploads\/2021\/10\/Berigheiddetectie_trans.png 200w\" sizes=\"auto, (max-width: 190px) 100vw, 190px\" \/><\/p>\n<h3>DETECTION DE CHALEUR AVEC VELOS HEAT DETECTION<\/h3>\n<p>&#8211; D\u00e9tecte les truies qui sont en chaleur<br \/>\n&#8211; Signale la chaleur imm\u00e9diatement \u00e0 l\u2019\u00e9leveur de porcs<br \/>\n&#8211; Marque les truies qui sont en chaleur afin qu\u2019elles soient bien reconnaissables dans le groupe<br \/>\n&#8211; S\u00e9pare les truies \u00e0 l\u2019aide du Separation Unit<\/p>\n<p>&nbsp;<\/p>\n<h4>Avantages<\/h4>\n<p>Vous am\u00e9liorez votre production: les truies en chaleur sont rapidement d\u00e9couvertes, s\u00e9par\u00e9es et couvertes.<\/p>\n<p>Vous travaillez avec pr\u00e9cision et \u00e9pargnez du temps: v\u00e9rifier manuellement si des truies sont en chaleur est moins pr\u00e9cis et prend plus de temps.<\/p>\n<p>&nbsp;<\/p>\n<p class=\"cta\">Conseil gratuit ou offre sur mesure au 02\/395 85 00 ou via\u00a0<a href=\"mailto:info@limko.be\">info@limko.be<\/a><\/p>\n","protected":false},"excerpt":{"rendered":"<p>Nedap Velos propose des syst\u00e8mes de gestion qui vous soulage de votre travail. Le hard- et software de Velos engendre une meilleure gestion,&#8230;<\/p>\n","protected":false},"author":1,"featured_media":0,"parent":582,"menu_order":0,"comment_status":"closed","ping_status":"closed","template":"","meta":{"_acf_changed":false,"inline_featured_image":false,"footnotes":""},"class_list":["post-629","page","type-page","status-publish","hentry"],"acf":[],"yoast_head":"<!-- This site is optimized with the Yoast SEO plugin v27.0 - https:\/\/yoast.com\/product\/yoast-seo-wordpress\/ -->\n<title>Groepshuisvesting voor zeugen<\/title>\n<meta name=\"robots\" content=\"index, follow, max-snippet:-1, max-image-preview:large, max-video-preview:-1\" \/>\n<link rel=\"canonical\" href=\"https:\/\/www.limko.be\/fr\/lelevage\/systemes-de-gestion-delevage-de-nedap\/truies\/\" \/>\n<meta property=\"og:locale\" content=\"fr_FR\" \/>\n<meta property=\"og:type\" content=\"article\" \/>\n<meta property=\"og:title\" content=\"Groepshuisvesting voor zeugen\" \/>\n<meta property=\"og:description\" content=\"Nedap Velos propose des syst\u00e8mes de gestion qui vous soulage de votre travail. Le hard- et software de Velos engendre une meilleure gestion,...\" \/>\n<meta property=\"og:url\" content=\"https:\/\/www.limko.be\/fr\/lelevage\/systemes-de-gestion-delevage-de-nedap\/truies\/\" \/>\n<meta property=\"og:site_name\" content=\"Limko.be\" \/>\n<meta property=\"article:publisher\" content=\"https:\/\/www.facebook.com\/limkoNV\" \/>\n<meta property=\"article:modified_time\" content=\"2021-10-06T12:03:59+00:00\" \/>\n<meta property=\"og:image\" content=\"https:\/\/www.limko.be\/wp-content\/uploads\/2021\/10\/zeugen-300x270.png\" \/>\n<meta name=\"twitter:card\" content=\"summary_large_image\" \/>\n<meta name=\"twitter:label1\" content=\"Dur\u00e9e de lecture estim\u00e9e\" \/>\n\t<meta name=\"twitter:data1\" content=\"3 minutes\" \/>\n<script type=\"application\/ld+json\" class=\"yoast-schema-graph\">{\"@context\":\"https:\/\/schema.org\",\"@graph\":[{\"@type\":\"WebPage\",\"@id\":\"https:\/\/www.limko.be\/fr\/lelevage\/systemes-de-gestion-delevage-de-nedap\/truies\/\",\"url\":\"https:\/\/www.limko.be\/fr\/lelevage\/systemes-de-gestion-delevage-de-nedap\/truies\/\",\"name\":\"Groepshuisvesting voor zeugen\",\"isPartOf\":{\"@id\":\"https:\/\/www.limko.be\/fr\/#website\"},\"primaryImageOfPage\":{\"@id\":\"https:\/\/www.limko.be\/fr\/lelevage\/systemes-de-gestion-delevage-de-nedap\/truies\/#primaryimage\"},\"image\":{\"@id\":\"https:\/\/www.limko.be\/fr\/lelevage\/systemes-de-gestion-delevage-de-nedap\/truies\/#primaryimage\"},\"thumbnailUrl\":\"https:\/\/www.limko.be\/wp-content\/uploads\/2021\/10\/zeugen-300x270.png\",\"datePublished\":\"2021-10-02T14:53:26+00:00\",\"dateModified\":\"2021-10-06T12:03:59+00:00\",\"breadcrumb\":{\"@id\":\"https:\/\/www.limko.be\/fr\/lelevage\/systemes-de-gestion-delevage-de-nedap\/truies\/#breadcrumb\"},\"inLanguage\":\"fr-FR\",\"potentialAction\":[{\"@type\":\"ReadAction\",\"target\":[\"https:\/\/www.limko.be\/fr\/lelevage\/systemes-de-gestion-delevage-de-nedap\/truies\/\"]}]},{\"@type\":\"ImageObject\",\"inLanguage\":\"fr-FR\",\"@id\":\"https:\/\/www.limko.be\/fr\/lelevage\/systemes-de-gestion-delevage-de-nedap\/truies\/#primaryimage\",\"url\":\"https:\/\/www.limko.be\/wp-content\/uploads\/2021\/10\/zeugen-300x270.png\",\"contentUrl\":\"https:\/\/www.limko.be\/wp-content\/uploads\/2021\/10\/zeugen-300x270.png\"},{\"@type\":\"BreadcrumbList\",\"@id\":\"https:\/\/www.limko.be\/fr\/lelevage\/systemes-de-gestion-delevage-de-nedap\/truies\/#breadcrumb\",\"itemListElement\":[{\"@type\":\"ListItem\",\"position\":1,\"name\":\"Home\",\"item\":\"https:\/\/www.limko.be\/fr\/\"},{\"@type\":\"ListItem\",\"position\":2,\"name\":\"L&rsquo;elevage\",\"item\":\"https:\/\/www.limko.be\/fr\/lelevage\/\"},{\"@type\":\"ListItem\",\"position\":3,\"name\":\"Syst\u00e8mes de gestion d\u2019\u00e9levage complets de NEDAP\",\"item\":\"https:\/\/www.limko.be\/fr\/lelevage\/systemes-de-gestion-delevage-de-nedap\/\"},{\"@type\":\"ListItem\",\"position\":4,\"name\":\"Truies\"}]},{\"@type\":\"WebSite\",\"@id\":\"https:\/\/www.limko.be\/fr\/#website\",\"url\":\"https:\/\/www.limko.be\/fr\/\",\"name\":\"Limko.be\",\"description\":\"Limko.be: klimatisatie, koeling en zuivelmachines\",\"publisher\":{\"@id\":\"https:\/\/www.limko.be\/fr\/#organization\"},\"potentialAction\":[{\"@type\":\"SearchAction\",\"target\":{\"@type\":\"EntryPoint\",\"urlTemplate\":\"https:\/\/www.limko.be\/fr\/?s={search_term_string}\"},\"query-input\":{\"@type\":\"PropertyValueSpecification\",\"valueRequired\":true,\"valueName\":\"search_term_string\"}}],\"inLanguage\":\"fr-FR\"},{\"@type\":\"Organization\",\"@id\":\"https:\/\/www.limko.be\/fr\/#organization\",\"name\":\"Limko NV\",\"url\":\"https:\/\/www.limko.be\/fr\/\",\"logo\":{\"@type\":\"ImageObject\",\"inLanguage\":\"fr-FR\",\"@id\":\"https:\/\/www.limko.be\/fr\/#\/schema\/logo\/image\/\",\"url\":\"https:\/\/www.limko.be\/wp-content\/uploads\/2021\/10\/limko.png\",\"contentUrl\":\"https:\/\/www.limko.be\/wp-content\/uploads\/2021\/10\/limko.png\",\"width\":200,\"height\":200,\"caption\":\"Limko NV\"},\"image\":{\"@id\":\"https:\/\/www.limko.be\/fr\/#\/schema\/logo\/image\/\"},\"sameAs\":[\"https:\/\/www.facebook.com\/limkoNV\"]}]}<\/script>\n<!-- \/ Yoast SEO plugin. -->","yoast_head_json":{"title":"Groepshuisvesting voor zeugen","robots":{"index":"index","follow":"follow","max-snippet":"max-snippet:-1","max-image-preview":"max-image-preview:large","max-video-preview":"max-video-preview:-1"},"canonical":"https:\/\/www.limko.be\/fr\/lelevage\/systemes-de-gestion-delevage-de-nedap\/truies\/","og_locale":"fr_FR","og_type":"article","og_title":"Groepshuisvesting voor zeugen","og_description":"Nedap Velos propose des syst\u00e8mes de gestion qui vous soulage de votre travail. Le hard- et software de Velos engendre une meilleure gestion,...","og_url":"https:\/\/www.limko.be\/fr\/lelevage\/systemes-de-gestion-delevage-de-nedap\/truies\/","og_site_name":"Limko.be","article_publisher":"https:\/\/www.facebook.com\/limkoNV","article_modified_time":"2021-10-06T12:03:59+00:00","og_image":[{"url":"https:\/\/www.limko.be\/wp-content\/uploads\/2021\/10\/zeugen-300x270.png","type":"","width":"","height":""}],"twitter_card":"summary_large_image","twitter_misc":{"Dur\u00e9e de lecture estim\u00e9e":"3 minutes"},"schema":{"@context":"https:\/\/schema.org","@graph":[{"@type":"WebPage","@id":"https:\/\/www.limko.be\/fr\/lelevage\/systemes-de-gestion-delevage-de-nedap\/truies\/","url":"https:\/\/www.limko.be\/fr\/lelevage\/systemes-de-gestion-delevage-de-nedap\/truies\/","name":"Groepshuisvesting voor zeugen","isPartOf":{"@id":"https:\/\/www.limko.be\/fr\/#website"},"primaryImageOfPage":{"@id":"https:\/\/www.limko.be\/fr\/lelevage\/systemes-de-gestion-delevage-de-nedap\/truies\/#primaryimage"},"image":{"@id":"https:\/\/www.limko.be\/fr\/lelevage\/systemes-de-gestion-delevage-de-nedap\/truies\/#primaryimage"},"thumbnailUrl":"https:\/\/www.limko.be\/wp-content\/uploads\/2021\/10\/zeugen-300x270.png","datePublished":"2021-10-02T14:53:26+00:00","dateModified":"2021-10-06T12:03:59+00:00","breadcrumb":{"@id":"https:\/\/www.limko.be\/fr\/lelevage\/systemes-de-gestion-delevage-de-nedap\/truies\/#breadcrumb"},"inLanguage":"fr-FR","potentialAction":[{"@type":"ReadAction","target":["https:\/\/www.limko.be\/fr\/lelevage\/systemes-de-gestion-delevage-de-nedap\/truies\/"]}]},{"@type":"ImageObject","inLanguage":"fr-FR","@id":"https:\/\/www.limko.be\/fr\/lelevage\/systemes-de-gestion-delevage-de-nedap\/truies\/#primaryimage","url":"https:\/\/www.limko.be\/wp-content\/uploads\/2021\/10\/zeugen-300x270.png","contentUrl":"https:\/\/www.limko.be\/wp-content\/uploads\/2021\/10\/zeugen-300x270.png"},{"@type":"BreadcrumbList","@id":"https:\/\/www.limko.be\/fr\/lelevage\/systemes-de-gestion-delevage-de-nedap\/truies\/#breadcrumb","itemListElement":[{"@type":"ListItem","position":1,"name":"Home","item":"https:\/\/www.limko.be\/fr\/"},{"@type":"ListItem","position":2,"name":"L&rsquo;elevage","item":"https:\/\/www.limko.be\/fr\/lelevage\/"},{"@type":"ListItem","position":3,"name":"Syst\u00e8mes de gestion d\u2019\u00e9levage complets de NEDAP","item":"https:\/\/www.limko.be\/fr\/lelevage\/systemes-de-gestion-delevage-de-nedap\/"},{"@type":"ListItem","position":4,"name":"Truies"}]},{"@type":"WebSite","@id":"https:\/\/www.limko.be\/fr\/#website","url":"https:\/\/www.limko.be\/fr\/","name":"Limko.be","description":"Limko.be: klimatisatie, koeling en zuivelmachines","publisher":{"@id":"https:\/\/www.limko.be\/fr\/#organization"},"potentialAction":[{"@type":"SearchAction","target":{"@type":"EntryPoint","urlTemplate":"https:\/\/www.limko.be\/fr\/?s={search_term_string}"},"query-input":{"@type":"PropertyValueSpecification","valueRequired":true,"valueName":"search_term_string"}}],"inLanguage":"fr-FR"},{"@type":"Organization","@id":"https:\/\/www.limko.be\/fr\/#organization","name":"Limko NV","url":"https:\/\/www.limko.be\/fr\/","logo":{"@type":"ImageObject","inLanguage":"fr-FR","@id":"https:\/\/www.limko.be\/fr\/#\/schema\/logo\/image\/","url":"https:\/\/www.limko.be\/wp-content\/uploads\/2021\/10\/limko.png","contentUrl":"https:\/\/www.limko.be\/wp-content\/uploads\/2021\/10\/limko.png","width":200,"height":200,"caption":"Limko NV"},"image":{"@id":"https:\/\/www.limko.be\/fr\/#\/schema\/logo\/image\/"},"sameAs":["https:\/\/www.facebook.com\/limkoNV"]}]}},"_links":{"self":[{"href":"https:\/\/www.limko.be\/fr\/wp-json\/wp\/v2\/pages\/629","targetHints":{"allow":["GET"]}}],"collection":[{"href":"https:\/\/www.limko.be\/fr\/wp-json\/wp\/v2\/pages"}],"about":[{"href":"https:\/\/www.limko.be\/fr\/wp-json\/wp\/v2\/types\/page"}],"author":[{"embeddable":true,"href":"https:\/\/www.limko.be\/fr\/wp-json\/wp\/v2\/users\/1"}],"replies":[{"embeddable":true,"href":"https:\/\/www.limko.be\/fr\/wp-json\/wp\/v2\/comments?post=629"}],"version-history":[{"count":0,"href":"https:\/\/www.limko.be\/fr\/wp-json\/wp\/v2\/pages\/629\/revisions"}],"up":[{"embeddable":true,"href":"https:\/\/www.limko.be\/fr\/wp-json\/wp\/v2\/pages\/582"}],"wp:attachment":[{"href":"https:\/\/www.limko.be\/fr\/wp-json\/wp\/v2\/media?parent=629"}],"curies":[{"name":"wp","href":"https:\/\/api.w.org\/{rel}","templated":true}]}}