{"id":659,"date":"2020-11-01T17:31:15","date_gmt":"2020-11-01T15:31:15","guid":{"rendered":"https:\/\/www.limko.be\/sitemap\/"},"modified":"2020-11-01T17:31:15","modified_gmt":"2020-11-01T15:31:15","slug":"sitemap","status":"publish","type":"page","link":"https:\/\/www.limko.be\/fr\/sitemap\/","title":{"rendered":"Sitemap"},"content":{"rendered":"<div class=\"wsp-container\"><h2 class=\"wsp-pages-title\">Pages<\/h2>\n<ul class=\"wsp-pages-list\">\n<li class=\"page_item page-item-512 page_item_has_children\"><a href=\"https:\/\/www.limko.be\/fr\/climatisation\/\">Climatisation<\/a>\n<ul class='children'>\n\t<li class=\"page_item page-item-522\"><a href=\"https:\/\/www.limko.be\/fr\/climatisation\/climatisation\/\">Climatisation et pompes \u00e0 chaleur pour particuliers et entreprises<\/a><\/li>\n\t<li class=\"page_item page-item-528\"><a href=\"https:\/\/www.limko.be\/fr\/climatisation\/pompes-a-chaleur\/\">Pompes \u00e0 chaleur: \u00e9conomes, saines et \u00e9cologiques<\/a><\/li>\n<\/ul>\n<\/li>\n<li class=\"page_item page-item-655\"><a href=\"https:\/\/www.limko.be\/fr\/contact\/\">Contact<\/a><\/li>\n<li class=\"page_item page-item-646\"><a href=\"https:\/\/www.limko.be\/fr\/cookie-policy\/\">Cookie Policy<\/a><\/li>\n<li class=\"page_item page-item-642\"><a href=\"https:\/\/www.limko.be\/fr\/film\/\">Bedrijfsfilm<\/a><\/li>\n<li class=\"page_item page-item-508\"><a href=\"https:\/\/www.limko.be\/fr\/\">Home<\/a><\/li>\n<li class=\"page_item page-item-555 page_item_has_children\"><a href=\"https:\/\/www.limko.be\/fr\/lelevage\/\">L&rsquo;elevage<\/a>\n<ul class='children'>\n\t<li class=\"page_item page-item-595\"><a href=\"https:\/\/www.limko.be\/fr\/lelevage\/amenagement-detable-de-bruland\/\">Am\u00e9nagement d\u2019\u00e9table de Bruland<\/a><\/li>\n\t<li class=\"page_item page-item-586\"><a href=\"https:\/\/www.limko.be\/fr\/lelevage\/distributeurs-de-foerster\/\">Distributeurs de F\u00f6rster pour veaux, ch\u00e8vres et porcelets<\/a><\/li>\n\t<li class=\"page_item page-item-573\"><a href=\"https:\/\/www.limko.be\/fr\/lelevage\/recuperation-de-chaleur-ecolacteo\/\">R\u00e9cup\u00e9ration de chaleur optimale et rendement de refroidissement excellent pour votre tank \u00e0 lait<\/a><\/li>\n\t<li class=\"page_item page-item-582 page_item_has_children\"><a href=\"https:\/\/www.limko.be\/fr\/lelevage\/systemes-de-gestion-delevage-de-nedap\/\">Syst\u00e8mes de gestion d\u2019\u00e9levage complets de NEDAP<\/a>\n\t<ul class='children'>\n\t\t<li class=\"page_item page-item-636\"><a href=\"https:\/\/www.limko.be\/fr\/lelevage\/systemes-de-gestion-delevage-de-nedap\/lelevage-laitier\/\">L\u2019\u00e9levage laitier<\/a><\/li>\n\t\t<li class=\"page_item page-item-629\"><a href=\"https:\/\/www.limko.be\/fr\/lelevage\/systemes-de-gestion-delevage-de-nedap\/truies\/\">Truies<\/a><\/li>\n\t<\/ul>\n<\/li>\n\t<li class=\"page_item page-item-578 page_item_has_children\"><a href=\"https:\/\/www.limko.be\/fr\/lelevage\/systemes-de-traite-de-sac\/\">Syst\u00e8mes de traite de SAC. &lsquo;Pour la vache, le lait et le trayeur&rsquo;<\/a>\n\t<ul class='children'>\n\t\t<li class=\"page_item page-item-609\"><a href=\"https:\/\/www.limko.be\/fr\/lelevage\/systemes-de-traite-de-sac\/lelevage-laitier\/\">Carrousels<\/a><\/li>\n\t\t<li class=\"page_item page-item-624\"><a href=\"https:\/\/www.limko.be\/fr\/lelevage\/systemes-de-traite-de-sac\/salle-de-trait-en-epi\/\">Salle de trait en \u00e9pi 30\u00b0ou 60\u00b0<\/a><\/li>\n\t\t<li class=\"page_item page-item-617\"><a href=\"https:\/\/www.limko.be\/fr\/lelevage\/systemes-de-traite-de-sac\/salle-de-traite-cote-a-cote\/\">Salle de traite c\u00f4te \u00e0 c\u00f4te<\/a><\/li>\n\t<\/ul>\n<\/li>\n\t<li class=\"page_item page-item-590\"><a href=\"https:\/\/www.limko.be\/fr\/lelevage\/systemes-devacuation-de-fumier-de-joz\/\">Syst\u00e8mes d\u2019\u00e9vacuation de fumier de Joz<\/a><\/li>\n\t<li class=\"page_item page-item-561 page_item_has_children\"><a href=\"https:\/\/www.limko.be\/fr\/lelevage\/tanks-a-lait-de-serap\/\">Tanks \u00e0 lait de SERAP<\/a>\n\t<ul class='children'>\n\t\t<li class=\"page_item page-item-601\"><a href=\"https:\/\/www.limko.be\/fr\/lelevage\/tanks-a-lait-de-serap\/horizontale-tanks-serap-firstse\/\">Tank \u00e0 lait horizontal<\/a><\/li>\n\t\t<li class=\"page_item page-item-605\"><a href=\"https:\/\/www.limko.be\/fr\/lelevage\/tanks-a-lait-de-serap\/tank-a-lait-vertical\/\">Tank \u00e0 lait vertical<\/a><\/li>\n\t<\/ul>\n<\/li>\n\t<li class=\"page_item page-item-567\"><a href=\"https:\/\/www.limko.be\/fr\/lelevage\/tanks-a-lait-doccasion\/\">Tanks \u00e0 lait d\u2019occasion<\/a><\/li>\n<\/ul>\n<\/li>\n<li class=\"page_item page-item-657\"><a href=\"https:\/\/www.limko.be\/fr\/privacy-policy\/\">Privacy Policy<\/a><\/li>\n<li class=\"page_item page-item-534 page_item_has_children\"><a href=\"https:\/\/www.limko.be\/fr\/refroidissement\/\">Refroidissement<\/a>\n<ul class='children'>\n\t<li class=\"page_item page-item-539\"><a href=\"https:\/\/www.limko.be\/fr\/refroidissement\/centrales-a-eau-froide\/\">Centrales \u00e0 eau froide de Hyfra-Pedia<\/a><\/li>\n\t<li class=\"page_item page-item-549\"><a href=\"https:\/\/www.limko.be\/fr\/refroidissement\/chambres-froides\/\">Chambres froides<\/a><\/li>\n\t<li class=\"page_item page-item-544\"><a href=\"https:\/\/www.limko.be\/fr\/refroidissement\/refroidisseurs-deau-glacee\/\">Les refroidisseurs d\u2019eau glac\u00e9e de Sorema pour boulangeries et pour l\u2019industrie alimentaire<\/a><\/li>\n<\/ul>\n<\/li>\n<li class=\"page_item page-item-659\"><a href=\"https:\/\/www.limko.be\/fr\/sitemap\/\">Sitemap<\/a><\/li>\n<\/ul>\n<\/div>\n","protected":false},"excerpt":{"rendered":"","protected":false},"author":1,"featured_media":0,"parent":0,"menu_order":0,"comment_status":"closed","ping_status":"closed","template":"","meta":{"_acf_changed":false,"inline_featured_image":false,"footnotes":""},"class_list":["post-659","page","type-page","status-publish","hentry"],"acf":[],"yoast_head":"<!-- This site is optimized with the Yoast SEO plugin v27.0 - https:\/\/yoast.com\/product\/yoast-seo-wordpress\/ -->\n<title>Sitemap<\/title>\n<meta name=\"robots\" content=\"index, follow, max-snippet:-1, max-image-preview:large, max-video-preview:-1\" \/>\n<link rel=\"canonical\" href=\"https:\/\/www.limko.be\/fr\/sitemap\/\" \/>\n<meta property=\"og:locale\" content=\"fr_FR\" \/>\n<meta property=\"og:type\" content=\"article\" \/>\n<meta property=\"og:title\" content=\"Sitemap\" \/>\n<meta property=\"og:url\" content=\"https:\/\/www.limko.be\/fr\/sitemap\/\" \/>\n<meta property=\"og:site_name\" content=\"Limko.be\" \/>\n<meta property=\"article:publisher\" content=\"https:\/\/www.facebook.com\/limkoNV\" \/>\n<meta name=\"twitter:card\" content=\"summary_large_image\" \/>\n<script type=\"application\/ld+json\" class=\"yoast-schema-graph\">{\"@context\":\"https:\/\/schema.org\",\"@graph\":[{\"@type\":\"WebPage\",\"@id\":\"https:\/\/www.limko.be\/fr\/sitemap\/\",\"url\":\"https:\/\/www.limko.be\/fr\/sitemap\/\",\"name\":\"Sitemap\",\"isPartOf\":{\"@id\":\"https:\/\/www.limko.be\/fr\/#website\"},\"datePublished\":\"2020-11-01T15:31:15+00:00\",\"breadcrumb\":{\"@id\":\"https:\/\/www.limko.be\/fr\/sitemap\/#breadcrumb\"},\"inLanguage\":\"fr-FR\",\"potentialAction\":[{\"@type\":\"ReadAction\",\"target\":[\"https:\/\/www.limko.be\/fr\/sitemap\/\"]}]},{\"@type\":\"BreadcrumbList\",\"@id\":\"https:\/\/www.limko.be\/fr\/sitemap\/#breadcrumb\",\"itemListElement\":[{\"@type\":\"ListItem\",\"position\":1,\"name\":\"Home\",\"item\":\"https:\/\/www.limko.be\/fr\/\"},{\"@type\":\"ListItem\",\"position\":2,\"name\":\"Sitemap\"}]},{\"@type\":\"WebSite\",\"@id\":\"https:\/\/www.limko.be\/fr\/#website\",\"url\":\"https:\/\/www.limko.be\/fr\/\",\"name\":\"Limko.be\",\"description\":\"Limko.be: klimatisatie, koeling en zuivelmachines\",\"publisher\":{\"@id\":\"https:\/\/www.limko.be\/fr\/#organization\"},\"potentialAction\":[{\"@type\":\"SearchAction\",\"target\":{\"@type\":\"EntryPoint\",\"urlTemplate\":\"https:\/\/www.limko.be\/fr\/?s={search_term_string}\"},\"query-input\":{\"@type\":\"PropertyValueSpecification\",\"valueRequired\":true,\"valueName\":\"search_term_string\"}}],\"inLanguage\":\"fr-FR\"},{\"@type\":\"Organization\",\"@id\":\"https:\/\/www.limko.be\/fr\/#organization\",\"name\":\"Limko NV\",\"url\":\"https:\/\/www.limko.be\/fr\/\",\"logo\":{\"@type\":\"ImageObject\",\"inLanguage\":\"fr-FR\",\"@id\":\"https:\/\/www.limko.be\/fr\/#\/schema\/logo\/image\/\",\"url\":\"https:\/\/www.limko.be\/wp-content\/uploads\/2021\/10\/limko.png\",\"contentUrl\":\"https:\/\/www.limko.be\/wp-content\/uploads\/2021\/10\/limko.png\",\"width\":200,\"height\":200,\"caption\":\"Limko NV\"},\"image\":{\"@id\":\"https:\/\/www.limko.be\/fr\/#\/schema\/logo\/image\/\"},\"sameAs\":[\"https:\/\/www.facebook.com\/limkoNV\"]}]}<\/script>\n<!-- \/ Yoast SEO plugin. -->","yoast_head_json":{"title":"Sitemap","robots":{"index":"index","follow":"follow","max-snippet":"max-snippet:-1","max-image-preview":"max-image-preview:large","max-video-preview":"max-video-preview:-1"},"canonical":"https:\/\/www.limko.be\/fr\/sitemap\/","og_locale":"fr_FR","og_type":"article","og_title":"Sitemap","og_url":"https:\/\/www.limko.be\/fr\/sitemap\/","og_site_name":"Limko.be","article_publisher":"https:\/\/www.facebook.com\/limkoNV","twitter_card":"summary_large_image","schema":{"@context":"https:\/\/schema.org","@graph":[{"@type":"WebPage","@id":"https:\/\/www.limko.be\/fr\/sitemap\/","url":"https:\/\/www.limko.be\/fr\/sitemap\/","name":"Sitemap","isPartOf":{"@id":"https:\/\/www.limko.be\/fr\/#website"},"datePublished":"2020-11-01T15:31:15+00:00","breadcrumb":{"@id":"https:\/\/www.limko.be\/fr\/sitemap\/#breadcrumb"},"inLanguage":"fr-FR","potentialAction":[{"@type":"ReadAction","target":["https:\/\/www.limko.be\/fr\/sitemap\/"]}]},{"@type":"BreadcrumbList","@id":"https:\/\/www.limko.be\/fr\/sitemap\/#breadcrumb","itemListElement":[{"@type":"ListItem","position":1,"name":"Home","item":"https:\/\/www.limko.be\/fr\/"},{"@type":"ListItem","position":2,"name":"Sitemap"}]},{"@type":"WebSite","@id":"https:\/\/www.limko.be\/fr\/#website","url":"https:\/\/www.limko.be\/fr\/","name":"Limko.be","description":"Limko.be: klimatisatie, koeling en zuivelmachines","publisher":{"@id":"https:\/\/www.limko.be\/fr\/#organization"},"potentialAction":[{"@type":"SearchAction","target":{"@type":"EntryPoint","urlTemplate":"https:\/\/www.limko.be\/fr\/?s={search_term_string}"},"query-input":{"@type":"PropertyValueSpecification","valueRequired":true,"valueName":"search_term_string"}}],"inLanguage":"fr-FR"},{"@type":"Organization","@id":"https:\/\/www.limko.be\/fr\/#organization","name":"Limko NV","url":"https:\/\/www.limko.be\/fr\/","logo":{"@type":"ImageObject","inLanguage":"fr-FR","@id":"https:\/\/www.limko.be\/fr\/#\/schema\/logo\/image\/","url":"https:\/\/www.limko.be\/wp-content\/uploads\/2021\/10\/limko.png","contentUrl":"https:\/\/www.limko.be\/wp-content\/uploads\/2021\/10\/limko.png","width":200,"height":200,"caption":"Limko NV"},"image":{"@id":"https:\/\/www.limko.be\/fr\/#\/schema\/logo\/image\/"},"sameAs":["https:\/\/www.facebook.com\/limkoNV"]}]}},"_links":{"self":[{"href":"https:\/\/www.limko.be\/fr\/wp-json\/wp\/v2\/pages\/659","targetHints":{"allow":["GET"]}}],"collection":[{"href":"https:\/\/www.limko.be\/fr\/wp-json\/wp\/v2\/pages"}],"about":[{"href":"https:\/\/www.limko.be\/fr\/wp-json\/wp\/v2\/types\/page"}],"author":[{"embeddable":true,"href":"https:\/\/www.limko.be\/fr\/wp-json\/wp\/v2\/users\/1"}],"replies":[{"embeddable":true,"href":"https:\/\/www.limko.be\/fr\/wp-json\/wp\/v2\/comments?post=659"}],"version-history":[{"count":0,"href":"https:\/\/www.limko.be\/fr\/wp-json\/wp\/v2\/pages\/659\/revisions"}],"wp:attachment":[{"href":"https:\/\/www.limko.be\/fr\/wp-json\/wp\/v2\/media?parent=659"}],"curies":[{"name":"wp","href":"https:\/\/api.w.org\/{rel}","templated":true}]}}