{"id":100,"date":"2021-10-02T16:17:02","date_gmt":"2021-10-02T14:17:02","guid":{"rendered":"https:\/\/www.limko.be\/?page_id=100"},"modified":"2021-10-06T11:23:41","modified_gmt":"2021-10-06T09:23:41","slug":"airco","status":"publish","type":"page","link":"https:\/\/www.limko.be\/nl\/klimatisatie\/airco\/","title":{"rendered":"Airco en warmtepompen voor particulieren en bedrijven"},"content":{"rendered":"<h2>Airconditioning: elegant, stil en tochtvrij<\/h2>\n<p><img loading=\"lazy\" decoding=\"async\" class=\"size-medium wp-image-268 alignright\" src=\"https:\/\/www.limko.be\/wp-content\/uploads\/2021\/10\/airco2-300x204.jpg\" alt=\"\" width=\"300\" height=\"204\" srcset=\"https:\/\/www.limko.be\/wp-content\/uploads\/2021\/10\/airco2-300x204.jpg 300w, https:\/\/www.limko.be\/wp-content\/uploads\/2021\/10\/airco2.jpg 420w\" sizes=\"auto, (max-width: 300px) 100vw, 300px\" \/>Luidruchtige airco&#8217;s behoren voorgoed tot het verleden. Want vandaag is het perfect mogelijk om een aircotoestel zo te integreren in uw slaap, leef- of kantoorruimte dat het volstrekt onhoorbaar en onzichtbaar is.<\/p>\n<h2>Service &amp; aanbod<\/h2>\n<p>Samen met u maken we de juiste keuze uit ons gevarieerd aanbod. Bij ons vindt u toestellen met verschillende vermogens en in diverse uitvoeringen. U zal versteld staan van de vele mogelijkheden en combinaties.<\/p>\n<p>U heeft bij ons een ruime keuze in wand-, vloer- of inbouwtoestellen. Of u kan opteren voor het totaalpakket van climaclick. Met climaclick haalt u in \u00e9\u00e9n klap drie troeven in huis: luchtverversing, verwarming \u00e9n koeling met energiezuinige toestellen. Het systeem is volledig tochtvrij en geruisloos en wordt elegant ge\u00efntegreerd in een spanplafond.<\/p>\n<p>Wij werken met gekende merken als General, Panasonic en Dimplex.<\/p>\n<p class=\"cta\">Gratis advies of offerte op maat op 02\/395 85 00 of via\u00a0<a href=\"mailto:info@limko.be\">info@limko.be<\/a><\/p>\n","protected":false},"excerpt":{"rendered":"<p>Airconditioning: elegant, stil en tochtvrij Luidruchtige airco&#8217;s behoren voorgoed tot het verleden. Want vandaag is het perfect mogelijk om een aircotoestel zo te&#8230;<\/p>\n","protected":false},"author":1,"featured_media":0,"parent":98,"menu_order":0,"comment_status":"closed","ping_status":"closed","template":"","meta":{"_acf_changed":false,"inline_featured_image":false,"footnotes":""},"class_list":["post-100","page","type-page","status-publish","hentry"],"acf":[],"yoast_head":"<!-- This site is optimized with the Yoast SEO plugin v27.0 - https:\/\/yoast.com\/product\/yoast-seo-wordpress\/ -->\n<title>Airco<\/title>\n<meta name=\"robots\" content=\"index, follow, max-snippet:-1, max-image-preview:large, max-video-preview:-1\" \/>\n<link rel=\"canonical\" href=\"https:\/\/www.limko.be\/nl\/klimatisatie\/airco\/\" \/>\n<meta property=\"og:locale\" content=\"nl_NL\" \/>\n<meta property=\"og:type\" content=\"article\" \/>\n<meta property=\"og:title\" content=\"Airco\" \/>\n<meta property=\"og:description\" content=\"Airconditioning: elegant, stil en tochtvrij Luidruchtige airco&#8217;s behoren voorgoed tot het verleden. Want vandaag is het perfect mogelijk om een aircotoestel zo te...\" \/>\n<meta property=\"og:url\" content=\"https:\/\/www.limko.be\/nl\/klimatisatie\/airco\/\" \/>\n<meta property=\"og:site_name\" content=\"Limko.be\" \/>\n<meta property=\"article:publisher\" content=\"https:\/\/www.facebook.com\/limkoNV\" \/>\n<meta property=\"article:modified_time\" content=\"2021-10-06T09:23:41+00:00\" \/>\n<meta property=\"og:image\" content=\"https:\/\/www.limko.be\/wp-content\/uploads\/2021\/10\/airco2-300x204.jpg\" \/>\n<meta name=\"twitter:card\" content=\"summary_large_image\" \/>\n<meta name=\"twitter:label1\" content=\"Geschatte leestijd\" \/>\n\t<meta name=\"twitter:data1\" content=\"1 minuut\" \/>\n<script type=\"application\/ld+json\" class=\"yoast-schema-graph\">{\"@context\":\"https:\/\/schema.org\",\"@graph\":[{\"@type\":\"WebPage\",\"@id\":\"https:\/\/www.limko.be\/nl\/klimatisatie\/airco\/\",\"url\":\"https:\/\/www.limko.be\/nl\/klimatisatie\/airco\/\",\"name\":\"Airco\",\"isPartOf\":{\"@id\":\"https:\/\/www.limko.be\/nl\/#website\"},\"primaryImageOfPage\":{\"@id\":\"https:\/\/www.limko.be\/nl\/klimatisatie\/airco\/#primaryimage\"},\"image\":{\"@id\":\"https:\/\/www.limko.be\/nl\/klimatisatie\/airco\/#primaryimage\"},\"thumbnailUrl\":\"https:\/\/www.limko.be\/wp-content\/uploads\/2021\/10\/airco2-300x204.jpg\",\"datePublished\":\"2021-10-02T14:17:02+00:00\",\"dateModified\":\"2021-10-06T09:23:41+00:00\",\"breadcrumb\":{\"@id\":\"https:\/\/www.limko.be\/nl\/klimatisatie\/airco\/#breadcrumb\"},\"inLanguage\":\"nl-NL\",\"potentialAction\":[{\"@type\":\"ReadAction\",\"target\":[\"https:\/\/www.limko.be\/nl\/klimatisatie\/airco\/\"]}]},{\"@type\":\"ImageObject\",\"inLanguage\":\"nl-NL\",\"@id\":\"https:\/\/www.limko.be\/nl\/klimatisatie\/airco\/#primaryimage\",\"url\":\"https:\/\/www.limko.be\/wp-content\/uploads\/2021\/10\/airco2-300x204.jpg\",\"contentUrl\":\"https:\/\/www.limko.be\/wp-content\/uploads\/2021\/10\/airco2-300x204.jpg\"},{\"@type\":\"BreadcrumbList\",\"@id\":\"https:\/\/www.limko.be\/nl\/klimatisatie\/airco\/#breadcrumb\",\"itemListElement\":[{\"@type\":\"ListItem\",\"position\":1,\"name\":\"Home\",\"item\":\"https:\/\/www.limko.be\/nl\/\"},{\"@type\":\"ListItem\",\"position\":2,\"name\":\"Klimatisatie\",\"item\":\"https:\/\/www.limko.be\/nl\/klimatisatie\/\"},{\"@type\":\"ListItem\",\"position\":3,\"name\":\"Airco en warmtepompen voor particulieren en bedrijven\"}]},{\"@type\":\"WebSite\",\"@id\":\"https:\/\/www.limko.be\/nl\/#website\",\"url\":\"https:\/\/www.limko.be\/nl\/\",\"name\":\"Limko.be\",\"description\":\"Limko.be: klimatisatie, koeling en zuivelmachines\",\"publisher\":{\"@id\":\"https:\/\/www.limko.be\/nl\/#organization\"},\"potentialAction\":[{\"@type\":\"SearchAction\",\"target\":{\"@type\":\"EntryPoint\",\"urlTemplate\":\"https:\/\/www.limko.be\/nl\/?s={search_term_string}\"},\"query-input\":{\"@type\":\"PropertyValueSpecification\",\"valueRequired\":true,\"valueName\":\"search_term_string\"}}],\"inLanguage\":\"nl-NL\"},{\"@type\":\"Organization\",\"@id\":\"https:\/\/www.limko.be\/nl\/#organization\",\"name\":\"Limko NV\",\"url\":\"https:\/\/www.limko.be\/nl\/\",\"logo\":{\"@type\":\"ImageObject\",\"inLanguage\":\"nl-NL\",\"@id\":\"https:\/\/www.limko.be\/nl\/#\/schema\/logo\/image\/\",\"url\":\"https:\/\/www.limko.be\/wp-content\/uploads\/2021\/10\/limko.png\",\"contentUrl\":\"https:\/\/www.limko.be\/wp-content\/uploads\/2021\/10\/limko.png\",\"width\":200,\"height\":200,\"caption\":\"Limko NV\"},\"image\":{\"@id\":\"https:\/\/www.limko.be\/nl\/#\/schema\/logo\/image\/\"},\"sameAs\":[\"https:\/\/www.facebook.com\/limkoNV\"]}]}<\/script>\n<!-- \/ Yoast SEO plugin. -->","yoast_head_json":{"title":"Airco","robots":{"index":"index","follow":"follow","max-snippet":"max-snippet:-1","max-image-preview":"max-image-preview:large","max-video-preview":"max-video-preview:-1"},"canonical":"https:\/\/www.limko.be\/nl\/klimatisatie\/airco\/","og_locale":"nl_NL","og_type":"article","og_title":"Airco","og_description":"Airconditioning: elegant, stil en tochtvrij Luidruchtige airco&#8217;s behoren voorgoed tot het verleden. Want vandaag is het perfect mogelijk om een aircotoestel zo te...","og_url":"https:\/\/www.limko.be\/nl\/klimatisatie\/airco\/","og_site_name":"Limko.be","article_publisher":"https:\/\/www.facebook.com\/limkoNV","article_modified_time":"2021-10-06T09:23:41+00:00","og_image":[{"url":"https:\/\/www.limko.be\/wp-content\/uploads\/2021\/10\/airco2-300x204.jpg","type":"","width":"","height":""}],"twitter_card":"summary_large_image","twitter_misc":{"Geschatte leestijd":"1 minuut"},"schema":{"@context":"https:\/\/schema.org","@graph":[{"@type":"WebPage","@id":"https:\/\/www.limko.be\/nl\/klimatisatie\/airco\/","url":"https:\/\/www.limko.be\/nl\/klimatisatie\/airco\/","name":"Airco","isPartOf":{"@id":"https:\/\/www.limko.be\/nl\/#website"},"primaryImageOfPage":{"@id":"https:\/\/www.limko.be\/nl\/klimatisatie\/airco\/#primaryimage"},"image":{"@id":"https:\/\/www.limko.be\/nl\/klimatisatie\/airco\/#primaryimage"},"thumbnailUrl":"https:\/\/www.limko.be\/wp-content\/uploads\/2021\/10\/airco2-300x204.jpg","datePublished":"2021-10-02T14:17:02+00:00","dateModified":"2021-10-06T09:23:41+00:00","breadcrumb":{"@id":"https:\/\/www.limko.be\/nl\/klimatisatie\/airco\/#breadcrumb"},"inLanguage":"nl-NL","potentialAction":[{"@type":"ReadAction","target":["https:\/\/www.limko.be\/nl\/klimatisatie\/airco\/"]}]},{"@type":"ImageObject","inLanguage":"nl-NL","@id":"https:\/\/www.limko.be\/nl\/klimatisatie\/airco\/#primaryimage","url":"https:\/\/www.limko.be\/wp-content\/uploads\/2021\/10\/airco2-300x204.jpg","contentUrl":"https:\/\/www.limko.be\/wp-content\/uploads\/2021\/10\/airco2-300x204.jpg"},{"@type":"BreadcrumbList","@id":"https:\/\/www.limko.be\/nl\/klimatisatie\/airco\/#breadcrumb","itemListElement":[{"@type":"ListItem","position":1,"name":"Home","item":"https:\/\/www.limko.be\/nl\/"},{"@type":"ListItem","position":2,"name":"Klimatisatie","item":"https:\/\/www.limko.be\/nl\/klimatisatie\/"},{"@type":"ListItem","position":3,"name":"Airco en warmtepompen voor particulieren en bedrijven"}]},{"@type":"WebSite","@id":"https:\/\/www.limko.be\/nl\/#website","url":"https:\/\/www.limko.be\/nl\/","name":"Limko.be","description":"Limko.be: klimatisatie, koeling en zuivelmachines","publisher":{"@id":"https:\/\/www.limko.be\/nl\/#organization"},"potentialAction":[{"@type":"SearchAction","target":{"@type":"EntryPoint","urlTemplate":"https:\/\/www.limko.be\/nl\/?s={search_term_string}"},"query-input":{"@type":"PropertyValueSpecification","valueRequired":true,"valueName":"search_term_string"}}],"inLanguage":"nl-NL"},{"@type":"Organization","@id":"https:\/\/www.limko.be\/nl\/#organization","name":"Limko NV","url":"https:\/\/www.limko.be\/nl\/","logo":{"@type":"ImageObject","inLanguage":"nl-NL","@id":"https:\/\/www.limko.be\/nl\/#\/schema\/logo\/image\/","url":"https:\/\/www.limko.be\/wp-content\/uploads\/2021\/10\/limko.png","contentUrl":"https:\/\/www.limko.be\/wp-content\/uploads\/2021\/10\/limko.png","width":200,"height":200,"caption":"Limko NV"},"image":{"@id":"https:\/\/www.limko.be\/nl\/#\/schema\/logo\/image\/"},"sameAs":["https:\/\/www.facebook.com\/limkoNV"]}]}},"_links":{"self":[{"href":"https:\/\/www.limko.be\/nl\/wp-json\/wp\/v2\/pages\/100","targetHints":{"allow":["GET"]}}],"collection":[{"href":"https:\/\/www.limko.be\/nl\/wp-json\/wp\/v2\/pages"}],"about":[{"href":"https:\/\/www.limko.be\/nl\/wp-json\/wp\/v2\/types\/page"}],"author":[{"embeddable":true,"href":"https:\/\/www.limko.be\/nl\/wp-json\/wp\/v2\/users\/1"}],"replies":[{"embeddable":true,"href":"https:\/\/www.limko.be\/nl\/wp-json\/wp\/v2\/comments?post=100"}],"version-history":[{"count":0,"href":"https:\/\/www.limko.be\/nl\/wp-json\/wp\/v2\/pages\/100\/revisions"}],"up":[{"embeddable":true,"href":"https:\/\/www.limko.be\/nl\/wp-json\/wp\/v2\/pages\/98"}],"wp:attachment":[{"href":"https:\/\/www.limko.be\/nl\/wp-json\/wp\/v2\/media?parent=100"}],"curies":[{"name":"wp","href":"https:\/\/api.w.org\/{rel}","templated":true}]}}