{"id":122,"date":"2021-10-02T16:47:49","date_gmt":"2021-10-02T14:47:49","guid":{"rendered":"https:\/\/www.limko.be\/?page_id=122"},"modified":"2021-10-06T08:38:53","modified_gmt":"2021-10-06T06:38:53","slug":"warmterecuperatie","status":"publish","type":"page","link":"https:\/\/www.limko.be\/nl\/veehouderij\/warmterecuperatie\/","title":{"rendered":"Optimale warmterecuperatie en uitstekend koelrendement voor uw melkkoeltank"},"content":{"rendered":"<p>Met het warmterecuperatiesysteem van Ecolacteo optimaliseert u de warmterecuperatie, het koelrendement en het elektrisch verbruik van uw melkkoeltank.<\/p>\n<h2>Werkwijze<\/h2>\n<p>Warmen en koelen in \u00e9\u00e9n koelcyclus.<br \/>\nDe warmtepomp van Ecolacteo onttrekt alle warmte uit de melk en transporteert die integraal naar de wateropslagruimte. De debietregelaar garandeert een watertemperatuur van 50 tot 55\u00b0C aan de uitgang van de warmtewisselaar. Het water in het opslagvat warmt snel op ongeacht de omgevingstemperatuur.<br \/>\nAls het water volledig op temperatuur is, start(en) de ventilator(en). De thermostaat activeert de condensor, de condensatiedruk en het elektrisch verbruik dalen en het koelrendement verhoogt.<\/p>\n<div><img loading=\"lazy\" decoding=\"async\" class=\"alignnone wp-image-280 size-large\" src=\"https:\/\/www.limko.be\/wp-content\/uploads\/2021\/10\/koelrendement-1024x416.png\" alt=\"\" width=\"1024\" height=\"416\" srcset=\"https:\/\/www.limko.be\/wp-content\/uploads\/2021\/10\/koelrendement-1024x416.png 1024w, https:\/\/www.limko.be\/wp-content\/uploads\/2021\/10\/koelrendement-300x122.png 300w, https:\/\/www.limko.be\/wp-content\/uploads\/2021\/10\/koelrendement-768x312.png 768w, https:\/\/www.limko.be\/wp-content\/uploads\/2021\/10\/koelrendement.png 1461w\" sizes=\"auto, (max-width: 1024px) 100vw, 1024px\" \/><\/div>\n<h2>Voordelen<\/h2>\n<h3>RECUPEREERT SNEL DE VOLLEDIGE HOEVEELHEID WARMTE<\/h3>\n<p><span lang=\"NL\">&#8211;\u00a0<\/span>E\u00e9n liter gekoelde melk = \u00e9\u00e9n liter warm water<\/p>\n<h3>GARANDEERT DE MELKVEEHOUDER:<\/h3>\n<p><span lang=\"NL\">&#8211;\u00a0<\/span>Meer warm water onmiddellijk na de start van de melkbeurt<span lang=\"NL\"><br \/>\n&#8211;\u00a0<\/span>Warm water in alle seizoenen, zelfs in periodes met minder melk<span lang=\"NL\"><br \/>\n&#8211;\u00a0<\/span>Hoog koeltechnisch rendement<\/p>\n<h3>PAST ZICH AUTOMATISCH AAN AAN DE BEDRIJFSOMSTANDIGHEDEN<\/h3>\n<p>&#8211; Bij weinig waterverbruik werkt de warmtepomp minder lang<br \/>\n&#8211; Bij grote melkhoeveelheid schakelt het systeem snel om naar koeling<\/p>\n<h2>Het product<\/h2>\n<p>Ecolacteo biedt drie modules tot koelgroepen van 15 pk voor muur- of vloerbevestiging, of opslagvaten voor warm water van 300, 500, 750 of 1000 liter<\/p>\n<p><img loading=\"lazy\" decoding=\"async\" class=\"alignnone size-full wp-image-300\" src=\"https:\/\/www.limko.be\/wp-content\/uploads\/2021\/10\/warmterecup1.png\" alt=\"\" width=\"170\" height=\"297\" \/><img loading=\"lazy\" decoding=\"async\" class=\"alignnone wp-image-283 size-full\" src=\"https:\/\/www.limko.be\/wp-content\/uploads\/2021\/10\/opslagvaten_ww.png\" alt=\"\" width=\"150\" height=\"336\" srcset=\"https:\/\/www.limko.be\/wp-content\/uploads\/2021\/10\/opslagvaten_ww.png 150w, https:\/\/www.limko.be\/wp-content\/uploads\/2021\/10\/opslagvaten_ww-134x300.png 134w\" sizes=\"auto, (max-width: 150px) 100vw, 150px\" \/><img loading=\"lazy\" decoding=\"async\" class=\"alignnone size-full wp-image-301\" src=\"https:\/\/www.limko.be\/wp-content\/uploads\/2021\/10\/warmterecup2.png\" alt=\"\" width=\"178\" height=\"283\" \/><\/p>\n<p class=\"cta\">Gratis advies of offerte op maat op 02\/395 85 00 of via\u00a0<a href=\"mailto:limko@limko.be\">limko@limko.be<\/a><\/p>\n","protected":false},"excerpt":{"rendered":"<p>Met het warmterecuperatiesysteem van Ecolacteo optimaliseert u de warmterecuperatie, het koelrendement en het elektrisch verbruik van uw melkkoeltank. Werkwijze Warmen en koelen in&#8230;<\/p>\n","protected":false},"author":1,"featured_media":0,"parent":112,"menu_order":0,"comment_status":"closed","ping_status":"closed","template":"","meta":{"_acf_changed":false,"inline_featured_image":false,"footnotes":""},"class_list":["post-122","page","type-page","status-publish","hentry"],"acf":[],"yoast_head":"<!-- This site is optimized with the Yoast SEO plugin v27.0 - https:\/\/yoast.com\/product\/yoast-seo-wordpress\/ -->\n<title>Warmterecuperatie ECOLACTEO<\/title>\n<meta name=\"robots\" content=\"index, follow, max-snippet:-1, max-image-preview:large, max-video-preview:-1\" \/>\n<link rel=\"canonical\" href=\"https:\/\/www.limko.be\/nl\/veehouderij\/warmterecuperatie\/\" \/>\n<meta property=\"og:locale\" content=\"nl_NL\" \/>\n<meta property=\"og:type\" content=\"article\" \/>\n<meta property=\"og:title\" content=\"Warmterecuperatie ECOLACTEO\" \/>\n<meta property=\"og:description\" content=\"Met het warmterecuperatiesysteem van Ecolacteo optimaliseert u de warmterecuperatie, het koelrendement en het elektrisch verbruik van uw melkkoeltank. Werkwijze Warmen en koelen in...\" \/>\n<meta property=\"og:url\" content=\"https:\/\/www.limko.be\/nl\/veehouderij\/warmterecuperatie\/\" \/>\n<meta property=\"og:site_name\" content=\"Limko.be\" \/>\n<meta property=\"article:publisher\" content=\"https:\/\/www.facebook.com\/limkoNV\" \/>\n<meta property=\"article:modified_time\" content=\"2021-10-06T06:38:53+00:00\" \/>\n<meta property=\"og:image\" content=\"https:\/\/www.limko.be\/wp-content\/uploads\/2021\/10\/koelrendement-1024x416.png\" \/>\n<meta name=\"twitter:card\" content=\"summary_large_image\" \/>\n<meta name=\"twitter:label1\" content=\"Geschatte leestijd\" \/>\n\t<meta name=\"twitter:data1\" content=\"1 minuut\" \/>\n<script type=\"application\/ld+json\" class=\"yoast-schema-graph\">{\"@context\":\"https:\/\/schema.org\",\"@graph\":[{\"@type\":\"WebPage\",\"@id\":\"https:\/\/www.limko.be\/nl\/veehouderij\/warmterecuperatie\/\",\"url\":\"https:\/\/www.limko.be\/nl\/veehouderij\/warmterecuperatie\/\",\"name\":\"Warmterecuperatie ECOLACTEO\",\"isPartOf\":{\"@id\":\"https:\/\/www.limko.be\/nl\/#website\"},\"primaryImageOfPage\":{\"@id\":\"https:\/\/www.limko.be\/nl\/veehouderij\/warmterecuperatie\/#primaryimage\"},\"image\":{\"@id\":\"https:\/\/www.limko.be\/nl\/veehouderij\/warmterecuperatie\/#primaryimage\"},\"thumbnailUrl\":\"https:\/\/www.limko.be\/wp-content\/uploads\/2021\/10\/koelrendement-1024x416.png\",\"datePublished\":\"2021-10-02T14:47:49+00:00\",\"dateModified\":\"2021-10-06T06:38:53+00:00\",\"breadcrumb\":{\"@id\":\"https:\/\/www.limko.be\/nl\/veehouderij\/warmterecuperatie\/#breadcrumb\"},\"inLanguage\":\"nl-NL\",\"potentialAction\":[{\"@type\":\"ReadAction\",\"target\":[\"https:\/\/www.limko.be\/nl\/veehouderij\/warmterecuperatie\/\"]}]},{\"@type\":\"ImageObject\",\"inLanguage\":\"nl-NL\",\"@id\":\"https:\/\/www.limko.be\/nl\/veehouderij\/warmterecuperatie\/#primaryimage\",\"url\":\"https:\/\/www.limko.be\/wp-content\/uploads\/2021\/10\/koelrendement-1024x416.png\",\"contentUrl\":\"https:\/\/www.limko.be\/wp-content\/uploads\/2021\/10\/koelrendement-1024x416.png\"},{\"@type\":\"BreadcrumbList\",\"@id\":\"https:\/\/www.limko.be\/nl\/veehouderij\/warmterecuperatie\/#breadcrumb\",\"itemListElement\":[{\"@type\":\"ListItem\",\"position\":1,\"name\":\"Home\",\"item\":\"https:\/\/www.limko.be\/nl\/\"},{\"@type\":\"ListItem\",\"position\":2,\"name\":\"Totaalpakket voor de veehouderij\",\"item\":\"https:\/\/www.limko.be\/nl\/veehouderij\/\"},{\"@type\":\"ListItem\",\"position\":3,\"name\":\"Optimale warmterecuperatie en uitstekend koelrendement voor uw melkkoeltank\"}]},{\"@type\":\"WebSite\",\"@id\":\"https:\/\/www.limko.be\/nl\/#website\",\"url\":\"https:\/\/www.limko.be\/nl\/\",\"name\":\"Limko.be\",\"description\":\"Limko.be: klimatisatie, koeling en zuivelmachines\",\"publisher\":{\"@id\":\"https:\/\/www.limko.be\/nl\/#organization\"},\"potentialAction\":[{\"@type\":\"SearchAction\",\"target\":{\"@type\":\"EntryPoint\",\"urlTemplate\":\"https:\/\/www.limko.be\/nl\/?s={search_term_string}\"},\"query-input\":{\"@type\":\"PropertyValueSpecification\",\"valueRequired\":true,\"valueName\":\"search_term_string\"}}],\"inLanguage\":\"nl-NL\"},{\"@type\":\"Organization\",\"@id\":\"https:\/\/www.limko.be\/nl\/#organization\",\"name\":\"Limko NV\",\"url\":\"https:\/\/www.limko.be\/nl\/\",\"logo\":{\"@type\":\"ImageObject\",\"inLanguage\":\"nl-NL\",\"@id\":\"https:\/\/www.limko.be\/nl\/#\/schema\/logo\/image\/\",\"url\":\"https:\/\/www.limko.be\/wp-content\/uploads\/2021\/10\/limko.png\",\"contentUrl\":\"https:\/\/www.limko.be\/wp-content\/uploads\/2021\/10\/limko.png\",\"width\":200,\"height\":200,\"caption\":\"Limko NV\"},\"image\":{\"@id\":\"https:\/\/www.limko.be\/nl\/#\/schema\/logo\/image\/\"},\"sameAs\":[\"https:\/\/www.facebook.com\/limkoNV\"]}]}<\/script>\n<!-- \/ Yoast SEO plugin. -->","yoast_head_json":{"title":"Warmterecuperatie ECOLACTEO","robots":{"index":"index","follow":"follow","max-snippet":"max-snippet:-1","max-image-preview":"max-image-preview:large","max-video-preview":"max-video-preview:-1"},"canonical":"https:\/\/www.limko.be\/nl\/veehouderij\/warmterecuperatie\/","og_locale":"nl_NL","og_type":"article","og_title":"Warmterecuperatie ECOLACTEO","og_description":"Met het warmterecuperatiesysteem van Ecolacteo optimaliseert u de warmterecuperatie, het koelrendement en het elektrisch verbruik van uw melkkoeltank. Werkwijze Warmen en koelen in...","og_url":"https:\/\/www.limko.be\/nl\/veehouderij\/warmterecuperatie\/","og_site_name":"Limko.be","article_publisher":"https:\/\/www.facebook.com\/limkoNV","article_modified_time":"2021-10-06T06:38:53+00:00","og_image":[{"url":"https:\/\/www.limko.be\/wp-content\/uploads\/2021\/10\/koelrendement-1024x416.png","type":"","width":"","height":""}],"twitter_card":"summary_large_image","twitter_misc":{"Geschatte leestijd":"1 minuut"},"schema":{"@context":"https:\/\/schema.org","@graph":[{"@type":"WebPage","@id":"https:\/\/www.limko.be\/nl\/veehouderij\/warmterecuperatie\/","url":"https:\/\/www.limko.be\/nl\/veehouderij\/warmterecuperatie\/","name":"Warmterecuperatie ECOLACTEO","isPartOf":{"@id":"https:\/\/www.limko.be\/nl\/#website"},"primaryImageOfPage":{"@id":"https:\/\/www.limko.be\/nl\/veehouderij\/warmterecuperatie\/#primaryimage"},"image":{"@id":"https:\/\/www.limko.be\/nl\/veehouderij\/warmterecuperatie\/#primaryimage"},"thumbnailUrl":"https:\/\/www.limko.be\/wp-content\/uploads\/2021\/10\/koelrendement-1024x416.png","datePublished":"2021-10-02T14:47:49+00:00","dateModified":"2021-10-06T06:38:53+00:00","breadcrumb":{"@id":"https:\/\/www.limko.be\/nl\/veehouderij\/warmterecuperatie\/#breadcrumb"},"inLanguage":"nl-NL","potentialAction":[{"@type":"ReadAction","target":["https:\/\/www.limko.be\/nl\/veehouderij\/warmterecuperatie\/"]}]},{"@type":"ImageObject","inLanguage":"nl-NL","@id":"https:\/\/www.limko.be\/nl\/veehouderij\/warmterecuperatie\/#primaryimage","url":"https:\/\/www.limko.be\/wp-content\/uploads\/2021\/10\/koelrendement-1024x416.png","contentUrl":"https:\/\/www.limko.be\/wp-content\/uploads\/2021\/10\/koelrendement-1024x416.png"},{"@type":"BreadcrumbList","@id":"https:\/\/www.limko.be\/nl\/veehouderij\/warmterecuperatie\/#breadcrumb","itemListElement":[{"@type":"ListItem","position":1,"name":"Home","item":"https:\/\/www.limko.be\/nl\/"},{"@type":"ListItem","position":2,"name":"Totaalpakket voor de veehouderij","item":"https:\/\/www.limko.be\/nl\/veehouderij\/"},{"@type":"ListItem","position":3,"name":"Optimale warmterecuperatie en uitstekend koelrendement voor uw melkkoeltank"}]},{"@type":"WebSite","@id":"https:\/\/www.limko.be\/nl\/#website","url":"https:\/\/www.limko.be\/nl\/","name":"Limko.be","description":"Limko.be: klimatisatie, koeling en zuivelmachines","publisher":{"@id":"https:\/\/www.limko.be\/nl\/#organization"},"potentialAction":[{"@type":"SearchAction","target":{"@type":"EntryPoint","urlTemplate":"https:\/\/www.limko.be\/nl\/?s={search_term_string}"},"query-input":{"@type":"PropertyValueSpecification","valueRequired":true,"valueName":"search_term_string"}}],"inLanguage":"nl-NL"},{"@type":"Organization","@id":"https:\/\/www.limko.be\/nl\/#organization","name":"Limko NV","url":"https:\/\/www.limko.be\/nl\/","logo":{"@type":"ImageObject","inLanguage":"nl-NL","@id":"https:\/\/www.limko.be\/nl\/#\/schema\/logo\/image\/","url":"https:\/\/www.limko.be\/wp-content\/uploads\/2021\/10\/limko.png","contentUrl":"https:\/\/www.limko.be\/wp-content\/uploads\/2021\/10\/limko.png","width":200,"height":200,"caption":"Limko NV"},"image":{"@id":"https:\/\/www.limko.be\/nl\/#\/schema\/logo\/image\/"},"sameAs":["https:\/\/www.facebook.com\/limkoNV"]}]}},"_links":{"self":[{"href":"https:\/\/www.limko.be\/nl\/wp-json\/wp\/v2\/pages\/122","targetHints":{"allow":["GET"]}}],"collection":[{"href":"https:\/\/www.limko.be\/nl\/wp-json\/wp\/v2\/pages"}],"about":[{"href":"https:\/\/www.limko.be\/nl\/wp-json\/wp\/v2\/types\/page"}],"author":[{"embeddable":true,"href":"https:\/\/www.limko.be\/nl\/wp-json\/wp\/v2\/users\/1"}],"replies":[{"embeddable":true,"href":"https:\/\/www.limko.be\/nl\/wp-json\/wp\/v2\/comments?post=122"}],"version-history":[{"count":0,"href":"https:\/\/www.limko.be\/nl\/wp-json\/wp\/v2\/pages\/122\/revisions"}],"up":[{"embeddable":true,"href":"https:\/\/www.limko.be\/nl\/wp-json\/wp\/v2\/pages\/112"}],"wp:attachment":[{"href":"https:\/\/www.limko.be\/nl\/wp-json\/wp\/v2\/media?parent=122"}],"curies":[{"name":"wp","href":"https:\/\/api.w.org\/{rel}","templated":true}]}}